{"id":10173,"date":"2024-06-17T10:36:11","date_gmt":"2024-06-17T08:36:11","guid":{"rendered":"https:\/\/juvigo.de\/magazin\/?page_id=10173"},"modified":"2024-06-24T15:19:55","modified_gmt":"2024-06-24T13:19:55","slug":"preis-leistung","status":"publish","type":"page","link":"https:\/\/juvigo.de\/magazin\/preis-leistung\/","title":{"rendered":"Tiefpreisgarantie"},"content":{"rendered":"\n<h2 class=\"wp-block-heading\">Garantiert g\u00fcnstig: Was ist die Juvigo-Tiefpreisgarantie?<\/h2>\n\n\n\n<div class=\"wp-block-columns is-layout-flex wp-container-core-columns-is-layout-1 wp-block-columns-is-layout-flex\">\n<div class=\"wp-block-column is-layout-flow wp-block-column-is-layout-flow\" style=\"flex-basis:66.66%\">\n<p>Nutzt unsere praktische Suchfunktion und findet euer Feriencamp! Wir haben f\u00fcr euch die Feriencamps mit dem besten Preis-Leistungsverh\u00e4ltnis bereitgestellt. Bei uns bucht ihr euer Feriencamp immer zum g\u00fcnstigsten Preis \u2013 in Echtzeit.<br>Ehrliche und faire Preise sind uns besonders wichtig. Ihr habt dennoch am Tag der Buchung ein Feriencamp mit identischen Leistungen zu einem g\u00fcnstigeren Preis gefunden? Dann lass es uns wissen und wir \u00e4ndern unseren Preis der Reise f\u00fcr euch!<\/p>\n<\/div>\n\n\n\n<div class=\"wp-block-column is-layout-flow wp-block-column-is-layout-flow\" style=\"flex-basis:33.33%\"><div class=\"wp-block-image\">\n<figure class=\"aligncenter size-full\"><img decoding=\"async\" width=\"500\" height=\"500\" data-src=\"https:\/\/juvigo.de\/magazin\/wp-content\/uploads\/2024\/06\/image-4.png\" alt=\"\" class=\"wp-image-10399 lazyload\" title=\"Juvigo garantiert dir den g\u00fcnstigsten Preise!\" data-srcset=\"https:\/\/juvigo.de\/magazin\/wp-content\/uploads\/2024\/06\/image-4.png 500w, https:\/\/juvigo.de\/magazin\/wp-content\/uploads\/2024\/06\/image-4-300x300.png 300w, https:\/\/juvigo.de\/magazin\/wp-content\/uploads\/2024\/06\/image-4-150x150.png 150w, https:\/\/juvigo.de\/magazin\/wp-content\/uploads\/2024\/06\/image-4-278x278.png 278w, https:\/\/juvigo.de\/magazin\/wp-content\/uploads\/2024\/06\/image-4-247x247.png 247w\" data-sizes=\"(max-width: 500px) 100vw, 500px\" src=\"data:image\/gif;base64,R0lGODlhAQABAAAAACH5BAEKAAEALAAAAAABAAEAAAICTAEAOw==\" style=\"--smush-placeholder-width: 500px; --smush-placeholder-aspect-ratio: 500\/500;\" \/><\/figure><\/div><\/div>\n<\/div>\n\n\n\n<h2 class=\"wp-block-heading\">Wie profitiert ihr von der Juvigo-Tiefpreisgarantie?<\/h2>\n\n\n\n<div class=\"wp-block-columns is-layout-flex wp-container-core-columns-is-layout-2 wp-block-columns-is-layout-flex\">\n<div class=\"wp-block-column is-layout-flow wp-block-column-is-layout-flow\" style=\"flex-basis:66.66%\">\n<p>Wir erstatten euch direkt und unkompliziert den Differenzbetrag und geben euch zus\u00e4tzlich 15 Euro Rabatt auf die Buchung. Sende uns einfach einen Screenshot des g\u00fcnstigeren Angebots per E-Mail an:&nbsp;<a href=\"mailto:buchung@juvigo.de\">buchung@juvigo.de<\/a><\/p>\n<\/div>\n\n\n\n<div class=\"wp-block-column is-layout-flow wp-block-column-is-layout-flow\" style=\"flex-basis:33.33%\"><\/div>\n<\/div>\n\n\n\n<h2 class=\"wp-block-heading\">Unser Versprechen: Preistransparenz<\/h2>\n\n\n\n<div class=\"wp-block-columns is-layout-flex wp-container-core-columns-is-layout-3 wp-block-columns-is-layout-flex\">\n<div class=\"wp-block-column is-layout-flow wp-block-column-is-layout-flow\" style=\"flex-basis:66.66%\">\n<p>Eine Reise bei uns wird niemals teurer sein als im Reiseb\u00fcro oder anderswo im Internet. Wir geben euch unser Wort. Unsere Serviceleistungen sind komplett kostenlos f\u00fcr euch. F\u00fcr eure Buchung bei Juvigo kommen keine zus\u00e4tzlichen Buchungskosten oder andere versteckte Kosten auf euch zu \u2013 das garantieren wir euch!<\/p>\n<\/div>\n\n\n\n<div class=\"wp-block-column is-layout-flow wp-block-column-is-layout-flow\" style=\"flex-basis:33.33%\"><div class=\"wp-block-image\">\n<figure class=\"aligncenter size-full\"><img decoding=\"async\" width=\"500\" height=\"500\" data-src=\"https:\/\/juvigo.de\/magazin\/wp-content\/uploads\/2024\/06\/image-5.png\" alt=\"\" class=\"wp-image-10400 lazyload\" title=\"Bei Juvigo gibt es garantiert keine versteckten Kosten!\" data-srcset=\"https:\/\/juvigo.de\/magazin\/wp-content\/uploads\/2024\/06\/image-5.png 500w, https:\/\/juvigo.de\/magazin\/wp-content\/uploads\/2024\/06\/image-5-300x300.png 300w, https:\/\/juvigo.de\/magazin\/wp-content\/uploads\/2024\/06\/image-5-150x150.png 150w, https:\/\/juvigo.de\/magazin\/wp-content\/uploads\/2024\/06\/image-5-278x278.png 278w, https:\/\/juvigo.de\/magazin\/wp-content\/uploads\/2024\/06\/image-5-247x247.png 247w\" data-sizes=\"(max-width: 500px) 100vw, 500px\" src=\"data:image\/gif;base64,R0lGODlhAQABAAAAACH5BAEKAAEALAAAAAABAAEAAAICTAEAOw==\" style=\"--smush-placeholder-width: 500px; --smush-placeholder-aspect-ratio: 500\/500;\" \/><\/figure><\/div><\/div>\n<\/div>\n","protected":false},"excerpt":{"rendered":"<p>Garantiert g\u00fcnstig: Was ist die Juvigo-Tiefpreisgarantie? Nutzt unsere praktische Suchfunktion und findet euer Feriencamp! Wir haben f\u00fcr euch die Feriencamps mit dem besten Preis-Leistungsverh\u00e4ltnis bereitgestellt. Bei uns bucht ihr euer Feriencamp immer zum g\u00fcnstigsten Preis \u2013 in Echtzeit.Ehrliche und faire Preise sind uns besonders wichtig. Ihr habt dennoch am Tag der Buchung ein Feriencamp mit [&hellip;]<\/p>\n","protected":false},"author":3,"featured_media":10357,"parent":0,"menu_order":0,"comment_status":"closed","ping_status":"closed","template":"","meta":{"advgb_blocks_editor_width":"","advgb_blocks_columns_visual_guide":"","footnotes":"","_links_to":"","_links_to_target":""},"categories":[],"tags":[],"class_list":["post-10173","page","type-page","status-publish","has-post-thumbnail","hentry"],"yoast_head":"<!-- This site is optimized with the Yoast SEO plugin v24.8.1 - https:\/\/yoast.com\/wordpress\/plugins\/seo\/ -->\n<title>Tiefpreisgarantie - Juvigo Magazin<\/title>\n<meta name=\"robots\" content=\"index, follow, max-snippet:-1, max-image-preview:large, max-video-preview:-1\" \/>\n<link rel=\"canonical\" href=\"https:\/\/juvigo.de\/magazin\/preis-leistung\/\" \/>\n<meta property=\"og:locale\" content=\"de_DE\" \/>\n<meta property=\"og:type\" content=\"article\" \/>\n<meta property=\"og:title\" content=\"Tiefpreisgarantie - Juvigo Magazin\" \/>\n<meta property=\"og:description\" content=\"Garantiert g\u00fcnstig: Was ist die Juvigo-Tiefpreisgarantie? Nutzt unsere praktische Suchfunktion und findet euer Feriencamp! Wir haben f\u00fcr euch die Feriencamps mit dem besten Preis-Leistungsverh\u00e4ltnis bereitgestellt. Bei uns bucht ihr euer Feriencamp immer zum g\u00fcnstigsten Preis \u2013 in Echtzeit.Ehrliche und faire Preise sind uns besonders wichtig. Ihr habt dennoch am Tag der Buchung ein Feriencamp mit [&hellip;]\" \/>\n<meta property=\"og:url\" content=\"https:\/\/juvigo.de\/magazin\/preis-leistung\/\" \/>\n<meta property=\"og:site_name\" content=\"Magazin\" \/>\n<meta property=\"article:publisher\" content=\"https:\/\/de-de.facebook.com\/meinjuvigo\" \/>\n<meta property=\"article:modified_time\" content=\"2024-06-24T13:19:55+00:00\" \/>\n<meta property=\"og:image\" content=\"https:\/\/juvigo.de\/magazin\/wp-content\/uploads\/2024\/06\/camping-4303357_1920.jpg\" \/>\n\t<meta property=\"og:image:width\" content=\"1920\" \/>\n\t<meta property=\"og:image:height\" content=\"1080\" \/>\n\t<meta property=\"og:image:type\" content=\"image\/jpeg\" \/>\n<meta name=\"twitter:card\" content=\"summary_large_image\" \/>\n<meta name=\"twitter:site\" content=\"@meinjuvigo\" \/>\n<meta name=\"twitter:label1\" content=\"Gesch\u00e4tzte Lesezeit\" \/>\n\t<meta name=\"twitter:data1\" content=\"2\u00a0Minuten\" \/>\n<script type=\"application\/ld+json\" class=\"yoast-schema-graph\">{\"@context\":\"https:\/\/schema.org\",\"@graph\":[{\"@type\":\"WebPage\",\"@id\":\"https:\/\/juvigo.de\/magazin\/preis-leistung\/\",\"url\":\"https:\/\/juvigo.de\/magazin\/preis-leistung\/\",\"name\":\"Tiefpreisgarantie - Juvigo Magazin\",\"isPartOf\":{\"@id\":\"https:\/\/juvigo.de\/magazin\/#website\"},\"primaryImageOfPage\":{\"@id\":\"https:\/\/juvigo.de\/magazin\/preis-leistung\/#primaryimage\"},\"image\":{\"@id\":\"https:\/\/juvigo.de\/magazin\/preis-leistung\/#primaryimage\"},\"thumbnailUrl\":\"https:\/\/juvigo.de\/magazin\/wp-content\/uploads\/2024\/06\/camping-4303357_1920.jpg\",\"datePublished\":\"2024-06-17T08:36:11+00:00\",\"dateModified\":\"2024-06-24T13:19:55+00:00\",\"breadcrumb\":{\"@id\":\"https:\/\/juvigo.de\/magazin\/preis-leistung\/#breadcrumb\"},\"inLanguage\":\"de\",\"potentialAction\":[{\"@type\":\"ReadAction\",\"target\":[\"https:\/\/juvigo.de\/magazin\/preis-leistung\/\"]}]},{\"@type\":\"ImageObject\",\"inLanguage\":\"de\",\"@id\":\"https:\/\/juvigo.de\/magazin\/preis-leistung\/#primaryimage\",\"url\":\"https:\/\/juvigo.de\/magazin\/wp-content\/uploads\/2024\/06\/camping-4303357_1920.jpg\",\"contentUrl\":\"https:\/\/juvigo.de\/magazin\/wp-content\/uploads\/2024\/06\/camping-4303357_1920.jpg\",\"width\":1920,\"height\":1080},{\"@type\":\"BreadcrumbList\",\"@id\":\"https:\/\/juvigo.de\/magazin\/preis-leistung\/#breadcrumb\",\"itemListElement\":[{\"@type\":\"ListItem\",\"position\":1,\"name\":\"Juvigo-Magazin\",\"item\":\"https:\/\/juvigo.de\/magazin\/\"},{\"@type\":\"ListItem\",\"position\":2,\"name\":\"Tiefpreisgarantie\"}]},{\"@type\":\"WebSite\",\"@id\":\"https:\/\/juvigo.de\/magazin\/#website\",\"url\":\"https:\/\/juvigo.de\/magazin\/\",\"name\":\"Magazin\",\"description\":\"Informationen zu Feriencamps, Jugendreisen und Sprachreisen\",\"publisher\":{\"@id\":\"https:\/\/juvigo.de\/magazin\/#organization\"},\"potentialAction\":[{\"@type\":\"SearchAction\",\"target\":{\"@type\":\"EntryPoint\",\"urlTemplate\":\"https:\/\/juvigo.de\/magazin\/?s={search_term_string}\"},\"query-input\":{\"@type\":\"PropertyValueSpecification\",\"valueRequired\":true,\"valueName\":\"search_term_string\"}}],\"inLanguage\":\"de\"},{\"@type\":\"Organization\",\"@id\":\"https:\/\/juvigo.de\/magazin\/#organization\",\"name\":\"Juvigo GmbH\",\"url\":\"https:\/\/juvigo.de\/magazin\/\",\"logo\":{\"@type\":\"ImageObject\",\"inLanguage\":\"de\",\"@id\":\"https:\/\/juvigo.de\/magazin\/#\/schema\/logo\/image\/\",\"url\":\"https:\/\/juvigo.de\/magazin\/wp-content\/uploads\/2019\/12\/juvigo_logo_dark_transparentsun_magazin_quicksand1-1.png\",\"contentUrl\":\"https:\/\/juvigo.de\/magazin\/wp-content\/uploads\/2019\/12\/juvigo_logo_dark_transparentsun_magazin_quicksand1-1.png\",\"width\":370,\"height\":155,\"caption\":\"Juvigo GmbH\"},\"image\":{\"@id\":\"https:\/\/juvigo.de\/magazin\/#\/schema\/logo\/image\/\"},\"sameAs\":[\"https:\/\/de-de.facebook.com\/meinjuvigo\",\"https:\/\/x.com\/meinjuvigo\",\"http:\/\/instagram.com\/juvigo_de\/\"]}]}<\/script>\n<!-- \/ Yoast SEO plugin. -->","yoast_head_json":{"title":"Tiefpreisgarantie - Juvigo Magazin","robots":{"index":"index","follow":"follow","max-snippet":"max-snippet:-1","max-image-preview":"max-image-preview:large","max-video-preview":"max-video-preview:-1"},"canonical":"https:\/\/juvigo.de\/magazin\/preis-leistung\/","og_locale":"de_DE","og_type":"article","og_title":"Tiefpreisgarantie - Juvigo Magazin","og_description":"Garantiert g\u00fcnstig: Was ist die Juvigo-Tiefpreisgarantie? Nutzt unsere praktische Suchfunktion und findet euer Feriencamp! Wir haben f\u00fcr euch die Feriencamps mit dem besten Preis-Leistungsverh\u00e4ltnis bereitgestellt. Bei uns bucht ihr euer Feriencamp immer zum g\u00fcnstigsten Preis \u2013 in Echtzeit.Ehrliche und faire Preise sind uns besonders wichtig. Ihr habt dennoch am Tag der Buchung ein Feriencamp mit [&hellip;]","og_url":"https:\/\/juvigo.de\/magazin\/preis-leistung\/","og_site_name":"Magazin","article_publisher":"https:\/\/de-de.facebook.com\/meinjuvigo","article_modified_time":"2024-06-24T13:19:55+00:00","og_image":[{"width":1920,"height":1080,"url":"https:\/\/juvigo.de\/magazin\/wp-content\/uploads\/2024\/06\/camping-4303357_1920.jpg","type":"image\/jpeg"}],"twitter_card":"summary_large_image","twitter_site":"@meinjuvigo","twitter_misc":{"Gesch\u00e4tzte Lesezeit":"2\u00a0Minuten"},"schema":{"@context":"https:\/\/schema.org","@graph":[{"@type":"WebPage","@id":"https:\/\/juvigo.de\/magazin\/preis-leistung\/","url":"https:\/\/juvigo.de\/magazin\/preis-leistung\/","name":"Tiefpreisgarantie - Juvigo Magazin","isPartOf":{"@id":"https:\/\/juvigo.de\/magazin\/#website"},"primaryImageOfPage":{"@id":"https:\/\/juvigo.de\/magazin\/preis-leistung\/#primaryimage"},"image":{"@id":"https:\/\/juvigo.de\/magazin\/preis-leistung\/#primaryimage"},"thumbnailUrl":"https:\/\/juvigo.de\/magazin\/wp-content\/uploads\/2024\/06\/camping-4303357_1920.jpg","datePublished":"2024-06-17T08:36:11+00:00","dateModified":"2024-06-24T13:19:55+00:00","breadcrumb":{"@id":"https:\/\/juvigo.de\/magazin\/preis-leistung\/#breadcrumb"},"inLanguage":"de","potentialAction":[{"@type":"ReadAction","target":["https:\/\/juvigo.de\/magazin\/preis-leistung\/"]}]},{"@type":"ImageObject","inLanguage":"de","@id":"https:\/\/juvigo.de\/magazin\/preis-leistung\/#primaryimage","url":"https:\/\/juvigo.de\/magazin\/wp-content\/uploads\/2024\/06\/camping-4303357_1920.jpg","contentUrl":"https:\/\/juvigo.de\/magazin\/wp-content\/uploads\/2024\/06\/camping-4303357_1920.jpg","width":1920,"height":1080},{"@type":"BreadcrumbList","@id":"https:\/\/juvigo.de\/magazin\/preis-leistung\/#breadcrumb","itemListElement":[{"@type":"ListItem","position":1,"name":"Juvigo-Magazin","item":"https:\/\/juvigo.de\/magazin\/"},{"@type":"ListItem","position":2,"name":"Tiefpreisgarantie"}]},{"@type":"WebSite","@id":"https:\/\/juvigo.de\/magazin\/#website","url":"https:\/\/juvigo.de\/magazin\/","name":"Magazin","description":"Informationen zu Feriencamps, Jugendreisen und Sprachreisen","publisher":{"@id":"https:\/\/juvigo.de\/magazin\/#organization"},"potentialAction":[{"@type":"SearchAction","target":{"@type":"EntryPoint","urlTemplate":"https:\/\/juvigo.de\/magazin\/?s={search_term_string}"},"query-input":{"@type":"PropertyValueSpecification","valueRequired":true,"valueName":"search_term_string"}}],"inLanguage":"de"},{"@type":"Organization","@id":"https:\/\/juvigo.de\/magazin\/#organization","name":"Juvigo GmbH","url":"https:\/\/juvigo.de\/magazin\/","logo":{"@type":"ImageObject","inLanguage":"de","@id":"https:\/\/juvigo.de\/magazin\/#\/schema\/logo\/image\/","url":"https:\/\/juvigo.de\/magazin\/wp-content\/uploads\/2019\/12\/juvigo_logo_dark_transparentsun_magazin_quicksand1-1.png","contentUrl":"https:\/\/juvigo.de\/magazin\/wp-content\/uploads\/2019\/12\/juvigo_logo_dark_transparentsun_magazin_quicksand1-1.png","width":370,"height":155,"caption":"Juvigo GmbH"},"image":{"@id":"https:\/\/juvigo.de\/magazin\/#\/schema\/logo\/image\/"},"sameAs":["https:\/\/de-de.facebook.com\/meinjuvigo","https:\/\/x.com\/meinjuvigo","http:\/\/instagram.com\/juvigo_de\/"]}]}},"wps_subtitle":"","coauthors":[],"author_meta":{"author_link":"https:\/\/juvigo.de\/magazin\/author\/max\/","display_name":"Max"},"relative_dates":{"created":"Posted 2\u00a0Jahren ago","modified":"Updated 2\u00a0Jahren ago"},"absolute_dates":{"created":"Posted on 17.06.2024","modified":"Updated on 24.06.2024"},"absolute_dates_time":{"created":"Posted on 17.06.2024 10:36","modified":"Updated on 24.06.2024 15:19"},"featured_img_caption":"","featured_img":"https:\/\/juvigo.de\/magazin\/wp-content\/uploads\/2024\/06\/camping-4303357_1920.jpg","series_order":"","_links":{"self":[{"href":"https:\/\/juvigo.de\/magazin\/wp-json\/wp\/v2\/pages\/10173","targetHints":{"allow":["GET"]}}],"collection":[{"href":"https:\/\/juvigo.de\/magazin\/wp-json\/wp\/v2\/pages"}],"about":[{"href":"https:\/\/juvigo.de\/magazin\/wp-json\/wp\/v2\/types\/page"}],"author":[{"embeddable":true,"href":"https:\/\/juvigo.de\/magazin\/wp-json\/wp\/v2\/users\/3"}],"replies":[{"embeddable":true,"href":"https:\/\/juvigo.de\/magazin\/wp-json\/wp\/v2\/comments?post=10173"}],"version-history":[{"count":5,"href":"https:\/\/juvigo.de\/magazin\/wp-json\/wp\/v2\/pages\/10173\/revisions"}],"predecessor-version":[{"id":10401,"href":"https:\/\/juvigo.de\/magazin\/wp-json\/wp\/v2\/pages\/10173\/revisions\/10401"}],"wp:featuredmedia":[{"embeddable":true,"href":"https:\/\/juvigo.de\/magazin\/wp-json\/wp\/v2\/media\/10357"}],"wp:attachment":[{"href":"https:\/\/juvigo.de\/magazin\/wp-json\/wp\/v2\/media?parent=10173"}],"wp:term":[{"taxonomy":"category","embeddable":true,"href":"https:\/\/juvigo.de\/magazin\/wp-json\/wp\/v2\/categories?post=10173"},{"taxonomy":"post_tag","embeddable":true,"href":"https:\/\/juvigo.de\/magazin\/wp-json\/wp\/v2\/tags?post=10173"}],"curies":[{"name":"wp","href":"https:\/\/api.w.org\/{rel}","templated":true}]}}