{"id":10178,"date":"2024-06-17T10:37:54","date_gmt":"2024-06-17T08:37:54","guid":{"rendered":"https:\/\/juvigo.de\/magazin\/?page_id=10178"},"modified":"2024-06-17T15:29:39","modified_gmt":"2024-06-17T13:29:39","slug":"betreuer-werden","status":"publish","type":"page","link":"https:\/\/juvigo.de\/magazin\/betreuer-werden\/","title":{"rendered":"Betreuer werden"},"content":{"rendered":"\n<p>Du m\u00f6chtest selbst einmal hinter die Kulissen von einem Feriencamp, einer Jugendreise oder einer Sprachreise blicken und als Betreuer mitfahren? Da gibt es ganz viele M\u00f6glichkeiten!<\/p>\n\n\n\n<p>Juvigo ist ein unabh\u00e4ngiger Vermittler von Feriencamps und organisiert daher die Feriencamps nicht selbst.<\/p>\n\n\n\n<p>Wenn ihr Interesse habt, in den Ferien die Kinder und Jugendlichen zu begleiten, dann schreibt uns eine E-Mail an&nbsp;<a href=\"mailto:beratung@juvigo.de\">beratung@juvigo.de<\/a>. Im Idealfall sagt ihr uns, f\u00fcr welches Camp ihr euch interessiert, in welche Region ihr m\u00f6chtet oder wo ihr herkommt. Wir k\u00f6nnen eure Bewerbung dann an das passende Camp weiterleiten.<\/p>\n\n\n\n<h2 class=\"wp-block-heading\">Entdecke deine Praktikumspl\u00e4tze bei Juvigo:<\/h2>\n\n\n\n<p>Juvigo bringt nicht nur Betreuer mit Veranstaltern von Ferienlagern zusammen, sondern bietet dir auch einzigartige Praktikumsm\u00f6glichkeiten in unserem B\u00fcro in Berlin. Wenn du auf der Suche nach einer internationalen Erfahrung bist und Berufserfahrung sammeln m\u00f6chtest, dann komm zu uns und entdecke den ganzen Charme der Reisebranche.<\/p>\n\n\n\n<p>Unsere Praktika bieten dir eine einzigartige Erfahrung im Herzen der Reisebranche, wo du lernen und wachsen kannst, w\u00e4hrend du an den Abl\u00e4ufen eines f\u00fchrenden Unternehmens in diesem Sektor teilnimmst. Wenn dich also die M\u00f6glichkeit reizt, in einer pulsierenden, multikulturellen Stadt wie Berlin an der Seite eines leidenschaftlichen und innovativen Teams zu arbeiten, dann bewirb dich jetzt bei uns! Auf unserer Karriere-Seite (<a href=\"https:\/\/juvigo.careers\/\">Juvigo.careers<\/a>) findest du offene Stellen und kannst dich direkt bei uns bewerben. Werde Teil unseres Teams und sei Teil unserer Mission, Kindern und Jugendlichen unvergessliche Ferienerlebnisse zu bescheren.<\/p>\n","protected":false},"excerpt":{"rendered":"<p>Du m\u00f6chtest selbst einmal hinter die Kulissen von einem Feriencamp, einer Jugendreise oder einer Sprachreise blicken und als Betreuer mitfahren? Da gibt es ganz viele M\u00f6glichkeiten! Juvigo ist ein unabh\u00e4ngiger Vermittler von Feriencamps und organisiert daher die Feriencamps nicht selbst. Wenn ihr Interesse habt, in den Ferien die Kinder und Jugendlichen zu begleiten, dann schreibt [&hellip;]<\/p>\n","protected":false},"author":3,"featured_media":10357,"parent":0,"menu_order":0,"comment_status":"closed","ping_status":"closed","template":"","meta":{"advgb_blocks_editor_width":"","advgb_blocks_columns_visual_guide":"","footnotes":"","_links_to":"","_links_to_target":""},"categories":[],"tags":[],"class_list":["post-10178","page","type-page","status-publish","has-post-thumbnail","hentry"],"yoast_head":"<!-- This site is optimized with the Yoast SEO plugin v24.8.1 - https:\/\/yoast.com\/wordpress\/plugins\/seo\/ -->\n<title>Betreuer werden - Juvigo Magazin<\/title>\n<meta name=\"robots\" content=\"index, follow, max-snippet:-1, max-image-preview:large, max-video-preview:-1\" \/>\n<link rel=\"canonical\" href=\"https:\/\/juvigo.de\/magazin\/betreuer-werden\/\" \/>\n<meta property=\"og:locale\" content=\"de_DE\" \/>\n<meta property=\"og:type\" content=\"article\" \/>\n<meta property=\"og:title\" content=\"Betreuer werden - Juvigo Magazin\" \/>\n<meta property=\"og:description\" content=\"Du m\u00f6chtest selbst einmal hinter die Kulissen von einem Feriencamp, einer Jugendreise oder einer Sprachreise blicken und als Betreuer mitfahren? Da gibt es ganz viele M\u00f6glichkeiten! Juvigo ist ein unabh\u00e4ngiger Vermittler von Feriencamps und organisiert daher die Feriencamps nicht selbst. Wenn ihr Interesse habt, in den Ferien die Kinder und Jugendlichen zu begleiten, dann schreibt [&hellip;]\" \/>\n<meta property=\"og:url\" content=\"https:\/\/juvigo.de\/magazin\/betreuer-werden\/\" \/>\n<meta property=\"og:site_name\" content=\"Magazin\" \/>\n<meta property=\"article:publisher\" content=\"https:\/\/de-de.facebook.com\/meinjuvigo\" \/>\n<meta property=\"article:modified_time\" content=\"2024-06-17T13:29:39+00:00\" \/>\n<meta property=\"og:image\" content=\"https:\/\/juvigo.de\/magazin\/wp-content\/uploads\/2024\/06\/camping-4303357_1920.jpg\" \/>\n\t<meta property=\"og:image:width\" content=\"1920\" \/>\n\t<meta property=\"og:image:height\" content=\"1080\" \/>\n\t<meta property=\"og:image:type\" content=\"image\/jpeg\" \/>\n<meta name=\"twitter:card\" content=\"summary_large_image\" \/>\n<meta name=\"twitter:site\" content=\"@meinjuvigo\" \/>\n<meta name=\"twitter:label1\" content=\"Gesch\u00e4tzte Lesezeit\" \/>\n\t<meta name=\"twitter:data1\" content=\"2\u00a0Minuten\" \/>\n<script type=\"application\/ld+json\" class=\"yoast-schema-graph\">{\"@context\":\"https:\/\/schema.org\",\"@graph\":[{\"@type\":\"WebPage\",\"@id\":\"https:\/\/juvigo.de\/magazin\/betreuer-werden\/\",\"url\":\"https:\/\/juvigo.de\/magazin\/betreuer-werden\/\",\"name\":\"Betreuer werden - Juvigo Magazin\",\"isPartOf\":{\"@id\":\"https:\/\/juvigo.de\/magazin\/#website\"},\"primaryImageOfPage\":{\"@id\":\"https:\/\/juvigo.de\/magazin\/betreuer-werden\/#primaryimage\"},\"image\":{\"@id\":\"https:\/\/juvigo.de\/magazin\/betreuer-werden\/#primaryimage\"},\"thumbnailUrl\":\"https:\/\/juvigo.de\/magazin\/wp-content\/uploads\/2024\/06\/camping-4303357_1920.jpg\",\"datePublished\":\"2024-06-17T08:37:54+00:00\",\"dateModified\":\"2024-06-17T13:29:39+00:00\",\"breadcrumb\":{\"@id\":\"https:\/\/juvigo.de\/magazin\/betreuer-werden\/#breadcrumb\"},\"inLanguage\":\"de\",\"potentialAction\":[{\"@type\":\"ReadAction\",\"target\":[\"https:\/\/juvigo.de\/magazin\/betreuer-werden\/\"]}]},{\"@type\":\"ImageObject\",\"inLanguage\":\"de\",\"@id\":\"https:\/\/juvigo.de\/magazin\/betreuer-werden\/#primaryimage\",\"url\":\"https:\/\/juvigo.de\/magazin\/wp-content\/uploads\/2024\/06\/camping-4303357_1920.jpg\",\"contentUrl\":\"https:\/\/juvigo.de\/magazin\/wp-content\/uploads\/2024\/06\/camping-4303357_1920.jpg\",\"width\":1920,\"height\":1080},{\"@type\":\"BreadcrumbList\",\"@id\":\"https:\/\/juvigo.de\/magazin\/betreuer-werden\/#breadcrumb\",\"itemListElement\":[{\"@type\":\"ListItem\",\"position\":1,\"name\":\"Juvigo-Magazin\",\"item\":\"https:\/\/juvigo.de\/magazin\/\"},{\"@type\":\"ListItem\",\"position\":2,\"name\":\"Betreuer werden\"}]},{\"@type\":\"WebSite\",\"@id\":\"https:\/\/juvigo.de\/magazin\/#website\",\"url\":\"https:\/\/juvigo.de\/magazin\/\",\"name\":\"Magazin\",\"description\":\"Informationen zu Feriencamps, Jugendreisen und Sprachreisen\",\"publisher\":{\"@id\":\"https:\/\/juvigo.de\/magazin\/#organization\"},\"potentialAction\":[{\"@type\":\"SearchAction\",\"target\":{\"@type\":\"EntryPoint\",\"urlTemplate\":\"https:\/\/juvigo.de\/magazin\/?s={search_term_string}\"},\"query-input\":{\"@type\":\"PropertyValueSpecification\",\"valueRequired\":true,\"valueName\":\"search_term_string\"}}],\"inLanguage\":\"de\"},{\"@type\":\"Organization\",\"@id\":\"https:\/\/juvigo.de\/magazin\/#organization\",\"name\":\"Juvigo GmbH\",\"url\":\"https:\/\/juvigo.de\/magazin\/\",\"logo\":{\"@type\":\"ImageObject\",\"inLanguage\":\"de\",\"@id\":\"https:\/\/juvigo.de\/magazin\/#\/schema\/logo\/image\/\",\"url\":\"https:\/\/juvigo.de\/magazin\/wp-content\/uploads\/2019\/12\/juvigo_logo_dark_transparentsun_magazin_quicksand1-1.png\",\"contentUrl\":\"https:\/\/juvigo.de\/magazin\/wp-content\/uploads\/2019\/12\/juvigo_logo_dark_transparentsun_magazin_quicksand1-1.png\",\"width\":370,\"height\":155,\"caption\":\"Juvigo GmbH\"},\"image\":{\"@id\":\"https:\/\/juvigo.de\/magazin\/#\/schema\/logo\/image\/\"},\"sameAs\":[\"https:\/\/de-de.facebook.com\/meinjuvigo\",\"https:\/\/x.com\/meinjuvigo\",\"http:\/\/instagram.com\/juvigo_de\/\"]}]}<\/script>\n<!-- \/ Yoast SEO plugin. -->","yoast_head_json":{"title":"Betreuer werden - Juvigo Magazin","robots":{"index":"index","follow":"follow","max-snippet":"max-snippet:-1","max-image-preview":"max-image-preview:large","max-video-preview":"max-video-preview:-1"},"canonical":"https:\/\/juvigo.de\/magazin\/betreuer-werden\/","og_locale":"de_DE","og_type":"article","og_title":"Betreuer werden - Juvigo Magazin","og_description":"Du m\u00f6chtest selbst einmal hinter die Kulissen von einem Feriencamp, einer Jugendreise oder einer Sprachreise blicken und als Betreuer mitfahren? Da gibt es ganz viele M\u00f6glichkeiten! Juvigo ist ein unabh\u00e4ngiger Vermittler von Feriencamps und organisiert daher die Feriencamps nicht selbst. Wenn ihr Interesse habt, in den Ferien die Kinder und Jugendlichen zu begleiten, dann schreibt [&hellip;]","og_url":"https:\/\/juvigo.de\/magazin\/betreuer-werden\/","og_site_name":"Magazin","article_publisher":"https:\/\/de-de.facebook.com\/meinjuvigo","article_modified_time":"2024-06-17T13:29:39+00:00","og_image":[{"width":1920,"height":1080,"url":"https:\/\/juvigo.de\/magazin\/wp-content\/uploads\/2024\/06\/camping-4303357_1920.jpg","type":"image\/jpeg"}],"twitter_card":"summary_large_image","twitter_site":"@meinjuvigo","twitter_misc":{"Gesch\u00e4tzte Lesezeit":"2\u00a0Minuten"},"schema":{"@context":"https:\/\/schema.org","@graph":[{"@type":"WebPage","@id":"https:\/\/juvigo.de\/magazin\/betreuer-werden\/","url":"https:\/\/juvigo.de\/magazin\/betreuer-werden\/","name":"Betreuer werden - Juvigo Magazin","isPartOf":{"@id":"https:\/\/juvigo.de\/magazin\/#website"},"primaryImageOfPage":{"@id":"https:\/\/juvigo.de\/magazin\/betreuer-werden\/#primaryimage"},"image":{"@id":"https:\/\/juvigo.de\/magazin\/betreuer-werden\/#primaryimage"},"thumbnailUrl":"https:\/\/juvigo.de\/magazin\/wp-content\/uploads\/2024\/06\/camping-4303357_1920.jpg","datePublished":"2024-06-17T08:37:54+00:00","dateModified":"2024-06-17T13:29:39+00:00","breadcrumb":{"@id":"https:\/\/juvigo.de\/magazin\/betreuer-werden\/#breadcrumb"},"inLanguage":"de","potentialAction":[{"@type":"ReadAction","target":["https:\/\/juvigo.de\/magazin\/betreuer-werden\/"]}]},{"@type":"ImageObject","inLanguage":"de","@id":"https:\/\/juvigo.de\/magazin\/betreuer-werden\/#primaryimage","url":"https:\/\/juvigo.de\/magazin\/wp-content\/uploads\/2024\/06\/camping-4303357_1920.jpg","contentUrl":"https:\/\/juvigo.de\/magazin\/wp-content\/uploads\/2024\/06\/camping-4303357_1920.jpg","width":1920,"height":1080},{"@type":"BreadcrumbList","@id":"https:\/\/juvigo.de\/magazin\/betreuer-werden\/#breadcrumb","itemListElement":[{"@type":"ListItem","position":1,"name":"Juvigo-Magazin","item":"https:\/\/juvigo.de\/magazin\/"},{"@type":"ListItem","position":2,"name":"Betreuer werden"}]},{"@type":"WebSite","@id":"https:\/\/juvigo.de\/magazin\/#website","url":"https:\/\/juvigo.de\/magazin\/","name":"Magazin","description":"Informationen zu Feriencamps, Jugendreisen und Sprachreisen","publisher":{"@id":"https:\/\/juvigo.de\/magazin\/#organization"},"potentialAction":[{"@type":"SearchAction","target":{"@type":"EntryPoint","urlTemplate":"https:\/\/juvigo.de\/magazin\/?s={search_term_string}"},"query-input":{"@type":"PropertyValueSpecification","valueRequired":true,"valueName":"search_term_string"}}],"inLanguage":"de"},{"@type":"Organization","@id":"https:\/\/juvigo.de\/magazin\/#organization","name":"Juvigo GmbH","url":"https:\/\/juvigo.de\/magazin\/","logo":{"@type":"ImageObject","inLanguage":"de","@id":"https:\/\/juvigo.de\/magazin\/#\/schema\/logo\/image\/","url":"https:\/\/juvigo.de\/magazin\/wp-content\/uploads\/2019\/12\/juvigo_logo_dark_transparentsun_magazin_quicksand1-1.png","contentUrl":"https:\/\/juvigo.de\/magazin\/wp-content\/uploads\/2019\/12\/juvigo_logo_dark_transparentsun_magazin_quicksand1-1.png","width":370,"height":155,"caption":"Juvigo GmbH"},"image":{"@id":"https:\/\/juvigo.de\/magazin\/#\/schema\/logo\/image\/"},"sameAs":["https:\/\/de-de.facebook.com\/meinjuvigo","https:\/\/x.com\/meinjuvigo","http:\/\/instagram.com\/juvigo_de\/"]}]}},"wps_subtitle":"","coauthors":[],"author_meta":{"author_link":"https:\/\/juvigo.de\/magazin\/author\/max\/","display_name":"Max"},"relative_dates":{"created":"Posted 2\u00a0Jahren ago","modified":"Updated 2\u00a0Jahren ago"},"absolute_dates":{"created":"Posted on 17.06.2024","modified":"Updated on 17.06.2024"},"absolute_dates_time":{"created":"Posted on 17.06.2024 10:37","modified":"Updated on 17.06.2024 15:29"},"featured_img_caption":"","featured_img":"https:\/\/juvigo.de\/magazin\/wp-content\/uploads\/2024\/06\/camping-4303357_1920.jpg","series_order":"","_links":{"self":[{"href":"https:\/\/juvigo.de\/magazin\/wp-json\/wp\/v2\/pages\/10178","targetHints":{"allow":["GET"]}}],"collection":[{"href":"https:\/\/juvigo.de\/magazin\/wp-json\/wp\/v2\/pages"}],"about":[{"href":"https:\/\/juvigo.de\/magazin\/wp-json\/wp\/v2\/types\/page"}],"author":[{"embeddable":true,"href":"https:\/\/juvigo.de\/magazin\/wp-json\/wp\/v2\/users\/3"}],"replies":[{"embeddable":true,"href":"https:\/\/juvigo.de\/magazin\/wp-json\/wp\/v2\/comments?post=10178"}],"version-history":[{"count":2,"href":"https:\/\/juvigo.de\/magazin\/wp-json\/wp\/v2\/pages\/10178\/revisions"}],"predecessor-version":[{"id":10183,"href":"https:\/\/juvigo.de\/magazin\/wp-json\/wp\/v2\/pages\/10178\/revisions\/10183"}],"wp:featuredmedia":[{"embeddable":true,"href":"https:\/\/juvigo.de\/magazin\/wp-json\/wp\/v2\/media\/10357"}],"wp:attachment":[{"href":"https:\/\/juvigo.de\/magazin\/wp-json\/wp\/v2\/media?parent=10178"}],"wp:term":[{"taxonomy":"category","embeddable":true,"href":"https:\/\/juvigo.de\/magazin\/wp-json\/wp\/v2\/categories?post=10178"},{"taxonomy":"post_tag","embeddable":true,"href":"https:\/\/juvigo.de\/magazin\/wp-json\/wp\/v2\/tags?post=10178"}],"curies":[{"name":"wp","href":"https:\/\/api.w.org\/{rel}","templated":true}]}}