{"id":10184,"date":"2024-06-17T10:42:19","date_gmt":"2024-06-17T08:42:19","guid":{"rendered":"https:\/\/juvigo.de\/magazin\/?page_id=10184"},"modified":"2024-06-24T15:19:39","modified_gmt":"2024-06-24T13:19:39","slug":"unser-qualitaetsanspruch","status":"publish","type":"page","link":"https:\/\/juvigo.de\/magazin\/unser-qualitaetsanspruch\/","title":{"rendered":"Unser Qualit\u00e4tsanspruch"},"content":{"rendered":"\n<h2 class=\"wp-block-heading\">Pers\u00f6nliche Beratung<\/h2>\n\n\n\n<div class=\"wp-block-columns is-layout-flex wp-container-core-columns-is-layout-1 wp-block-columns-is-layout-flex\">\n<div class=\"wp-block-column is-layout-flow wp-block-column-is-layout-flow\" style=\"flex-basis:66.66%\">\n<p>Viele von uns bei Juvigo haben nicht nur als Kind gerne Zeit im Feriencamp verbracht, einige haben sogar Jahre lange Erfahrung und Expertise als Betreuer in Feriencamps. Deshalb wissen wir auch genau, was Kinder sich w\u00fcnschen, damit die Zeit im Feriencamp unvergesslich wird.<\/p>\n\n\n\n<p>Uns ist besonders wichtig, dass ihr uns vertraut! Deshalb beraten wir euch gerne pers\u00f6nlich am Telefon, per E-Mail oder WhatsApp und beantworten euch nat\u00fcrlich auch alle anderen Fragen rund um das Thema Feriencamps.<\/p>\n<\/div>\n\n\n\n<div class=\"wp-block-column is-layout-flow wp-block-column-is-layout-flow\" style=\"flex-basis:33.33%\"><div class=\"wp-block-image\">\n<figure class=\"aligncenter size-full\"><img decoding=\"async\" width=\"500\" height=\"500\" data-src=\"https:\/\/juvigo.de\/magazin\/wp-content\/uploads\/2024\/06\/image-1.png\" alt=\"\" class=\"wp-image-10395 lazyload\" title=\"Pers\u00f6nliche Beratung durch Feriencamp-Experten von Juvigo\" data-srcset=\"https:\/\/juvigo.de\/magazin\/wp-content\/uploads\/2024\/06\/image-1.png 500w, https:\/\/juvigo.de\/magazin\/wp-content\/uploads\/2024\/06\/image-1-300x300.png 300w, https:\/\/juvigo.de\/magazin\/wp-content\/uploads\/2024\/06\/image-1-150x150.png 150w, https:\/\/juvigo.de\/magazin\/wp-content\/uploads\/2024\/06\/image-1-278x278.png 278w, https:\/\/juvigo.de\/magazin\/wp-content\/uploads\/2024\/06\/image-1-247x247.png 247w\" data-sizes=\"(max-width: 500px) 100vw, 500px\" src=\"data:image\/gif;base64,R0lGODlhAQABAAAAACH5BAEKAAEALAAAAAABAAEAAAICTAEAOw==\" style=\"--smush-placeholder-width: 500px; --smush-placeholder-aspect-ratio: 500\/500;\" \/><\/figure><\/div><\/div>\n<\/div>\n\n\n\n<h2 class=\"wp-block-heading\">Auswahl der Feriencamps<\/h2>\n\n\n\n<div class=\"wp-block-columns is-layout-flex wp-container-core-columns-is-layout-2 wp-block-columns-is-layout-flex\">\n<div class=\"wp-block-column is-layout-flow wp-block-column-is-layout-flow\" style=\"flex-basis:66.66%\">\n<p>Bei uns habt ihr alle Feriencamps auf einem Blick. Ihr bekommt einen \u00dcberblick und k\u00f6nnt direkt vergleichen.<br>Wir k\u00f6nnen auf Juvigo hunderte Feriencamps in 17 L\u00e4ndern zu tausenden Reiseterminen anbieten. Allerdings ist uns nicht nur die Auswahl bedeutsam. Wir suchen die Feriencamps nach strengen Gesichtspunkten aus, damit ihr nicht nur eine Menge Spa\u00df im Feriencamp habt, sondern auch sehr gut und sicher aufgehoben seid.<\/p>\n<\/div>\n\n\n\n<div class=\"wp-block-column is-layout-flow wp-block-column-is-layout-flow\" style=\"flex-basis:33.33%\"><\/div>\n<\/div>\n\n\n\n<h2 class=\"wp-block-heading\">Sichere und einfache Buchung<\/h2>\n\n\n\n<div class=\"wp-block-columns is-layout-flex wp-container-core-columns-is-layout-3 wp-block-columns-is-layout-flex\">\n<div class=\"wp-block-column is-layout-flow wp-block-column-is-layout-flow\" style=\"flex-basis:66.66%\">\n<p>Ihr m\u00fcsst euch bei uns nicht durch einen undurchsichtigen Buchungsdschungel k\u00e4mpfen. Ein einfacher Buchungsprozess ohne Umwege und Irref\u00fchrungen \u2013 das ist Teil unserer Kernleistung. Im Anschluss an eure Buchung erhaltet ihr von uns alle wichtigen Informationen rund um die gebuchte Reise.<\/p>\n\n\n\n<p>Ihr seid euch noch nicht sicher, ob ihr buchen sollst? Kein Problem. Mit unserem telefonischen Reservierungsservice k\u00f6nnt ihr euch schon einmal einen Platz im Feriencamp sichern und einfach zu einem sp\u00e4teren Zeitpunkt verbindlich buchen. Obendrauf bieten wir euch f\u00fcr manche Reisen eine kostenfreie Stornierung bis zwei Wochen vor Reisebeginn an. Dies erkennt ihr ganz leicht an dem entsprechenden Hinweis bei Buchung der Reise.<\/p>\n<\/div>\n\n\n\n<div class=\"wp-block-column is-layout-flow wp-block-column-is-layout-flow\" style=\"flex-basis:33.33%\"><div class=\"wp-block-image\">\n<figure class=\"aligncenter size-full\"><img decoding=\"async\" width=\"500\" height=\"500\" data-src=\"https:\/\/juvigo.de\/magazin\/wp-content\/uploads\/2024\/06\/image-2.png\" alt=\"\" class=\"wp-image-10396 lazyload\" title=\"Bei Juvigo kannst du bequem telefonisch reservieren!\" data-srcset=\"https:\/\/juvigo.de\/magazin\/wp-content\/uploads\/2024\/06\/image-2.png 500w, https:\/\/juvigo.de\/magazin\/wp-content\/uploads\/2024\/06\/image-2-300x300.png 300w, https:\/\/juvigo.de\/magazin\/wp-content\/uploads\/2024\/06\/image-2-150x150.png 150w, https:\/\/juvigo.de\/magazin\/wp-content\/uploads\/2024\/06\/image-2-278x278.png 278w, https:\/\/juvigo.de\/magazin\/wp-content\/uploads\/2024\/06\/image-2-247x247.png 247w\" data-sizes=\"(max-width: 500px) 100vw, 500px\" src=\"data:image\/gif;base64,R0lGODlhAQABAAAAACH5BAEKAAEALAAAAAABAAEAAAICTAEAOw==\" style=\"--smush-placeholder-width: 500px; --smush-placeholder-aspect-ratio: 500\/500;\" \/><\/figure><\/div><\/div>\n<\/div>\n\n\n\n<h2 class=\"wp-block-heading\">Erstklassig bewerteter Service<\/h2>\n\n\n\n<div class=\"wp-block-columns is-layout-flex wp-container-core-columns-is-layout-4 wp-block-columns-is-layout-flex\">\n<div class=\"wp-block-column is-layout-flow wp-block-column-is-layout-flow\" style=\"flex-basis:66.66%\">\n<p>Wenn ihr Fragen habt, k\u00f6nnt ihr uns jederzeit anrufen oder eine E-Mail schreiben. Wir wollen, dass ihr das beste Feriencamp oder die angesagteste Jugendreise bekommt und k\u00fcmmern uns gerne pers\u00f6nlich! Au\u00dferdem empfehlen wir bei Sprachreisen unsere Experten-Beratung. F\u00fcr Gruppen haben wir auch einen pers\u00f6nlichen Buchungsservice! Ein Mitglied unseres Expertenteams ber\u00e4t euch und nimmt gegebenenfalls eine Reservierung vor \u2013 nat\u00fcrlich vollkommen unverbindlich und kostenfrei. Es werden alle Fragen zum Thema Kinder- und Jugendreisen beantwortet und ihr k\u00f6nnt mit uns zusammen die richtige Reise finden.<\/p>\n<\/div>\n\n\n\n<div class=\"wp-block-column is-layout-flow wp-block-column-is-layout-flow\" style=\"flex-basis:33.33%\"><\/div>\n<\/div>\n\n\n\n<h2 class=\"wp-block-heading\">Ausgezeichnetes Konzept<\/h2>\n\n\n\n<div class=\"wp-block-columns is-layout-flex wp-container-core-columns-is-layout-5 wp-block-columns-is-layout-flex\">\n<div class=\"wp-block-column is-layout-flow wp-block-column-is-layout-flow\" style=\"flex-basis:66.66%\">\n<p>Der Verband Internet Reisevertrieb (VIR) ist ein Zusammenschluss von Unternehmen, die sich in der digitalen Touristik zu Hause f\u00fchlen. Jedes Jahr k\u00fcrt der Verband ein junges Unternehmen, deren Konzept besonders innovativ ist. Eine hochkar\u00e4tig besetzte Jury mit Vertretern der digitalen Reiseindustrie war von der Idee, Feriencamps, Jugendreisen und Sprachreisen im Internet buchbar zu machen, begeistert. Sie pr\u00e4mierte den Ansatz von Juvigo, einen regional fragmentierten Markt transparent zu machen. Au\u00dferdem \u00fcberzeugte der Ansatz, guten Kundenservice zu liefern. So werden Kinder, Jugendliche und Eltern nicht nur per Telefon und E-Mail, sondern auch \u00fcber Whatsapp und Facebook von den Feriencamp-Experten beraten.<\/p>\n<\/div>\n\n\n\n<div class=\"wp-block-column is-layout-flow wp-block-column-is-layout-flow\" style=\"flex-basis:33.33%\"><div class=\"wp-block-image\">\n<figure class=\"aligncenter size-full\"><img decoding=\"async\" width=\"994\" height=\"397\" data-src=\"https:\/\/juvigo.de\/magazin\/wp-content\/uploads\/2024\/06\/image-3.png\" alt=\"\" class=\"wp-image-10397 lazyload\" title=\"Juvigo - Gewinner des VIR Innovationswettbewerbes 'Sprungbrett' 2017\" data-srcset=\"https:\/\/juvigo.de\/magazin\/wp-content\/uploads\/2024\/06\/image-3.png 994w, https:\/\/juvigo.de\/magazin\/wp-content\/uploads\/2024\/06\/image-3-300x120.png 300w, https:\/\/juvigo.de\/magazin\/wp-content\/uploads\/2024\/06\/image-3-768x307.png 768w, https:\/\/juvigo.de\/magazin\/wp-content\/uploads\/2024\/06\/image-3-600x240.png 600w, https:\/\/juvigo.de\/magazin\/wp-content\/uploads\/2024\/06\/image-3-800x320.png 800w\" data-sizes=\"(max-width: 994px) 100vw, 994px\" src=\"data:image\/gif;base64,R0lGODlhAQABAAAAACH5BAEKAAEALAAAAAABAAEAAAICTAEAOw==\" style=\"--smush-placeholder-width: 994px; --smush-placeholder-aspect-ratio: 994\/397;\" \/><\/figure><\/div><\/div>\n<\/div>\n\n\n\n<div class=\"skeepers_carousel_container\" data-slides-count=\"3\"><\/div><script async charset=\"utf-8\" src=\"\/\/widgets.rr.skeepers.io\/carousel\/aff05208-71ba-a564-056b-9cf73123b893\/da852428-eb78-4c30-9520-51864274ef31.js\"><\/script>\n","protected":false},"excerpt":{"rendered":"<p>Pers\u00f6nliche Beratung Viele von uns bei Juvigo haben nicht nur als Kind gerne Zeit im Feriencamp verbracht, einige haben sogar Jahre lange Erfahrung und Expertise als Betreuer in Feriencamps. Deshalb wissen wir auch genau, was Kinder sich w\u00fcnschen, damit die Zeit im Feriencamp unvergesslich wird. Uns ist besonders wichtig, dass ihr uns vertraut! Deshalb beraten [&hellip;]<\/p>\n","protected":false},"author":3,"featured_media":10357,"parent":0,"menu_order":0,"comment_status":"closed","ping_status":"closed","template":"","meta":{"advgb_blocks_editor_width":"","advgb_blocks_columns_visual_guide":"","footnotes":"","_links_to":"","_links_to_target":""},"categories":[],"tags":[],"class_list":["post-10184","page","type-page","status-publish","has-post-thumbnail","hentry"],"yoast_head":"<!-- This site is optimized with the Yoast SEO plugin v24.8.1 - https:\/\/yoast.com\/wordpress\/plugins\/seo\/ -->\n<title>Unser Qualit\u00e4tsanspruch - Juvigo Magazin<\/title>\n<meta name=\"robots\" content=\"index, follow, max-snippet:-1, max-image-preview:large, max-video-preview:-1\" \/>\n<link rel=\"canonical\" href=\"https:\/\/juvigo.de\/magazin\/unser-qualitaetsanspruch\/\" \/>\n<meta property=\"og:locale\" content=\"de_DE\" \/>\n<meta property=\"og:type\" content=\"article\" \/>\n<meta property=\"og:title\" content=\"Unser Qualit\u00e4tsanspruch - Juvigo Magazin\" \/>\n<meta property=\"og:description\" content=\"Pers\u00f6nliche Beratung Viele von uns bei Juvigo haben nicht nur als Kind gerne Zeit im Feriencamp verbracht, einige haben sogar Jahre lange Erfahrung und Expertise als Betreuer in Feriencamps. Deshalb wissen wir auch genau, was Kinder sich w\u00fcnschen, damit die Zeit im Feriencamp unvergesslich wird. Uns ist besonders wichtig, dass ihr uns vertraut! Deshalb beraten [&hellip;]\" \/>\n<meta property=\"og:url\" content=\"https:\/\/juvigo.de\/magazin\/unser-qualitaetsanspruch\/\" \/>\n<meta property=\"og:site_name\" content=\"Magazin\" \/>\n<meta property=\"article:publisher\" content=\"https:\/\/de-de.facebook.com\/meinjuvigo\" \/>\n<meta property=\"article:modified_time\" content=\"2024-06-24T13:19:39+00:00\" \/>\n<meta property=\"og:image\" content=\"https:\/\/juvigo.de\/magazin\/wp-content\/uploads\/2024\/06\/camping-4303357_1920.jpg\" \/>\n\t<meta property=\"og:image:width\" content=\"1920\" \/>\n\t<meta property=\"og:image:height\" content=\"1080\" \/>\n\t<meta property=\"og:image:type\" content=\"image\/jpeg\" \/>\n<meta name=\"twitter:card\" content=\"summary_large_image\" \/>\n<meta name=\"twitter:site\" content=\"@meinjuvigo\" \/>\n<meta name=\"twitter:label1\" content=\"Gesch\u00e4tzte Lesezeit\" \/>\n\t<meta name=\"twitter:data1\" content=\"4\u00a0Minuten\" \/>\n<script type=\"application\/ld+json\" class=\"yoast-schema-graph\">{\"@context\":\"https:\/\/schema.org\",\"@graph\":[{\"@type\":\"WebPage\",\"@id\":\"https:\/\/juvigo.de\/magazin\/unser-qualitaetsanspruch\/\",\"url\":\"https:\/\/juvigo.de\/magazin\/unser-qualitaetsanspruch\/\",\"name\":\"Unser Qualit\u00e4tsanspruch - Juvigo Magazin\",\"isPartOf\":{\"@id\":\"https:\/\/juvigo.de\/magazin\/#website\"},\"primaryImageOfPage\":{\"@id\":\"https:\/\/juvigo.de\/magazin\/unser-qualitaetsanspruch\/#primaryimage\"},\"image\":{\"@id\":\"https:\/\/juvigo.de\/magazin\/unser-qualitaetsanspruch\/#primaryimage\"},\"thumbnailUrl\":\"https:\/\/juvigo.de\/magazin\/wp-content\/uploads\/2024\/06\/camping-4303357_1920.jpg\",\"datePublished\":\"2024-06-17T08:42:19+00:00\",\"dateModified\":\"2024-06-24T13:19:39+00:00\",\"breadcrumb\":{\"@id\":\"https:\/\/juvigo.de\/magazin\/unser-qualitaetsanspruch\/#breadcrumb\"},\"inLanguage\":\"de\",\"potentialAction\":[{\"@type\":\"ReadAction\",\"target\":[\"https:\/\/juvigo.de\/magazin\/unser-qualitaetsanspruch\/\"]}]},{\"@type\":\"ImageObject\",\"inLanguage\":\"de\",\"@id\":\"https:\/\/juvigo.de\/magazin\/unser-qualitaetsanspruch\/#primaryimage\",\"url\":\"https:\/\/juvigo.de\/magazin\/wp-content\/uploads\/2024\/06\/camping-4303357_1920.jpg\",\"contentUrl\":\"https:\/\/juvigo.de\/magazin\/wp-content\/uploads\/2024\/06\/camping-4303357_1920.jpg\",\"width\":1920,\"height\":1080},{\"@type\":\"BreadcrumbList\",\"@id\":\"https:\/\/juvigo.de\/magazin\/unser-qualitaetsanspruch\/#breadcrumb\",\"itemListElement\":[{\"@type\":\"ListItem\",\"position\":1,\"name\":\"Juvigo-Magazin\",\"item\":\"https:\/\/juvigo.de\/magazin\/\"},{\"@type\":\"ListItem\",\"position\":2,\"name\":\"Unser Qualit\u00e4tsanspruch\"}]},{\"@type\":\"WebSite\",\"@id\":\"https:\/\/juvigo.de\/magazin\/#website\",\"url\":\"https:\/\/juvigo.de\/magazin\/\",\"name\":\"Magazin\",\"description\":\"Informationen zu Feriencamps, Jugendreisen und Sprachreisen\",\"publisher\":{\"@id\":\"https:\/\/juvigo.de\/magazin\/#organization\"},\"potentialAction\":[{\"@type\":\"SearchAction\",\"target\":{\"@type\":\"EntryPoint\",\"urlTemplate\":\"https:\/\/juvigo.de\/magazin\/?s={search_term_string}\"},\"query-input\":{\"@type\":\"PropertyValueSpecification\",\"valueRequired\":true,\"valueName\":\"search_term_string\"}}],\"inLanguage\":\"de\"},{\"@type\":\"Organization\",\"@id\":\"https:\/\/juvigo.de\/magazin\/#organization\",\"name\":\"Juvigo GmbH\",\"url\":\"https:\/\/juvigo.de\/magazin\/\",\"logo\":{\"@type\":\"ImageObject\",\"inLanguage\":\"de\",\"@id\":\"https:\/\/juvigo.de\/magazin\/#\/schema\/logo\/image\/\",\"url\":\"https:\/\/juvigo.de\/magazin\/wp-content\/uploads\/2019\/12\/juvigo_logo_dark_transparentsun_magazin_quicksand1-1.png\",\"contentUrl\":\"https:\/\/juvigo.de\/magazin\/wp-content\/uploads\/2019\/12\/juvigo_logo_dark_transparentsun_magazin_quicksand1-1.png\",\"width\":370,\"height\":155,\"caption\":\"Juvigo GmbH\"},\"image\":{\"@id\":\"https:\/\/juvigo.de\/magazin\/#\/schema\/logo\/image\/\"},\"sameAs\":[\"https:\/\/de-de.facebook.com\/meinjuvigo\",\"https:\/\/x.com\/meinjuvigo\",\"http:\/\/instagram.com\/juvigo_de\/\"]}]}<\/script>\n<!-- \/ Yoast SEO plugin. -->","yoast_head_json":{"title":"Unser Qualit\u00e4tsanspruch - Juvigo Magazin","robots":{"index":"index","follow":"follow","max-snippet":"max-snippet:-1","max-image-preview":"max-image-preview:large","max-video-preview":"max-video-preview:-1"},"canonical":"https:\/\/juvigo.de\/magazin\/unser-qualitaetsanspruch\/","og_locale":"de_DE","og_type":"article","og_title":"Unser Qualit\u00e4tsanspruch - Juvigo Magazin","og_description":"Pers\u00f6nliche Beratung Viele von uns bei Juvigo haben nicht nur als Kind gerne Zeit im Feriencamp verbracht, einige haben sogar Jahre lange Erfahrung und Expertise als Betreuer in Feriencamps. Deshalb wissen wir auch genau, was Kinder sich w\u00fcnschen, damit die Zeit im Feriencamp unvergesslich wird. Uns ist besonders wichtig, dass ihr uns vertraut! Deshalb beraten [&hellip;]","og_url":"https:\/\/juvigo.de\/magazin\/unser-qualitaetsanspruch\/","og_site_name":"Magazin","article_publisher":"https:\/\/de-de.facebook.com\/meinjuvigo","article_modified_time":"2024-06-24T13:19:39+00:00","og_image":[{"width":1920,"height":1080,"url":"https:\/\/juvigo.de\/magazin\/wp-content\/uploads\/2024\/06\/camping-4303357_1920.jpg","type":"image\/jpeg"}],"twitter_card":"summary_large_image","twitter_site":"@meinjuvigo","twitter_misc":{"Gesch\u00e4tzte Lesezeit":"4\u00a0Minuten"},"schema":{"@context":"https:\/\/schema.org","@graph":[{"@type":"WebPage","@id":"https:\/\/juvigo.de\/magazin\/unser-qualitaetsanspruch\/","url":"https:\/\/juvigo.de\/magazin\/unser-qualitaetsanspruch\/","name":"Unser Qualit\u00e4tsanspruch - Juvigo Magazin","isPartOf":{"@id":"https:\/\/juvigo.de\/magazin\/#website"},"primaryImageOfPage":{"@id":"https:\/\/juvigo.de\/magazin\/unser-qualitaetsanspruch\/#primaryimage"},"image":{"@id":"https:\/\/juvigo.de\/magazin\/unser-qualitaetsanspruch\/#primaryimage"},"thumbnailUrl":"https:\/\/juvigo.de\/magazin\/wp-content\/uploads\/2024\/06\/camping-4303357_1920.jpg","datePublished":"2024-06-17T08:42:19+00:00","dateModified":"2024-06-24T13:19:39+00:00","breadcrumb":{"@id":"https:\/\/juvigo.de\/magazin\/unser-qualitaetsanspruch\/#breadcrumb"},"inLanguage":"de","potentialAction":[{"@type":"ReadAction","target":["https:\/\/juvigo.de\/magazin\/unser-qualitaetsanspruch\/"]}]},{"@type":"ImageObject","inLanguage":"de","@id":"https:\/\/juvigo.de\/magazin\/unser-qualitaetsanspruch\/#primaryimage","url":"https:\/\/juvigo.de\/magazin\/wp-content\/uploads\/2024\/06\/camping-4303357_1920.jpg","contentUrl":"https:\/\/juvigo.de\/magazin\/wp-content\/uploads\/2024\/06\/camping-4303357_1920.jpg","width":1920,"height":1080},{"@type":"BreadcrumbList","@id":"https:\/\/juvigo.de\/magazin\/unser-qualitaetsanspruch\/#breadcrumb","itemListElement":[{"@type":"ListItem","position":1,"name":"Juvigo-Magazin","item":"https:\/\/juvigo.de\/magazin\/"},{"@type":"ListItem","position":2,"name":"Unser Qualit\u00e4tsanspruch"}]},{"@type":"WebSite","@id":"https:\/\/juvigo.de\/magazin\/#website","url":"https:\/\/juvigo.de\/magazin\/","name":"Magazin","description":"Informationen zu Feriencamps, Jugendreisen und Sprachreisen","publisher":{"@id":"https:\/\/juvigo.de\/magazin\/#organization"},"potentialAction":[{"@type":"SearchAction","target":{"@type":"EntryPoint","urlTemplate":"https:\/\/juvigo.de\/magazin\/?s={search_term_string}"},"query-input":{"@type":"PropertyValueSpecification","valueRequired":true,"valueName":"search_term_string"}}],"inLanguage":"de"},{"@type":"Organization","@id":"https:\/\/juvigo.de\/magazin\/#organization","name":"Juvigo GmbH","url":"https:\/\/juvigo.de\/magazin\/","logo":{"@type":"ImageObject","inLanguage":"de","@id":"https:\/\/juvigo.de\/magazin\/#\/schema\/logo\/image\/","url":"https:\/\/juvigo.de\/magazin\/wp-content\/uploads\/2019\/12\/juvigo_logo_dark_transparentsun_magazin_quicksand1-1.png","contentUrl":"https:\/\/juvigo.de\/magazin\/wp-content\/uploads\/2019\/12\/juvigo_logo_dark_transparentsun_magazin_quicksand1-1.png","width":370,"height":155,"caption":"Juvigo GmbH"},"image":{"@id":"https:\/\/juvigo.de\/magazin\/#\/schema\/logo\/image\/"},"sameAs":["https:\/\/de-de.facebook.com\/meinjuvigo","https:\/\/x.com\/meinjuvigo","http:\/\/instagram.com\/juvigo_de\/"]}]}},"wps_subtitle":"","coauthors":[],"author_meta":{"author_link":"https:\/\/juvigo.de\/magazin\/author\/max\/","display_name":"Max"},"relative_dates":{"created":"Posted 2\u00a0Jahren ago","modified":"Updated 2\u00a0Jahren ago"},"absolute_dates":{"created":"Posted on 17.06.2024","modified":"Updated on 24.06.2024"},"absolute_dates_time":{"created":"Posted on 17.06.2024 10:42","modified":"Updated on 24.06.2024 15:19"},"featured_img_caption":"","featured_img":"https:\/\/juvigo.de\/magazin\/wp-content\/uploads\/2024\/06\/camping-4303357_1920.jpg","series_order":"","_links":{"self":[{"href":"https:\/\/juvigo.de\/magazin\/wp-json\/wp\/v2\/pages\/10184","targetHints":{"allow":["GET"]}}],"collection":[{"href":"https:\/\/juvigo.de\/magazin\/wp-json\/wp\/v2\/pages"}],"about":[{"href":"https:\/\/juvigo.de\/magazin\/wp-json\/wp\/v2\/types\/page"}],"author":[{"embeddable":true,"href":"https:\/\/juvigo.de\/magazin\/wp-json\/wp\/v2\/users\/3"}],"replies":[{"embeddable":true,"href":"https:\/\/juvigo.de\/magazin\/wp-json\/wp\/v2\/comments?post=10184"}],"version-history":[{"count":5,"href":"https:\/\/juvigo.de\/magazin\/wp-json\/wp\/v2\/pages\/10184\/revisions"}],"predecessor-version":[{"id":10398,"href":"https:\/\/juvigo.de\/magazin\/wp-json\/wp\/v2\/pages\/10184\/revisions\/10398"}],"wp:featuredmedia":[{"embeddable":true,"href":"https:\/\/juvigo.de\/magazin\/wp-json\/wp\/v2\/media\/10357"}],"wp:attachment":[{"href":"https:\/\/juvigo.de\/magazin\/wp-json\/wp\/v2\/media?parent=10184"}],"wp:term":[{"taxonomy":"category","embeddable":true,"href":"https:\/\/juvigo.de\/magazin\/wp-json\/wp\/v2\/categories?post=10184"},{"taxonomy":"post_tag","embeddable":true,"href":"https:\/\/juvigo.de\/magazin\/wp-json\/wp\/v2\/tags?post=10184"}],"curies":[{"name":"wp","href":"https:\/\/api.w.org\/{rel}","templated":true}]}}