{"id":10200,"date":"2024-06-17T10:49:11","date_gmt":"2024-06-17T08:49:11","guid":{"rendered":"https:\/\/juvigo.de\/magazin\/?page_id=10200"},"modified":"2024-11-29T10:12:56","modified_gmt":"2024-11-29T09:12:56","slug":"juvigo-reiseschutz","status":"publish","type":"page","link":"https:\/\/juvigo.de\/magazin\/juvigo-reiseschutz\/","title":{"rendered":"Juvigo-Reiseschutz"},"content":{"rendered":"\n<p>Mit unserem starken Partner HanseMerkur mit \u00fcber 140 Jahren Erfahrung bieten wir euch einen qualitativ exzellenten Versicherungsschutz!<\/p>\n\n\n\n<iframe width=\"560\" height=\"315\" src=\"https:\/\/www.youtube.com\/embed\/rA8l4jD148A?si=12wF6rPY3aYAtkUe\" title=\"YouTube video player\" frameborder=\"0\" allow=\"accelerometer; autoplay; clipboard-write; encrypted-media; gyroscope; picture-in-picture; web-share\" referrerpolicy=\"strict-origin-when-cross-origin\" allowfullscreen><\/iframe>\n\n\n\n<p>Wir haben f\u00fcr euch die besten Konditionen ausgehandelt und k\u00f6nnen euch ein besseres Angebot machen, als ihr individuell bei einem Versicherer buchen k\u00f6nntet.<\/p>\n\n\n\n<figure class=\"wp-block-image size-large\"><img decoding=\"async\" width=\"1024\" height=\"650\" data-src=\"https:\/\/juvigo.de\/magazin\/wp-content\/uploads\/2024\/06\/image-2-1024x650.jpeg\" alt=\"\" class=\"wp-image-10402 lazyload\" title=\"Reise-R\u00fccktrittsversicherung und 5-Sterne-Premiumschutz im Vergleich\" data-srcset=\"https:\/\/juvigo.de\/magazin\/wp-content\/uploads\/2024\/06\/image-2-1024x650.jpeg 1024w, https:\/\/juvigo.de\/magazin\/wp-content\/uploads\/2024\/06\/image-2-300x191.jpeg 300w, https:\/\/juvigo.de\/magazin\/wp-content\/uploads\/2024\/06\/image-2-768x488.jpeg 768w, https:\/\/juvigo.de\/magazin\/wp-content\/uploads\/2024\/06\/image-2-600x381.jpeg 600w, https:\/\/juvigo.de\/magazin\/wp-content\/uploads\/2024\/06\/image-2-800x508.jpeg 800w, https:\/\/juvigo.de\/magazin\/wp-content\/uploads\/2024\/06\/image-2.jpeg 1346w\" data-sizes=\"(max-width: 1024px) 100vw, 1024px\" src=\"data:image\/gif;base64,R0lGODlhAQABAAAAACH5BAEKAAEALAAAAAABAAEAAAICTAEAOw==\" style=\"--smush-placeholder-width: 1024px; --smush-placeholder-aspect-ratio: 1024\/650;\" \/><\/figure>\n\n\n\n<div style=\"height:30px\" aria-hidden=\"true\" class=\"wp-block-spacer\"><\/div>\n\n\n\n<h2 class=\"wp-block-heading\">Reise-R\u00fccktrittsversicherung<\/h2>\n\n\n\n<p>Bei R\u00fccktritt von der Reisebuchung oder versp\u00e4tetem Antritt der Reise erstatten wir die vertraglich geschuldeten Stornokosten bzw. die Hinreise-Mehrkosten. Besonders angenehm f\u00fcr euch: Ihr tragt keinen Selbstbehalt (Ausnahme: ambulant behandelte Erkrankungen mit 20 % Selbstbehalt, mind. 25,\u2013 EUR \/ CHF).<\/p>\n\n\n\n<h2 class=\"wp-block-heading\">5-Sterne-Premium-Schutz<\/h2>\n\n\n\n<p>Der Premium-Schutz sichert euren Urlaub perfekt ab &#8211; denn hier erhaltet ihr die wichtigsten Reiseversicherungen praktisch in einem Paket. Unser Premium-Schutzpaket bietet euch neben der oben beschriebenen Reise-R\u00fccktrittsversicherung zus\u00e4tzlich noch folgende weitere Leistungen:<\/p>\n\n\n\n<h3 class=\"wp-block-heading\">Urlaubsgarantie (Reiseabbruch-Versicherung)<\/h3>\n\n\n\n<p>Bei vorzeitigem Abbruch der Reise erstatten wir entweder den gesamten oder anteiligen Reisepreis, abh\u00e4ngig vom Zeitpunkt des Abbruchs. Au\u00dferdem tragen wir die Mehrkosten bei versp\u00e4teter R\u00fcckreise und erstatten die nicht in Anspruch genommenen Reiseleistungen bei versp\u00e4tetem Reiseantritt.<\/p>\n\n\n\n<h3 class=\"wp-block-heading\">Reisegep\u00e4ck-Versicherung<\/h3>\n\n\n\n<p>Bei Besch\u00e4digung oder Abhandenkommen eures mitgef\u00fchrten Gep\u00e4cks ersetzen wir euch den Zeitwert bis zu einer Obergrenze von 2.000,\u2013 EUR \/ CHF. Wird euer Gep\u00e4ck nicht rechtzeitig ausgeliefert, erstatten wir alle notwendigen Ersatzk\u00e4ufe bis 500,\u2013 EUR \/ CHF. Das Ganze ohne Selbstbehalt f\u00fcr euch.<\/p>\n\n\n\n<h3 class=\"wp-block-heading\">Reise-Unfallversicherung<\/h3>\n\n\n\n<p>Im Invalidit\u00e4tsfall durch einen Unfall zahlen wir euch ein einmaliges Schmerzensgeld, je nach Grad der dauerhaften Verletzung. Bei Unfalltod betr\u00e4gt die Leistung 20.000,\u2013 EUR \/ CHF. Bei Kindern bis zur Vollendung des 18. Lebensjahres 10.000,\u2013 EUR \/ CHF.<\/p>\n\n\n\n<h3 class=\"wp-block-heading\">Reise-Krankenversicherungen<\/h3>\n\n\n\n<p>Bei notwendiger \u00e4rztlicher Behandlung im Ausland erstatten wir u. a. die Kosten f\u00fcr ambulante und station\u00e4re Behandlungen als Privatpatient, \u00e4rztlich verordnete Arznei- und Verbandsmittel und \u00fcbernehmen die Kosten des \u00e4rztlich angeordneten R\u00fccktransports ins Heimatland. Das Ganze ohne Selbstbehalt f\u00fcr euch.<\/p>\n\n\n\n<h3 class=\"wp-block-heading\">Notfall-Versicherung<\/h3>\n\n\n\n<p>Unser Notruf-Service steht euch w\u00e4hrend der Reise an 365 Tagen, rund um die Uhr und weltweit zur Verf\u00fcgung. Dieser beinhaltet u. a. Krankentransporte oder Hilfe bei Dokumentenverlust bzw. Verlust von Zahlungsmitteln.<\/p>\n\n\n\n<h3 class=\"wp-block-heading\">Reise-Haftpflichtversicherung<\/h3>\n\n\n\n<p>Ihr genie\u00dft Versicherungsschutz gegen Schadenersatzanspr\u00fcche bei Personen- und Sachsch\u00e4den. Die Deckungssumme betr\u00e4gt max. 1,5 Mio. EUR \/ CHF, davon bei Mietsachsch\u00e4den bis max. 25.000,\u2013 EUR \/ CHF (Selbstbehalt bei Mietsachsch\u00e4den betr\u00e4gt 20 %, min. 50,\u2013 EUR \/ CHF).<\/p>\n\n\n\n<p>Bei einem Versicherungsabschluss erhaltet ihr die kompletten Versicherungsbedingungen. Bitte schlie\u00dft eure Reiseversicherung m\u00f6glichst mit der Reisebuchung ab, um von Anfang an den Versicherungsschutz zu genie\u00dfen. Ansonsten gelten unsere Abschlussfristen, die wir euch gerne mitteilen.<\/p>\n\n\n\n<figure class=\"wp-block-table is-style-stripes\"><table class=\"has-trawell-txt-color has-text-color has-background\" style=\"background-color:#01b884\"><thead><tr><td>&nbsp;<\/td><td><mark style=\"background-color:rgba(0, 0, 0, 0)\" class=\"has-inline-color has-trawell-bg-color\">5-Sterne-Premiumschutz<\/mark><\/td><td><mark style=\"background-color:rgba(0, 0, 0, 0)\" class=\"has-inline-color has-trawell-bg-color\">Reise-R\u00fccktrittsversicherung<\/mark><\/td><\/tr><tr><td><mark style=\"background-color:rgba(0, 0, 0, 0)\" class=\"has-inline-color has-trawell-bg-color\"> <strong>Reisepreis<\/strong> bis EUR<\/mark><\/td><td><mark style=\"background-color:rgba(0, 0, 0, 0)\" class=\"has-inline-color has-trawell-bg-color\"><strong>Einzelperson<\/strong> in EUR<\/mark> \/ CHF<\/td><td><mark style=\"background-color:rgba(0, 0, 0, 0)\" class=\"has-inline-color has-trawell-bg-color\"><strong>Einzelperson<\/strong> in EUR<\/mark> \/ CHF<\/td><\/tr><\/thead><tbody><tr><td>100,\u2013<\/td><td>7,\u2013<\/td><td>4,\u2013<\/td><\/tr><tr><td>200,\u2013<\/td><td>11,\u2013<\/td><td>6,\u2013<\/td><\/tr><tr><td>400,\u2013<\/td><td>16,\u2013<\/td><td>12,\u2013<\/td><\/tr><tr><td>600,\u2013<\/td><td>22,\u2013<\/td><td>15,\u2013<\/td><\/tr><tr><td>700,\u2013<\/td><td>25,\u2013<\/td><td>18,\u2013<\/td><\/tr><tr><td>800,\u2013<\/td><td>27,\u2013<\/td><td>21,\u2013<\/td><\/tr><tr><td>1.000,\u2013<\/td><td>33,\u2013<\/td><td>26,\u2013<\/td><\/tr><tr><td>1.500,\u2013<\/td><td>44,\u2013<\/td><td>39,\u2013<\/td><\/tr><tr><td>2.000,\u2013<\/td><td>55,\u2013<\/td><td>49,\u2013<\/td><\/tr><tr><td>2.500,\u2013<\/td><td>85,\u2013<\/td><td>65,\u2013<\/td><\/tr><tr><td>3.000,\u2013<\/td><td>122,\u2013<\/td><td>79,\u2013<\/td><\/tr><tr><td>4.000,\u2013<\/td><td>145,\u2013<\/td><td>99,\u2013<\/td><\/tr><tr><td>5.000,\u2013<\/td><td>175,\u2013<\/td><td>129,\u2013<\/td><\/tr><tr><td>6.000,\u2013<\/td><td>245,\u2013<\/td><td>189,\u2013<\/td><\/tr><tr><td>7.000,\u2013<\/td><td>299,\u2013<\/td><td>239,\u2013<\/td><\/tr><\/tbody><\/table><\/figure>\n\n\n\n<h2 class=\"wp-block-heading\">Corona-Reiseschutz<\/h2>\n\n\n\n<p>Damit ihr auch in Zeiten von Corona rundum abgesichert seid, bieten wir euch zus\u00e4tzlich den neuen Corona-Reiseschutz. Dieser kann nur in Kombination mit der klassischen Reiser\u00fccktrittsversicherung oder dem 5-Sterne-Premium-Schutz gebucht werden. Zus\u00e4tzlich zu den in der von euch zuerst gew\u00e4hlten Versicherung deckt der Corona-Reiseschutz folgende Leistungen ab:<\/p>\n\n\n\n<h3 class=\"wp-block-heading\">Absicherung vor der Reise<\/h3>\n\n\n\n<p>Solltet ihr infolge einer beh\u00f6rdlichen Ma\u00dfnahme oder einer Anordnung durch berechtigte Dritte (bsp. Arzt) in h\u00e4usliche Quarant\u00e4ne gesetzt werden, dann \u00fcbernehmen wir die Stornokosten bzw. die Hinreise-Mehrkosten. Dies gilt auch bei Verweigerung der Bef\u00f6rderung bzw. Betretens des versicherten Mietobjektes durch berechtigte Dritte (z. B. Flughafenpersonal, Vermieter) am Tag der Hinreise.<\/p>\n\n\n\n<h3 class=\"wp-block-heading\">Absicherung w\u00e4hrend der Reise (nur in Kombination mit 5-Sterne-Premiumschutz)<\/h3>\n\n\n\n<p>Bei Isolation (Quarant\u00e4ne) infolge einer beh\u00f6rdlichen Ma\u00dfnahme oder einer Anordnung durch berechtigte Dritte (bsp. Arzt) und bei der Verweigerung der Bef\u00f6rderung bzw. Betretens des versicherten Mietobjektes durch berechtigte Dritte (z. B. Flughafenpersonal, Vermieter) am Tag der R\u00fcckreise, erstatten wir die nicht genutzten Reiseleistungen bzw. den vollen Reisepreis bei Abbruch in der 1. H\u00e4lfte der Reise (max. bis zum 8. Reisetag), die R\u00fcckreise-Mehrkosten und die Unterkunftskosten f\u00fcr den verl\u00e4ngerten Aufenthalt.<\/p>\n","protected":false},"excerpt":{"rendered":"<p>Mit unserem starken Partner HanseMerkur mit \u00fcber 140 Jahren Erfahrung bieten wir euch einen qualitativ exzellenten Versicherungsschutz! Wir haben f\u00fcr euch die besten Konditionen ausgehandelt und k\u00f6nnen euch ein besseres Angebot machen, als ihr individuell bei einem Versicherer buchen k\u00f6nntet. Reise-R\u00fccktrittsversicherung Bei R\u00fccktritt von der Reisebuchung oder versp\u00e4tetem Antritt der Reise erstatten wir die vertraglich [&hellip;]<\/p>\n","protected":false},"author":3,"featured_media":10357,"parent":0,"menu_order":0,"comment_status":"closed","ping_status":"closed","template":"","meta":{"advgb_blocks_editor_width":"","advgb_blocks_columns_visual_guide":"","footnotes":"","_links_to":"","_links_to_target":""},"categories":[],"tags":[],"class_list":["post-10200","page","type-page","status-publish","has-post-thumbnail","hentry"],"yoast_head":"<!-- This site is optimized with the Yoast SEO plugin v24.8.1 - https:\/\/yoast.com\/wordpress\/plugins\/seo\/ -->\n<title>Juvigo-Reiseschutz - Juvigo Magazin<\/title>\n<meta name=\"robots\" content=\"index, follow, max-snippet:-1, max-image-preview:large, max-video-preview:-1\" \/>\n<link rel=\"canonical\" href=\"https:\/\/juvigo.de\/magazin\/juvigo-reiseschutz\/\" \/>\n<meta property=\"og:locale\" content=\"de_DE\" \/>\n<meta property=\"og:type\" content=\"article\" \/>\n<meta property=\"og:title\" content=\"Juvigo-Reiseschutz - Juvigo Magazin\" \/>\n<meta property=\"og:description\" content=\"Mit unserem starken Partner HanseMerkur mit \u00fcber 140 Jahren Erfahrung bieten wir euch einen qualitativ exzellenten Versicherungsschutz! Wir haben f\u00fcr euch die besten Konditionen ausgehandelt und k\u00f6nnen euch ein besseres Angebot machen, als ihr individuell bei einem Versicherer buchen k\u00f6nntet. Reise-R\u00fccktrittsversicherung Bei R\u00fccktritt von der Reisebuchung oder versp\u00e4tetem Antritt der Reise erstatten wir die vertraglich [&hellip;]\" \/>\n<meta property=\"og:url\" content=\"https:\/\/juvigo.de\/magazin\/juvigo-reiseschutz\/\" \/>\n<meta property=\"og:site_name\" content=\"Magazin\" \/>\n<meta property=\"article:publisher\" content=\"https:\/\/de-de.facebook.com\/meinjuvigo\" \/>\n<meta property=\"article:modified_time\" content=\"2024-11-29T09:12:56+00:00\" \/>\n<meta property=\"og:image\" content=\"https:\/\/juvigo.de\/magazin\/wp-content\/uploads\/2024\/06\/camping-4303357_1920.jpg\" \/>\n\t<meta property=\"og:image:width\" content=\"1920\" \/>\n\t<meta property=\"og:image:height\" content=\"1080\" \/>\n\t<meta property=\"og:image:type\" content=\"image\/jpeg\" \/>\n<meta name=\"twitter:card\" content=\"summary_large_image\" \/>\n<meta name=\"twitter:site\" content=\"@meinjuvigo\" \/>\n<meta name=\"twitter:label1\" content=\"Gesch\u00e4tzte Lesezeit\" \/>\n\t<meta name=\"twitter:data1\" content=\"4\u00a0Minuten\" \/>\n<script type=\"application\/ld+json\" class=\"yoast-schema-graph\">{\"@context\":\"https:\/\/schema.org\",\"@graph\":[{\"@type\":\"WebPage\",\"@id\":\"https:\/\/juvigo.de\/magazin\/juvigo-reiseschutz\/\",\"url\":\"https:\/\/juvigo.de\/magazin\/juvigo-reiseschutz\/\",\"name\":\"Juvigo-Reiseschutz - Juvigo Magazin\",\"isPartOf\":{\"@id\":\"https:\/\/juvigo.de\/magazin\/#website\"},\"primaryImageOfPage\":{\"@id\":\"https:\/\/juvigo.de\/magazin\/juvigo-reiseschutz\/#primaryimage\"},\"image\":{\"@id\":\"https:\/\/juvigo.de\/magazin\/juvigo-reiseschutz\/#primaryimage\"},\"thumbnailUrl\":\"https:\/\/juvigo.de\/magazin\/wp-content\/uploads\/2024\/06\/camping-4303357_1920.jpg\",\"datePublished\":\"2024-06-17T08:49:11+00:00\",\"dateModified\":\"2024-11-29T09:12:56+00:00\",\"breadcrumb\":{\"@id\":\"https:\/\/juvigo.de\/magazin\/juvigo-reiseschutz\/#breadcrumb\"},\"inLanguage\":\"de\",\"potentialAction\":[{\"@type\":\"ReadAction\",\"target\":[\"https:\/\/juvigo.de\/magazin\/juvigo-reiseschutz\/\"]}]},{\"@type\":\"ImageObject\",\"inLanguage\":\"de\",\"@id\":\"https:\/\/juvigo.de\/magazin\/juvigo-reiseschutz\/#primaryimage\",\"url\":\"https:\/\/juvigo.de\/magazin\/wp-content\/uploads\/2024\/06\/camping-4303357_1920.jpg\",\"contentUrl\":\"https:\/\/juvigo.de\/magazin\/wp-content\/uploads\/2024\/06\/camping-4303357_1920.jpg\",\"width\":1920,\"height\":1080},{\"@type\":\"BreadcrumbList\",\"@id\":\"https:\/\/juvigo.de\/magazin\/juvigo-reiseschutz\/#breadcrumb\",\"itemListElement\":[{\"@type\":\"ListItem\",\"position\":1,\"name\":\"Juvigo-Magazin\",\"item\":\"https:\/\/juvigo.de\/magazin\/\"},{\"@type\":\"ListItem\",\"position\":2,\"name\":\"Juvigo-Reiseschutz\"}]},{\"@type\":\"WebSite\",\"@id\":\"https:\/\/juvigo.de\/magazin\/#website\",\"url\":\"https:\/\/juvigo.de\/magazin\/\",\"name\":\"Magazin\",\"description\":\"Informationen zu Feriencamps, Jugendreisen und Sprachreisen\",\"publisher\":{\"@id\":\"https:\/\/juvigo.de\/magazin\/#organization\"},\"potentialAction\":[{\"@type\":\"SearchAction\",\"target\":{\"@type\":\"EntryPoint\",\"urlTemplate\":\"https:\/\/juvigo.de\/magazin\/?s={search_term_string}\"},\"query-input\":{\"@type\":\"PropertyValueSpecification\",\"valueRequired\":true,\"valueName\":\"search_term_string\"}}],\"inLanguage\":\"de\"},{\"@type\":\"Organization\",\"@id\":\"https:\/\/juvigo.de\/magazin\/#organization\",\"name\":\"Juvigo GmbH\",\"url\":\"https:\/\/juvigo.de\/magazin\/\",\"logo\":{\"@type\":\"ImageObject\",\"inLanguage\":\"de\",\"@id\":\"https:\/\/juvigo.de\/magazin\/#\/schema\/logo\/image\/\",\"url\":\"https:\/\/juvigo.de\/magazin\/wp-content\/uploads\/2019\/12\/juvigo_logo_dark_transparentsun_magazin_quicksand1-1.png\",\"contentUrl\":\"https:\/\/juvigo.de\/magazin\/wp-content\/uploads\/2019\/12\/juvigo_logo_dark_transparentsun_magazin_quicksand1-1.png\",\"width\":370,\"height\":155,\"caption\":\"Juvigo GmbH\"},\"image\":{\"@id\":\"https:\/\/juvigo.de\/magazin\/#\/schema\/logo\/image\/\"},\"sameAs\":[\"https:\/\/de-de.facebook.com\/meinjuvigo\",\"https:\/\/x.com\/meinjuvigo\",\"http:\/\/instagram.com\/juvigo_de\/\"]}]}<\/script>\n<!-- \/ Yoast SEO plugin. -->","yoast_head_json":{"title":"Juvigo-Reiseschutz - Juvigo Magazin","robots":{"index":"index","follow":"follow","max-snippet":"max-snippet:-1","max-image-preview":"max-image-preview:large","max-video-preview":"max-video-preview:-1"},"canonical":"https:\/\/juvigo.de\/magazin\/juvigo-reiseschutz\/","og_locale":"de_DE","og_type":"article","og_title":"Juvigo-Reiseschutz - Juvigo Magazin","og_description":"Mit unserem starken Partner HanseMerkur mit \u00fcber 140 Jahren Erfahrung bieten wir euch einen qualitativ exzellenten Versicherungsschutz! Wir haben f\u00fcr euch die besten Konditionen ausgehandelt und k\u00f6nnen euch ein besseres Angebot machen, als ihr individuell bei einem Versicherer buchen k\u00f6nntet. Reise-R\u00fccktrittsversicherung Bei R\u00fccktritt von der Reisebuchung oder versp\u00e4tetem Antritt der Reise erstatten wir die vertraglich [&hellip;]","og_url":"https:\/\/juvigo.de\/magazin\/juvigo-reiseschutz\/","og_site_name":"Magazin","article_publisher":"https:\/\/de-de.facebook.com\/meinjuvigo","article_modified_time":"2024-11-29T09:12:56+00:00","og_image":[{"width":1920,"height":1080,"url":"https:\/\/juvigo.de\/magazin\/wp-content\/uploads\/2024\/06\/camping-4303357_1920.jpg","type":"image\/jpeg"}],"twitter_card":"summary_large_image","twitter_site":"@meinjuvigo","twitter_misc":{"Gesch\u00e4tzte Lesezeit":"4\u00a0Minuten"},"schema":{"@context":"https:\/\/schema.org","@graph":[{"@type":"WebPage","@id":"https:\/\/juvigo.de\/magazin\/juvigo-reiseschutz\/","url":"https:\/\/juvigo.de\/magazin\/juvigo-reiseschutz\/","name":"Juvigo-Reiseschutz - Juvigo Magazin","isPartOf":{"@id":"https:\/\/juvigo.de\/magazin\/#website"},"primaryImageOfPage":{"@id":"https:\/\/juvigo.de\/magazin\/juvigo-reiseschutz\/#primaryimage"},"image":{"@id":"https:\/\/juvigo.de\/magazin\/juvigo-reiseschutz\/#primaryimage"},"thumbnailUrl":"https:\/\/juvigo.de\/magazin\/wp-content\/uploads\/2024\/06\/camping-4303357_1920.jpg","datePublished":"2024-06-17T08:49:11+00:00","dateModified":"2024-11-29T09:12:56+00:00","breadcrumb":{"@id":"https:\/\/juvigo.de\/magazin\/juvigo-reiseschutz\/#breadcrumb"},"inLanguage":"de","potentialAction":[{"@type":"ReadAction","target":["https:\/\/juvigo.de\/magazin\/juvigo-reiseschutz\/"]}]},{"@type":"ImageObject","inLanguage":"de","@id":"https:\/\/juvigo.de\/magazin\/juvigo-reiseschutz\/#primaryimage","url":"https:\/\/juvigo.de\/magazin\/wp-content\/uploads\/2024\/06\/camping-4303357_1920.jpg","contentUrl":"https:\/\/juvigo.de\/magazin\/wp-content\/uploads\/2024\/06\/camping-4303357_1920.jpg","width":1920,"height":1080},{"@type":"BreadcrumbList","@id":"https:\/\/juvigo.de\/magazin\/juvigo-reiseschutz\/#breadcrumb","itemListElement":[{"@type":"ListItem","position":1,"name":"Juvigo-Magazin","item":"https:\/\/juvigo.de\/magazin\/"},{"@type":"ListItem","position":2,"name":"Juvigo-Reiseschutz"}]},{"@type":"WebSite","@id":"https:\/\/juvigo.de\/magazin\/#website","url":"https:\/\/juvigo.de\/magazin\/","name":"Magazin","description":"Informationen zu Feriencamps, Jugendreisen und Sprachreisen","publisher":{"@id":"https:\/\/juvigo.de\/magazin\/#organization"},"potentialAction":[{"@type":"SearchAction","target":{"@type":"EntryPoint","urlTemplate":"https:\/\/juvigo.de\/magazin\/?s={search_term_string}"},"query-input":{"@type":"PropertyValueSpecification","valueRequired":true,"valueName":"search_term_string"}}],"inLanguage":"de"},{"@type":"Organization","@id":"https:\/\/juvigo.de\/magazin\/#organization","name":"Juvigo GmbH","url":"https:\/\/juvigo.de\/magazin\/","logo":{"@type":"ImageObject","inLanguage":"de","@id":"https:\/\/juvigo.de\/magazin\/#\/schema\/logo\/image\/","url":"https:\/\/juvigo.de\/magazin\/wp-content\/uploads\/2019\/12\/juvigo_logo_dark_transparentsun_magazin_quicksand1-1.png","contentUrl":"https:\/\/juvigo.de\/magazin\/wp-content\/uploads\/2019\/12\/juvigo_logo_dark_transparentsun_magazin_quicksand1-1.png","width":370,"height":155,"caption":"Juvigo GmbH"},"image":{"@id":"https:\/\/juvigo.de\/magazin\/#\/schema\/logo\/image\/"},"sameAs":["https:\/\/de-de.facebook.com\/meinjuvigo","https:\/\/x.com\/meinjuvigo","http:\/\/instagram.com\/juvigo_de\/"]}]}},"wps_subtitle":"","coauthors":[],"author_meta":{"author_link":"https:\/\/juvigo.de\/magazin\/author\/max\/","display_name":"Max"},"relative_dates":{"created":"Posted 2\u00a0Jahren ago","modified":"Updated 1\u00a0Jahr ago"},"absolute_dates":{"created":"Posted on 17.06.2024","modified":"Updated on 29.11.2024"},"absolute_dates_time":{"created":"Posted on 17.06.2024 10:49","modified":"Updated on 29.11.2024 10:12"},"featured_img_caption":"","featured_img":"https:\/\/juvigo.de\/magazin\/wp-content\/uploads\/2024\/06\/camping-4303357_1920.jpg","series_order":"","_links":{"self":[{"href":"https:\/\/juvigo.de\/magazin\/wp-json\/wp\/v2\/pages\/10200","targetHints":{"allow":["GET"]}}],"collection":[{"href":"https:\/\/juvigo.de\/magazin\/wp-json\/wp\/v2\/pages"}],"about":[{"href":"https:\/\/juvigo.de\/magazin\/wp-json\/wp\/v2\/types\/page"}],"author":[{"embeddable":true,"href":"https:\/\/juvigo.de\/magazin\/wp-json\/wp\/v2\/users\/3"}],"replies":[{"embeddable":true,"href":"https:\/\/juvigo.de\/magazin\/wp-json\/wp\/v2\/comments?post=10200"}],"version-history":[{"count":14,"href":"https:\/\/juvigo.de\/magazin\/wp-json\/wp\/v2\/pages\/10200\/revisions"}],"predecessor-version":[{"id":11054,"href":"https:\/\/juvigo.de\/magazin\/wp-json\/wp\/v2\/pages\/10200\/revisions\/11054"}],"wp:featuredmedia":[{"embeddable":true,"href":"https:\/\/juvigo.de\/magazin\/wp-json\/wp\/v2\/media\/10357"}],"wp:attachment":[{"href":"https:\/\/juvigo.de\/magazin\/wp-json\/wp\/v2\/media?parent=10200"}],"wp:term":[{"taxonomy":"category","embeddable":true,"href":"https:\/\/juvigo.de\/magazin\/wp-json\/wp\/v2\/categories?post=10200"},{"taxonomy":"post_tag","embeddable":true,"href":"https:\/\/juvigo.de\/magazin\/wp-json\/wp\/v2\/tags?post=10200"}],"curies":[{"name":"wp","href":"https:\/\/api.w.org\/{rel}","templated":true}]}}