{"id":10211,"date":"2024-06-17T11:03:29","date_gmt":"2024-06-17T09:03:29","guid":{"rendered":"https:\/\/juvigo.de\/magazin\/?page_id=10211"},"modified":"2024-06-24T15:19:20","modified_gmt":"2024-06-24T13:19:20","slug":"mitgliedschaften","status":"publish","type":"page","link":"https:\/\/juvigo.de\/magazin\/mitgliedschaften\/","title":{"rendered":"Wir sind in Jugendreise-Verb\u00e4nden aktiv!"},"content":{"rendered":"\n<p>F\u00fcr uns ist es selbstverst\u00e4ndlich, in Verb\u00e4nden aktiv zu sein. Wir verf\u00fcgen daher \u00fcber ein breites und st\u00e4ndig wachsendes Netzwerk.<\/p>\n\n\n\n<h2 class=\"wp-block-heading\">Reisenetz &#8211; Deutscher Fachverband f\u00fcr Jugendreisen<\/h2>\n\n\n\n<div class=\"wp-block-columns is-layout-flex wp-container-core-columns-is-layout-1 wp-block-columns-is-layout-flex\">\n<div class=\"wp-block-column is-layout-flow wp-block-column-is-layout-flow\" style=\"flex-basis:66.66%\">\n<p>Das Reisenetz hat \u00fcber 25 Jahre Erfahrung und kann sich im Bereich Jugendreisen das gr\u00f6\u00dfte Netzwerk Deutschlands nennen. Hier arbeiten kommerzielle und gemeinn\u00fctzige Organisationen vertrauensvoll Hand in Hand zusammen um Jugendreisen f\u00fcr euch zu professionalisieren.<\/p>\n<\/div>\n\n\n\n<div class=\"wp-block-column is-layout-flow wp-block-column-is-layout-flow\" style=\"flex-basis:33.33%\"><div class=\"wp-block-image\">\n<figure class=\"aligncenter size-full\"><img decoding=\"async\" width=\"811\" height=\"367\" data-src=\"https:\/\/juvigo.de\/magazin\/wp-content\/uploads\/2024\/06\/image.png\" alt=\"\" class=\"wp-image-10391 lazyload\" title=\"Juvigo ist Mitglied im Reisenetz\" data-srcset=\"https:\/\/juvigo.de\/magazin\/wp-content\/uploads\/2024\/06\/image.png 811w, https:\/\/juvigo.de\/magazin\/wp-content\/uploads\/2024\/06\/image-300x136.png 300w, https:\/\/juvigo.de\/magazin\/wp-content\/uploads\/2024\/06\/image-768x348.png 768w, https:\/\/juvigo.de\/magazin\/wp-content\/uploads\/2024\/06\/image-600x272.png 600w, https:\/\/juvigo.de\/magazin\/wp-content\/uploads\/2024\/06\/image-800x362.png 800w\" data-sizes=\"(max-width: 811px) 100vw, 811px\" src=\"data:image\/gif;base64,R0lGODlhAQABAAAAACH5BAEKAAEALAAAAAABAAEAAAICTAEAOw==\" style=\"--smush-placeholder-width: 811px; --smush-placeholder-aspect-ratio: 811\/367;\" \/><\/figure><\/div><\/div>\n<\/div>\n\n\n\n<h2 class=\"wp-block-heading\">Verband Internet Reisevertrieb (VIR)<\/h2>\n\n\n\n<div class=\"wp-block-columns is-layout-flex wp-container-core-columns-is-layout-2 wp-block-columns-is-layout-flex\">\n<div class=\"wp-block-column is-layout-flow wp-block-column-is-layout-flow\" style=\"flex-basis:66.66%\">\n<p>Seit 2004 setzt sich der Verband Internet Reisevertrieb e.V. f\u00fcr die St\u00e4rkung der Qualit\u00e4t von Internet-Reiseportalen und des Vertrauens in die Online-Touristik ein. Wir als Mitglied des VIR verpflichten euch dir ein H\u00f6chstma\u00df an Sicherheit und Qualit\u00e4t bereitzustellen.<\/p>\n<\/div>\n\n\n\n<div class=\"wp-block-column is-layout-flow wp-block-column-is-layout-flow\" style=\"flex-basis:33.33%\"><div class=\"wp-block-image\">\n<figure class=\"aligncenter size-full\"><img decoding=\"async\" width=\"834\" height=\"450\" data-src=\"https:\/\/juvigo.de\/magazin\/wp-content\/uploads\/2024\/06\/image-1.jpeg\" alt=\"\" class=\"wp-image-10393 lazyload\" title=\"Juvigo ist Mitglied im VIR\" data-srcset=\"https:\/\/juvigo.de\/magazin\/wp-content\/uploads\/2024\/06\/image-1.jpeg 834w, https:\/\/juvigo.de\/magazin\/wp-content\/uploads\/2024\/06\/image-1-300x162.jpeg 300w, https:\/\/juvigo.de\/magazin\/wp-content\/uploads\/2024\/06\/image-1-768x414.jpeg 768w, https:\/\/juvigo.de\/magazin\/wp-content\/uploads\/2024\/06\/image-1-600x324.jpeg 600w, https:\/\/juvigo.de\/magazin\/wp-content\/uploads\/2024\/06\/image-1-800x432.jpeg 800w\" data-sizes=\"(max-width: 834px) 100vw, 834px\" src=\"data:image\/gif;base64,R0lGODlhAQABAAAAACH5BAEKAAEALAAAAAABAAEAAAICTAEAOw==\" style=\"--smush-placeholder-width: 834px; --smush-placeholder-aspect-ratio: 834\/450;\" \/><\/figure><\/div><\/div>\n<\/div>\n\n\n\n<h2 class=\"wp-block-heading\">BundesForum Kinder- und Jugendreisen e.V.<\/h2>\n\n\n\n<div class=\"wp-block-columns is-layout-flex wp-container-core-columns-is-layout-3 wp-block-columns-is-layout-flex\">\n<div class=\"wp-block-column is-layout-flow wp-block-column-is-layout-flow\" style=\"flex-basis:66.66%\">\n<p>Das BundesForum Kinder- und Jugendreisen e.V. versteht sich als Zusammenschluss bundesweit t\u00e4tiger Verb\u00e4nde, Tr\u00e4ger und Organisationen, die im Bereich des Kinder- und Jugendreisens t\u00e4tig sind. Die gemeinsame Arbeit ist von Vielfalt, Offenheit, gegenseitiger Bereicherung und gleichberechtigter Kommunikation gepr\u00e4gt. Ziel ist die F\u00f6rderung, Weiterentwicklung und St\u00e4rkung des Kinder- und Jugendreisens. Die vorrangigen Arbeitsschwerpunkte, die sich aus diesem Ziel ergeben, sind Qualit\u00e4t, fachlicher Austausch und Interessensvertretung. Wir mit Juvigo sind ebenfalls Partner von diesem tollen Verband und freuen uns, die Qualit\u00e4t von Feriencamps weiter voranzubringen.<\/p>\n<\/div>\n\n\n\n<div class=\"wp-block-column is-layout-flow wp-block-column-is-layout-flow\" style=\"flex-basis:33.33%\"><div class=\"wp-block-image\">\n<figure class=\"aligncenter size-full\"><img decoding=\"async\" width=\"330\" height=\"153\" data-src=\"https:\/\/juvigo.de\/magazin\/wp-content\/uploads\/2024\/06\/image.jpeg\" alt=\"\" class=\"wp-image-10392 lazyload\" title=\"Juvigo ist Partner vom BundesForum Kinder und Jugendreisen\" data-srcset=\"https:\/\/juvigo.de\/magazin\/wp-content\/uploads\/2024\/06\/image.jpeg 330w, https:\/\/juvigo.de\/magazin\/wp-content\/uploads\/2024\/06\/image-300x139.jpeg 300w\" data-sizes=\"(max-width: 330px) 100vw, 330px\" src=\"data:image\/gif;base64,R0lGODlhAQABAAAAACH5BAEKAAEALAAAAAABAAEAAAICTAEAOw==\" style=\"--smush-placeholder-width: 330px; --smush-placeholder-aspect-ratio: 330\/153;\" \/><\/figure><\/div><\/div>\n<\/div>\n","protected":false},"excerpt":{"rendered":"<p>F\u00fcr uns ist es selbstverst\u00e4ndlich, in Verb\u00e4nden aktiv zu sein. Wir verf\u00fcgen daher \u00fcber ein breites und st\u00e4ndig wachsendes Netzwerk. Reisenetz &#8211; Deutscher Fachverband f\u00fcr Jugendreisen Das Reisenetz hat \u00fcber 25 Jahre Erfahrung und kann sich im Bereich Jugendreisen das gr\u00f6\u00dfte Netzwerk Deutschlands nennen. Hier arbeiten kommerzielle und gemeinn\u00fctzige Organisationen vertrauensvoll Hand in Hand zusammen [&hellip;]<\/p>\n","protected":false},"author":3,"featured_media":10357,"parent":0,"menu_order":0,"comment_status":"closed","ping_status":"closed","template":"","meta":{"advgb_blocks_editor_width":"","advgb_blocks_columns_visual_guide":"","footnotes":"","_links_to":"","_links_to_target":""},"categories":[],"tags":[],"class_list":["post-10211","page","type-page","status-publish","has-post-thumbnail","hentry"],"yoast_head":"<!-- This site is optimized with the Yoast SEO plugin v24.8.1 - https:\/\/yoast.com\/wordpress\/plugins\/seo\/ -->\n<title>Wir sind in Jugendreise-Verb\u00e4nden aktiv! - Juvigo Magazin<\/title>\n<meta name=\"robots\" content=\"index, follow, max-snippet:-1, max-image-preview:large, max-video-preview:-1\" \/>\n<link rel=\"canonical\" href=\"https:\/\/juvigo.de\/magazin\/mitgliedschaften\/\" \/>\n<meta property=\"og:locale\" content=\"de_DE\" \/>\n<meta property=\"og:type\" content=\"article\" \/>\n<meta property=\"og:title\" content=\"Wir sind in Jugendreise-Verb\u00e4nden aktiv! - Juvigo Magazin\" \/>\n<meta property=\"og:description\" content=\"F\u00fcr uns ist es selbstverst\u00e4ndlich, in Verb\u00e4nden aktiv zu sein. Wir verf\u00fcgen daher \u00fcber ein breites und st\u00e4ndig wachsendes Netzwerk. Reisenetz &#8211; Deutscher Fachverband f\u00fcr Jugendreisen Das Reisenetz hat \u00fcber 25 Jahre Erfahrung und kann sich im Bereich Jugendreisen das gr\u00f6\u00dfte Netzwerk Deutschlands nennen. Hier arbeiten kommerzielle und gemeinn\u00fctzige Organisationen vertrauensvoll Hand in Hand zusammen [&hellip;]\" \/>\n<meta property=\"og:url\" content=\"https:\/\/juvigo.de\/magazin\/mitgliedschaften\/\" \/>\n<meta property=\"og:site_name\" content=\"Magazin\" \/>\n<meta property=\"article:publisher\" content=\"https:\/\/de-de.facebook.com\/meinjuvigo\" \/>\n<meta property=\"article:modified_time\" content=\"2024-06-24T13:19:20+00:00\" \/>\n<meta property=\"og:image\" content=\"https:\/\/juvigo.de\/magazin\/wp-content\/uploads\/2024\/06\/camping-4303357_1920.jpg\" \/>\n\t<meta property=\"og:image:width\" content=\"1920\" \/>\n\t<meta property=\"og:image:height\" content=\"1080\" \/>\n\t<meta property=\"og:image:type\" content=\"image\/jpeg\" \/>\n<meta name=\"twitter:card\" content=\"summary_large_image\" \/>\n<meta name=\"twitter:site\" content=\"@meinjuvigo\" \/>\n<meta name=\"twitter:label1\" content=\"Gesch\u00e4tzte Lesezeit\" \/>\n\t<meta name=\"twitter:data1\" content=\"2\u00a0Minuten\" \/>\n<script type=\"application\/ld+json\" class=\"yoast-schema-graph\">{\"@context\":\"https:\/\/schema.org\",\"@graph\":[{\"@type\":\"WebPage\",\"@id\":\"https:\/\/juvigo.de\/magazin\/mitgliedschaften\/\",\"url\":\"https:\/\/juvigo.de\/magazin\/mitgliedschaften\/\",\"name\":\"Wir sind in Jugendreise-Verb\u00e4nden aktiv! - Juvigo Magazin\",\"isPartOf\":{\"@id\":\"https:\/\/juvigo.de\/magazin\/#website\"},\"primaryImageOfPage\":{\"@id\":\"https:\/\/juvigo.de\/magazin\/mitgliedschaften\/#primaryimage\"},\"image\":{\"@id\":\"https:\/\/juvigo.de\/magazin\/mitgliedschaften\/#primaryimage\"},\"thumbnailUrl\":\"https:\/\/juvigo.de\/magazin\/wp-content\/uploads\/2024\/06\/camping-4303357_1920.jpg\",\"datePublished\":\"2024-06-17T09:03:29+00:00\",\"dateModified\":\"2024-06-24T13:19:20+00:00\",\"breadcrumb\":{\"@id\":\"https:\/\/juvigo.de\/magazin\/mitgliedschaften\/#breadcrumb\"},\"inLanguage\":\"de\",\"potentialAction\":[{\"@type\":\"ReadAction\",\"target\":[\"https:\/\/juvigo.de\/magazin\/mitgliedschaften\/\"]}]},{\"@type\":\"ImageObject\",\"inLanguage\":\"de\",\"@id\":\"https:\/\/juvigo.de\/magazin\/mitgliedschaften\/#primaryimage\",\"url\":\"https:\/\/juvigo.de\/magazin\/wp-content\/uploads\/2024\/06\/camping-4303357_1920.jpg\",\"contentUrl\":\"https:\/\/juvigo.de\/magazin\/wp-content\/uploads\/2024\/06\/camping-4303357_1920.jpg\",\"width\":1920,\"height\":1080},{\"@type\":\"BreadcrumbList\",\"@id\":\"https:\/\/juvigo.de\/magazin\/mitgliedschaften\/#breadcrumb\",\"itemListElement\":[{\"@type\":\"ListItem\",\"position\":1,\"name\":\"Juvigo-Magazin\",\"item\":\"https:\/\/juvigo.de\/magazin\/\"},{\"@type\":\"ListItem\",\"position\":2,\"name\":\"Wir sind in Jugendreise-Verb\u00e4nden aktiv!\"}]},{\"@type\":\"WebSite\",\"@id\":\"https:\/\/juvigo.de\/magazin\/#website\",\"url\":\"https:\/\/juvigo.de\/magazin\/\",\"name\":\"Magazin\",\"description\":\"Informationen zu Feriencamps, Jugendreisen und Sprachreisen\",\"publisher\":{\"@id\":\"https:\/\/juvigo.de\/magazin\/#organization\"},\"potentialAction\":[{\"@type\":\"SearchAction\",\"target\":{\"@type\":\"EntryPoint\",\"urlTemplate\":\"https:\/\/juvigo.de\/magazin\/?s={search_term_string}\"},\"query-input\":{\"@type\":\"PropertyValueSpecification\",\"valueRequired\":true,\"valueName\":\"search_term_string\"}}],\"inLanguage\":\"de\"},{\"@type\":\"Organization\",\"@id\":\"https:\/\/juvigo.de\/magazin\/#organization\",\"name\":\"Juvigo GmbH\",\"url\":\"https:\/\/juvigo.de\/magazin\/\",\"logo\":{\"@type\":\"ImageObject\",\"inLanguage\":\"de\",\"@id\":\"https:\/\/juvigo.de\/magazin\/#\/schema\/logo\/image\/\",\"url\":\"https:\/\/juvigo.de\/magazin\/wp-content\/uploads\/2019\/12\/juvigo_logo_dark_transparentsun_magazin_quicksand1-1.png\",\"contentUrl\":\"https:\/\/juvigo.de\/magazin\/wp-content\/uploads\/2019\/12\/juvigo_logo_dark_transparentsun_magazin_quicksand1-1.png\",\"width\":370,\"height\":155,\"caption\":\"Juvigo GmbH\"},\"image\":{\"@id\":\"https:\/\/juvigo.de\/magazin\/#\/schema\/logo\/image\/\"},\"sameAs\":[\"https:\/\/de-de.facebook.com\/meinjuvigo\",\"https:\/\/x.com\/meinjuvigo\",\"http:\/\/instagram.com\/juvigo_de\/\"]}]}<\/script>\n<!-- \/ Yoast SEO plugin. -->","yoast_head_json":{"title":"Wir sind in Jugendreise-Verb\u00e4nden aktiv! - Juvigo Magazin","robots":{"index":"index","follow":"follow","max-snippet":"max-snippet:-1","max-image-preview":"max-image-preview:large","max-video-preview":"max-video-preview:-1"},"canonical":"https:\/\/juvigo.de\/magazin\/mitgliedschaften\/","og_locale":"de_DE","og_type":"article","og_title":"Wir sind in Jugendreise-Verb\u00e4nden aktiv! - Juvigo Magazin","og_description":"F\u00fcr uns ist es selbstverst\u00e4ndlich, in Verb\u00e4nden aktiv zu sein. Wir verf\u00fcgen daher \u00fcber ein breites und st\u00e4ndig wachsendes Netzwerk. Reisenetz &#8211; Deutscher Fachverband f\u00fcr Jugendreisen Das Reisenetz hat \u00fcber 25 Jahre Erfahrung und kann sich im Bereich Jugendreisen das gr\u00f6\u00dfte Netzwerk Deutschlands nennen. Hier arbeiten kommerzielle und gemeinn\u00fctzige Organisationen vertrauensvoll Hand in Hand zusammen [&hellip;]","og_url":"https:\/\/juvigo.de\/magazin\/mitgliedschaften\/","og_site_name":"Magazin","article_publisher":"https:\/\/de-de.facebook.com\/meinjuvigo","article_modified_time":"2024-06-24T13:19:20+00:00","og_image":[{"width":1920,"height":1080,"url":"https:\/\/juvigo.de\/magazin\/wp-content\/uploads\/2024\/06\/camping-4303357_1920.jpg","type":"image\/jpeg"}],"twitter_card":"summary_large_image","twitter_site":"@meinjuvigo","twitter_misc":{"Gesch\u00e4tzte Lesezeit":"2\u00a0Minuten"},"schema":{"@context":"https:\/\/schema.org","@graph":[{"@type":"WebPage","@id":"https:\/\/juvigo.de\/magazin\/mitgliedschaften\/","url":"https:\/\/juvigo.de\/magazin\/mitgliedschaften\/","name":"Wir sind in Jugendreise-Verb\u00e4nden aktiv! - Juvigo Magazin","isPartOf":{"@id":"https:\/\/juvigo.de\/magazin\/#website"},"primaryImageOfPage":{"@id":"https:\/\/juvigo.de\/magazin\/mitgliedschaften\/#primaryimage"},"image":{"@id":"https:\/\/juvigo.de\/magazin\/mitgliedschaften\/#primaryimage"},"thumbnailUrl":"https:\/\/juvigo.de\/magazin\/wp-content\/uploads\/2024\/06\/camping-4303357_1920.jpg","datePublished":"2024-06-17T09:03:29+00:00","dateModified":"2024-06-24T13:19:20+00:00","breadcrumb":{"@id":"https:\/\/juvigo.de\/magazin\/mitgliedschaften\/#breadcrumb"},"inLanguage":"de","potentialAction":[{"@type":"ReadAction","target":["https:\/\/juvigo.de\/magazin\/mitgliedschaften\/"]}]},{"@type":"ImageObject","inLanguage":"de","@id":"https:\/\/juvigo.de\/magazin\/mitgliedschaften\/#primaryimage","url":"https:\/\/juvigo.de\/magazin\/wp-content\/uploads\/2024\/06\/camping-4303357_1920.jpg","contentUrl":"https:\/\/juvigo.de\/magazin\/wp-content\/uploads\/2024\/06\/camping-4303357_1920.jpg","width":1920,"height":1080},{"@type":"BreadcrumbList","@id":"https:\/\/juvigo.de\/magazin\/mitgliedschaften\/#breadcrumb","itemListElement":[{"@type":"ListItem","position":1,"name":"Juvigo-Magazin","item":"https:\/\/juvigo.de\/magazin\/"},{"@type":"ListItem","position":2,"name":"Wir sind in Jugendreise-Verb\u00e4nden aktiv!"}]},{"@type":"WebSite","@id":"https:\/\/juvigo.de\/magazin\/#website","url":"https:\/\/juvigo.de\/magazin\/","name":"Magazin","description":"Informationen zu Feriencamps, Jugendreisen und Sprachreisen","publisher":{"@id":"https:\/\/juvigo.de\/magazin\/#organization"},"potentialAction":[{"@type":"SearchAction","target":{"@type":"EntryPoint","urlTemplate":"https:\/\/juvigo.de\/magazin\/?s={search_term_string}"},"query-input":{"@type":"PropertyValueSpecification","valueRequired":true,"valueName":"search_term_string"}}],"inLanguage":"de"},{"@type":"Organization","@id":"https:\/\/juvigo.de\/magazin\/#organization","name":"Juvigo GmbH","url":"https:\/\/juvigo.de\/magazin\/","logo":{"@type":"ImageObject","inLanguage":"de","@id":"https:\/\/juvigo.de\/magazin\/#\/schema\/logo\/image\/","url":"https:\/\/juvigo.de\/magazin\/wp-content\/uploads\/2019\/12\/juvigo_logo_dark_transparentsun_magazin_quicksand1-1.png","contentUrl":"https:\/\/juvigo.de\/magazin\/wp-content\/uploads\/2019\/12\/juvigo_logo_dark_transparentsun_magazin_quicksand1-1.png","width":370,"height":155,"caption":"Juvigo GmbH"},"image":{"@id":"https:\/\/juvigo.de\/magazin\/#\/schema\/logo\/image\/"},"sameAs":["https:\/\/de-de.facebook.com\/meinjuvigo","https:\/\/x.com\/meinjuvigo","http:\/\/instagram.com\/juvigo_de\/"]}]}},"wps_subtitle":"","coauthors":[],"author_meta":{"author_link":"https:\/\/juvigo.de\/magazin\/author\/max\/","display_name":"Max"},"relative_dates":{"created":"Posted 2\u00a0Jahren ago","modified":"Updated 2\u00a0Jahren ago"},"absolute_dates":{"created":"Posted on 17.06.2024","modified":"Updated on 24.06.2024"},"absolute_dates_time":{"created":"Posted on 17.06.2024 11:03","modified":"Updated on 24.06.2024 15:19"},"featured_img_caption":"","featured_img":"https:\/\/juvigo.de\/magazin\/wp-content\/uploads\/2024\/06\/camping-4303357_1920.jpg","series_order":"","_links":{"self":[{"href":"https:\/\/juvigo.de\/magazin\/wp-json\/wp\/v2\/pages\/10211","targetHints":{"allow":["GET"]}}],"collection":[{"href":"https:\/\/juvigo.de\/magazin\/wp-json\/wp\/v2\/pages"}],"about":[{"href":"https:\/\/juvigo.de\/magazin\/wp-json\/wp\/v2\/types\/page"}],"author":[{"embeddable":true,"href":"https:\/\/juvigo.de\/magazin\/wp-json\/wp\/v2\/users\/3"}],"replies":[{"embeddable":true,"href":"https:\/\/juvigo.de\/magazin\/wp-json\/wp\/v2\/comments?post=10211"}],"version-history":[{"count":2,"href":"https:\/\/juvigo.de\/magazin\/wp-json\/wp\/v2\/pages\/10211\/revisions"}],"predecessor-version":[{"id":10394,"href":"https:\/\/juvigo.de\/magazin\/wp-json\/wp\/v2\/pages\/10211\/revisions\/10394"}],"wp:featuredmedia":[{"embeddable":true,"href":"https:\/\/juvigo.de\/magazin\/wp-json\/wp\/v2\/media\/10357"}],"wp:attachment":[{"href":"https:\/\/juvigo.de\/magazin\/wp-json\/wp\/v2\/media?parent=10211"}],"wp:term":[{"taxonomy":"category","embeddable":true,"href":"https:\/\/juvigo.de\/magazin\/wp-json\/wp\/v2\/categories?post=10211"},{"taxonomy":"post_tag","embeddable":true,"href":"https:\/\/juvigo.de\/magazin\/wp-json\/wp\/v2\/tags?post=10211"}],"curies":[{"name":"wp","href":"https:\/\/api.w.org\/{rel}","templated":true}]}}