{"id":10218,"date":"2024-06-17T11:12:39","date_gmt":"2024-06-17T09:12:39","guid":{"rendered":"https:\/\/juvigo.de\/magazin\/?page_id=10218"},"modified":"2024-06-24T12:54:50","modified_gmt":"2024-06-24T10:54:50","slug":"erfahrungen","status":"publish","type":"page","link":"https:\/\/juvigo.de\/magazin\/erfahrungen\/","title":{"rendered":"Erfahrungen und Kundenbewertungen \u00fcber Juvigo"},"content":{"rendered":"\n<p>Kindern und Jugendlichen tolle Ferienerlebnisse erm\u00f6glichen &#8211; das ist, was uns bei Juvigo jeden Tag antreibt. Als Inspiration daf\u00fcr dienen uns alle Menschen aus der Welt des jungen Reisens, mit denen wir t\u00e4glich in Kontakt stehen.<\/p>\n\n\n\n<p>Was wir selbst \u00fcber uns sagen, ist das eine. Was unsere Partner, die Campbetreuer, die Kinder und Eltern \u00fcber uns sagen &#8211; das ist das andere. Wir haben einmal nachgefragt! Auf dieser Seite findet ihr authentische Bewertungen von Menschen und ihren Erfahrungen mit Juvigo.<\/p>\n\n\n\n<div class=\"wp-block-columns is-layout-flex wp-container-core-columns-is-layout-1 wp-block-columns-is-layout-flex\">\n<div class=\"wp-block-column ubju is-layout-flow wp-block-column-is-layout-flow\">\n<figure class=\"wp-block-image size-full ubju\"><a href=\"https:\/\/juvigo.de\/magazin\/bewertungen-partner\/\"><img decoding=\"async\" width=\"1024\" height=\"683\" data-src=\"https:\/\/juvigo.de\/magazin\/wp-content\/uploads\/2024\/06\/juvigo-erfahrungen-partner.jpg\" alt=\"\" class=\"wp-image-10221 lazyload\" style=\"--smush-placeholder-width: 1024px; --smush-placeholder-aspect-ratio: 1024\/683;aspect-ratio:16\/9;object-fit:cover\" data-srcset=\"https:\/\/juvigo.de\/magazin\/wp-content\/uploads\/2024\/06\/juvigo-erfahrungen-partner.jpg 1024w, https:\/\/juvigo.de\/magazin\/wp-content\/uploads\/2024\/06\/juvigo-erfahrungen-partner-300x200.jpg 300w, https:\/\/juvigo.de\/magazin\/wp-content\/uploads\/2024\/06\/juvigo-erfahrungen-partner-768x512.jpg 768w, https:\/\/juvigo.de\/magazin\/wp-content\/uploads\/2024\/06\/juvigo-erfahrungen-partner-600x400.jpg 600w, https:\/\/juvigo.de\/magazin\/wp-content\/uploads\/2024\/06\/juvigo-erfahrungen-partner-800x534.jpg 800w, https:\/\/juvigo.de\/magazin\/wp-content\/uploads\/2024\/06\/juvigo-erfahrungen-partner-227x152.jpg 227w, https:\/\/juvigo.de\/magazin\/wp-content\/uploads\/2024\/06\/juvigo-erfahrungen-partner-143x96.jpg 143w, https:\/\/juvigo.de\/magazin\/wp-content\/uploads\/2024\/06\/juvigo-erfahrungen-partner-585x390.jpg 585w, https:\/\/juvigo.de\/magazin\/wp-content\/uploads\/2024\/06\/juvigo-erfahrungen-partner-385x257.jpg 385w\" data-sizes=\"(max-width: 1024px) 100vw, 1024px\" src=\"data:image\/gif;base64,R0lGODlhAQABAAAAACH5BAEKAAEALAAAAAABAAEAAAICTAEAOw==\" \/><\/a><\/figure>\n\n\n\n<div class=\"wp-block-buttons is-content-justification-center is-nowrap is-layout-flex wp-container-core-buttons-is-layout-1 wp-block-buttons-is-layout-flex\">\n<div class=\"wp-block-button has-custom-width wp-block-button__width-100 has-custom-font-size is-style-fill has-small-font-size\"><a class=\"wp-block-button__link has-trawell-acc-background-color has-background wp-element-button\" href=\"https:\/\/juvigo.de\/magazin\/bewertungen-partner\/\" style=\"border-radius:0px\">Partner<\/a><\/div>\n<\/div>\n<\/div>\n\n\n\n<div class=\"wp-block-column ubju is-layout-flow wp-block-column-is-layout-flow\">\n<figure class=\"wp-block-image size-full ubju\"><a href=\"https:\/\/juvigo.de\/magazin\/bewertungen-teilnehmer\/\"><img decoding=\"async\" width=\"511\" height=\"404\" data-src=\"https:\/\/juvigo.de\/magazin\/wp-content\/uploads\/2024\/06\/juvigo-erfahrungen-teilnehmer.jpg\" alt=\"\" class=\"wp-image-10222 lazyload\" style=\"--smush-placeholder-width: 511px; --smush-placeholder-aspect-ratio: 511\/404;aspect-ratio:16\/9;object-fit:cover\" data-srcset=\"https:\/\/juvigo.de\/magazin\/wp-content\/uploads\/2024\/06\/juvigo-erfahrungen-teilnehmer.jpg 511w, https:\/\/juvigo.de\/magazin\/wp-content\/uploads\/2024\/06\/juvigo-erfahrungen-teilnehmer-300x237.jpg 300w\" data-sizes=\"(max-width: 511px) 100vw, 511px\" src=\"data:image\/gif;base64,R0lGODlhAQABAAAAACH5BAEKAAEALAAAAAABAAEAAAICTAEAOw==\" \/><\/a><\/figure>\n\n\n\n<div class=\"wp-block-buttons is-layout-flex wp-container-core-buttons-is-layout-2 wp-block-buttons-is-layout-flex\">\n<div class=\"wp-block-button has-custom-width wp-block-button__width-100 has-custom-font-size has-small-font-size\"><a class=\"wp-block-button__link has-trawell-acc-background-color has-background wp-element-button\" href=\"https:\/\/juvigo.de\/magazin\/bewertungen-teilnehmer\/\" style=\"border-radius:0px\">Teilnehmer<\/a><\/div>\n<\/div>\n<\/div>\n\n\n\n<div class=\"wp-block-column ubju is-layout-flow wp-block-column-is-layout-flow\">\n<figure class=\"wp-block-image size-full ubju\"><a href=\"https:\/\/international.verified-reviews.com\/reviews\/juvigo-de\" target=\"_blank\" rel=\"noreferrer noopener\"><img decoding=\"async\" width=\"800\" height=\"439\" data-src=\"https:\/\/juvigo.de\/magazin\/wp-content\/uploads\/2024\/06\/juvigo-erfahrungen-eltern.jpg\" alt=\"\" class=\"wp-image-10223 lazyload\" style=\"--smush-placeholder-width: 800px; --smush-placeholder-aspect-ratio: 800\/439;aspect-ratio:16\/9;object-fit:cover\" data-srcset=\"https:\/\/juvigo.de\/magazin\/wp-content\/uploads\/2024\/06\/juvigo-erfahrungen-eltern.jpg 800w, https:\/\/juvigo.de\/magazin\/wp-content\/uploads\/2024\/06\/juvigo-erfahrungen-eltern-300x165.jpg 300w, https:\/\/juvigo.de\/magazin\/wp-content\/uploads\/2024\/06\/juvigo-erfahrungen-eltern-768x421.jpg 768w, https:\/\/juvigo.de\/magazin\/wp-content\/uploads\/2024\/06\/juvigo-erfahrungen-eltern-600x329.jpg 600w\" data-sizes=\"(max-width: 800px) 100vw, 800px\" src=\"data:image\/gif;base64,R0lGODlhAQABAAAAACH5BAEKAAEALAAAAAABAAEAAAICTAEAOw==\" \/><\/a><\/figure>\n\n\n\n<div class=\"wp-block-buttons is-layout-flex wp-block-buttons-is-layout-flex\">\n<div class=\"wp-block-button has-custom-width wp-block-button__width-100 has-custom-font-size has-small-font-size\"><a class=\"wp-block-button__link has-trawell-acc-background-color has-background wp-element-button\" href=\"https:\/\/international.verified-reviews.com\/reviews\/juvigo-de\" style=\"border-radius:0px\" target=\"_blank\" rel=\"noreferrer noopener\">Eltern<\/a><\/div>\n<\/div>\n<\/div>\n<\/div>\n\n\n\n<p>Unsere Partner berichten von der Zusammenarbeit mit uns<\/p>\n\n\n\n<p>Lest euch durch, was andere \u00fcber Juvigo sagen. Hier erz\u00e4hlen unsere Partner &#8211; meistens die Anbieter von Feriencamps oder unsere Reiseversicherung, wie die Zusammenarbeit mit uns funktioniert.<\/p>\n\n\n\n<h2 class=\"wp-block-heading\">Eltern erz\u00e4hlen von ihrer Erfahrung mit unserem Kundenservice<\/h2>\n\n\n\n<p>Lest euch einige Meinungen durch, wie Eltern die Kundenberatung bei uns erlebt haben. Der pers\u00f6nliche Kontakt liegt uns sehr am Herzen.<\/p>\n\n\n\n<h2 class=\"wp-block-heading\">Kundenbewertungen von Eltern, Jugendlichen und Kindern<\/h2>\n\n\n\n<p>Kira berichtet vom Essen auf der Jugendreise (das ihr nicht immer schmeckte), von den sch\u00f6nsten Erlebnissen am Balaton in Ungarn und vom tr\u00e4nenreichen Abschiedstag. Eine Mutter erz\u00e4hlt davon, wie sie ihre Tochter erst lange \u00fcberreden musste, in ein Feriencamp zu fahren und wie die Tochter dann gar nicht mehr nach Hause wollte. Die einzelnen Erfahrungsberichte findet ihr auch bei den jeweiligen Reisen. Seid ihr selbst schonmal mit Juvigo gereist? Lasst uns gerne wissen, wie es euch gefallen hat!<\/p>\n\n\n\n<div class=\"skeepers_carousel_container\" data-slides-count=\"3\"><\/div><script async charset=\"utf-8\" src=\"\/\/widgets.rr.skeepers.io\/carousel\/aff05208-71ba-a564-056b-9cf73123b893\/da852428-eb78-4c30-9520-51864274ef31.js\"><\/script>\n","protected":false},"excerpt":{"rendered":"<p>Kindern und Jugendlichen tolle Ferienerlebnisse erm\u00f6glichen &#8211; das ist, was uns bei Juvigo jeden Tag antreibt. Als Inspiration daf\u00fcr dienen uns alle Menschen aus der Welt des jungen Reisens, mit denen wir t\u00e4glich in Kontakt stehen. Was wir selbst \u00fcber uns sagen, ist das eine. Was unsere Partner, die Campbetreuer, die Kinder und Eltern \u00fcber [&hellip;]<\/p>\n","protected":false},"author":3,"featured_media":10357,"parent":0,"menu_order":0,"comment_status":"closed","ping_status":"closed","template":"","meta":{"advgb_blocks_editor_width":"","advgb_blocks_columns_visual_guide":"","footnotes":"","_links_to":"","_links_to_target":""},"categories":[],"tags":[],"class_list":["post-10218","page","type-page","status-publish","has-post-thumbnail","hentry"],"yoast_head":"<!-- This site is optimized with the Yoast SEO plugin v24.8.1 - https:\/\/yoast.com\/wordpress\/plugins\/seo\/ -->\n<title>Erfahrungen und Kundenbewertungen \u00fcber Juvigo - Juvigo Magazin<\/title>\n<meta name=\"robots\" content=\"index, follow, max-snippet:-1, max-image-preview:large, max-video-preview:-1\" \/>\n<link rel=\"canonical\" href=\"https:\/\/juvigo.de\/magazin\/erfahrungen\/\" \/>\n<meta property=\"og:locale\" content=\"de_DE\" \/>\n<meta property=\"og:type\" content=\"article\" \/>\n<meta property=\"og:title\" content=\"Erfahrungen und Kundenbewertungen \u00fcber Juvigo - Juvigo Magazin\" \/>\n<meta property=\"og:description\" content=\"Kindern und Jugendlichen tolle Ferienerlebnisse erm\u00f6glichen &#8211; das ist, was uns bei Juvigo jeden Tag antreibt. Als Inspiration daf\u00fcr dienen uns alle Menschen aus der Welt des jungen Reisens, mit denen wir t\u00e4glich in Kontakt stehen. Was wir selbst \u00fcber uns sagen, ist das eine. Was unsere Partner, die Campbetreuer, die Kinder und Eltern \u00fcber [&hellip;]\" \/>\n<meta property=\"og:url\" content=\"https:\/\/juvigo.de\/magazin\/erfahrungen\/\" \/>\n<meta property=\"og:site_name\" content=\"Magazin\" \/>\n<meta property=\"article:publisher\" content=\"https:\/\/de-de.facebook.com\/meinjuvigo\" \/>\n<meta property=\"article:modified_time\" content=\"2024-06-24T10:54:50+00:00\" \/>\n<meta property=\"og:image\" content=\"https:\/\/juvigo.de\/magazin\/wp-content\/uploads\/2024\/06\/camping-4303357_1920.jpg\" \/>\n\t<meta property=\"og:image:width\" content=\"1920\" \/>\n\t<meta property=\"og:image:height\" content=\"1080\" \/>\n\t<meta property=\"og:image:type\" content=\"image\/jpeg\" \/>\n<meta name=\"twitter:card\" content=\"summary_large_image\" \/>\n<meta name=\"twitter:site\" content=\"@meinjuvigo\" \/>\n<meta name=\"twitter:label1\" content=\"Gesch\u00e4tzte Lesezeit\" \/>\n\t<meta name=\"twitter:data1\" content=\"2\u00a0Minuten\" \/>\n<script type=\"application\/ld+json\" class=\"yoast-schema-graph\">{\"@context\":\"https:\/\/schema.org\",\"@graph\":[{\"@type\":\"WebPage\",\"@id\":\"https:\/\/juvigo.de\/magazin\/erfahrungen\/\",\"url\":\"https:\/\/juvigo.de\/magazin\/erfahrungen\/\",\"name\":\"Erfahrungen und Kundenbewertungen \u00fcber Juvigo - Juvigo Magazin\",\"isPartOf\":{\"@id\":\"https:\/\/juvigo.de\/magazin\/#website\"},\"primaryImageOfPage\":{\"@id\":\"https:\/\/juvigo.de\/magazin\/erfahrungen\/#primaryimage\"},\"image\":{\"@id\":\"https:\/\/juvigo.de\/magazin\/erfahrungen\/#primaryimage\"},\"thumbnailUrl\":\"https:\/\/juvigo.de\/magazin\/wp-content\/uploads\/2024\/06\/camping-4303357_1920.jpg\",\"datePublished\":\"2024-06-17T09:12:39+00:00\",\"dateModified\":\"2024-06-24T10:54:50+00:00\",\"breadcrumb\":{\"@id\":\"https:\/\/juvigo.de\/magazin\/erfahrungen\/#breadcrumb\"},\"inLanguage\":\"de\",\"potentialAction\":[{\"@type\":\"ReadAction\",\"target\":[\"https:\/\/juvigo.de\/magazin\/erfahrungen\/\"]}]},{\"@type\":\"ImageObject\",\"inLanguage\":\"de\",\"@id\":\"https:\/\/juvigo.de\/magazin\/erfahrungen\/#primaryimage\",\"url\":\"https:\/\/juvigo.de\/magazin\/wp-content\/uploads\/2024\/06\/camping-4303357_1920.jpg\",\"contentUrl\":\"https:\/\/juvigo.de\/magazin\/wp-content\/uploads\/2024\/06\/camping-4303357_1920.jpg\",\"width\":1920,\"height\":1080},{\"@type\":\"BreadcrumbList\",\"@id\":\"https:\/\/juvigo.de\/magazin\/erfahrungen\/#breadcrumb\",\"itemListElement\":[{\"@type\":\"ListItem\",\"position\":1,\"name\":\"Juvigo-Magazin\",\"item\":\"https:\/\/juvigo.de\/magazin\/\"},{\"@type\":\"ListItem\",\"position\":2,\"name\":\"Erfahrungen und Kundenbewertungen \u00fcber Juvigo\"}]},{\"@type\":\"WebSite\",\"@id\":\"https:\/\/juvigo.de\/magazin\/#website\",\"url\":\"https:\/\/juvigo.de\/magazin\/\",\"name\":\"Magazin\",\"description\":\"Informationen zu Feriencamps, Jugendreisen und Sprachreisen\",\"publisher\":{\"@id\":\"https:\/\/juvigo.de\/magazin\/#organization\"},\"potentialAction\":[{\"@type\":\"SearchAction\",\"target\":{\"@type\":\"EntryPoint\",\"urlTemplate\":\"https:\/\/juvigo.de\/magazin\/?s={search_term_string}\"},\"query-input\":{\"@type\":\"PropertyValueSpecification\",\"valueRequired\":true,\"valueName\":\"search_term_string\"}}],\"inLanguage\":\"de\"},{\"@type\":\"Organization\",\"@id\":\"https:\/\/juvigo.de\/magazin\/#organization\",\"name\":\"Juvigo GmbH\",\"url\":\"https:\/\/juvigo.de\/magazin\/\",\"logo\":{\"@type\":\"ImageObject\",\"inLanguage\":\"de\",\"@id\":\"https:\/\/juvigo.de\/magazin\/#\/schema\/logo\/image\/\",\"url\":\"https:\/\/juvigo.de\/magazin\/wp-content\/uploads\/2019\/12\/juvigo_logo_dark_transparentsun_magazin_quicksand1-1.png\",\"contentUrl\":\"https:\/\/juvigo.de\/magazin\/wp-content\/uploads\/2019\/12\/juvigo_logo_dark_transparentsun_magazin_quicksand1-1.png\",\"width\":370,\"height\":155,\"caption\":\"Juvigo GmbH\"},\"image\":{\"@id\":\"https:\/\/juvigo.de\/magazin\/#\/schema\/logo\/image\/\"},\"sameAs\":[\"https:\/\/de-de.facebook.com\/meinjuvigo\",\"https:\/\/x.com\/meinjuvigo\",\"http:\/\/instagram.com\/juvigo_de\/\"]}]}<\/script>\n<!-- \/ Yoast SEO plugin. -->","yoast_head_json":{"title":"Erfahrungen und Kundenbewertungen \u00fcber Juvigo - Juvigo Magazin","robots":{"index":"index","follow":"follow","max-snippet":"max-snippet:-1","max-image-preview":"max-image-preview:large","max-video-preview":"max-video-preview:-1"},"canonical":"https:\/\/juvigo.de\/magazin\/erfahrungen\/","og_locale":"de_DE","og_type":"article","og_title":"Erfahrungen und Kundenbewertungen \u00fcber Juvigo - Juvigo Magazin","og_description":"Kindern und Jugendlichen tolle Ferienerlebnisse erm\u00f6glichen &#8211; das ist, was uns bei Juvigo jeden Tag antreibt. Als Inspiration daf\u00fcr dienen uns alle Menschen aus der Welt des jungen Reisens, mit denen wir t\u00e4glich in Kontakt stehen. Was wir selbst \u00fcber uns sagen, ist das eine. Was unsere Partner, die Campbetreuer, die Kinder und Eltern \u00fcber [&hellip;]","og_url":"https:\/\/juvigo.de\/magazin\/erfahrungen\/","og_site_name":"Magazin","article_publisher":"https:\/\/de-de.facebook.com\/meinjuvigo","article_modified_time":"2024-06-24T10:54:50+00:00","og_image":[{"width":1920,"height":1080,"url":"https:\/\/juvigo.de\/magazin\/wp-content\/uploads\/2024\/06\/camping-4303357_1920.jpg","type":"image\/jpeg"}],"twitter_card":"summary_large_image","twitter_site":"@meinjuvigo","twitter_misc":{"Gesch\u00e4tzte Lesezeit":"2\u00a0Minuten"},"schema":{"@context":"https:\/\/schema.org","@graph":[{"@type":"WebPage","@id":"https:\/\/juvigo.de\/magazin\/erfahrungen\/","url":"https:\/\/juvigo.de\/magazin\/erfahrungen\/","name":"Erfahrungen und Kundenbewertungen \u00fcber Juvigo - Juvigo Magazin","isPartOf":{"@id":"https:\/\/juvigo.de\/magazin\/#website"},"primaryImageOfPage":{"@id":"https:\/\/juvigo.de\/magazin\/erfahrungen\/#primaryimage"},"image":{"@id":"https:\/\/juvigo.de\/magazin\/erfahrungen\/#primaryimage"},"thumbnailUrl":"https:\/\/juvigo.de\/magazin\/wp-content\/uploads\/2024\/06\/camping-4303357_1920.jpg","datePublished":"2024-06-17T09:12:39+00:00","dateModified":"2024-06-24T10:54:50+00:00","breadcrumb":{"@id":"https:\/\/juvigo.de\/magazin\/erfahrungen\/#breadcrumb"},"inLanguage":"de","potentialAction":[{"@type":"ReadAction","target":["https:\/\/juvigo.de\/magazin\/erfahrungen\/"]}]},{"@type":"ImageObject","inLanguage":"de","@id":"https:\/\/juvigo.de\/magazin\/erfahrungen\/#primaryimage","url":"https:\/\/juvigo.de\/magazin\/wp-content\/uploads\/2024\/06\/camping-4303357_1920.jpg","contentUrl":"https:\/\/juvigo.de\/magazin\/wp-content\/uploads\/2024\/06\/camping-4303357_1920.jpg","width":1920,"height":1080},{"@type":"BreadcrumbList","@id":"https:\/\/juvigo.de\/magazin\/erfahrungen\/#breadcrumb","itemListElement":[{"@type":"ListItem","position":1,"name":"Juvigo-Magazin","item":"https:\/\/juvigo.de\/magazin\/"},{"@type":"ListItem","position":2,"name":"Erfahrungen und Kundenbewertungen \u00fcber Juvigo"}]},{"@type":"WebSite","@id":"https:\/\/juvigo.de\/magazin\/#website","url":"https:\/\/juvigo.de\/magazin\/","name":"Magazin","description":"Informationen zu Feriencamps, Jugendreisen und Sprachreisen","publisher":{"@id":"https:\/\/juvigo.de\/magazin\/#organization"},"potentialAction":[{"@type":"SearchAction","target":{"@type":"EntryPoint","urlTemplate":"https:\/\/juvigo.de\/magazin\/?s={search_term_string}"},"query-input":{"@type":"PropertyValueSpecification","valueRequired":true,"valueName":"search_term_string"}}],"inLanguage":"de"},{"@type":"Organization","@id":"https:\/\/juvigo.de\/magazin\/#organization","name":"Juvigo GmbH","url":"https:\/\/juvigo.de\/magazin\/","logo":{"@type":"ImageObject","inLanguage":"de","@id":"https:\/\/juvigo.de\/magazin\/#\/schema\/logo\/image\/","url":"https:\/\/juvigo.de\/magazin\/wp-content\/uploads\/2019\/12\/juvigo_logo_dark_transparentsun_magazin_quicksand1-1.png","contentUrl":"https:\/\/juvigo.de\/magazin\/wp-content\/uploads\/2019\/12\/juvigo_logo_dark_transparentsun_magazin_quicksand1-1.png","width":370,"height":155,"caption":"Juvigo GmbH"},"image":{"@id":"https:\/\/juvigo.de\/magazin\/#\/schema\/logo\/image\/"},"sameAs":["https:\/\/de-de.facebook.com\/meinjuvigo","https:\/\/x.com\/meinjuvigo","http:\/\/instagram.com\/juvigo_de\/"]}]}},"wps_subtitle":"","coauthors":[],"author_meta":{"author_link":"https:\/\/juvigo.de\/magazin\/author\/max\/","display_name":"Max"},"relative_dates":{"created":"Posted 2\u00a0Jahren ago","modified":"Updated 2\u00a0Jahren ago"},"absolute_dates":{"created":"Posted on 17.06.2024","modified":"Updated on 24.06.2024"},"absolute_dates_time":{"created":"Posted on 17.06.2024 11:12","modified":"Updated on 24.06.2024 12:54"},"featured_img_caption":"","featured_img":"https:\/\/juvigo.de\/magazin\/wp-content\/uploads\/2024\/06\/camping-4303357_1920.jpg","series_order":"","_links":{"self":[{"href":"https:\/\/juvigo.de\/magazin\/wp-json\/wp\/v2\/pages\/10218","targetHints":{"allow":["GET"]}}],"collection":[{"href":"https:\/\/juvigo.de\/magazin\/wp-json\/wp\/v2\/pages"}],"about":[{"href":"https:\/\/juvigo.de\/magazin\/wp-json\/wp\/v2\/types\/page"}],"author":[{"embeddable":true,"href":"https:\/\/juvigo.de\/magazin\/wp-json\/wp\/v2\/users\/3"}],"replies":[{"embeddable":true,"href":"https:\/\/juvigo.de\/magazin\/wp-json\/wp\/v2\/comments?post=10218"}],"version-history":[{"count":8,"href":"https:\/\/juvigo.de\/magazin\/wp-json\/wp\/v2\/pages\/10218\/revisions"}],"predecessor-version":[{"id":10388,"href":"https:\/\/juvigo.de\/magazin\/wp-json\/wp\/v2\/pages\/10218\/revisions\/10388"}],"wp:featuredmedia":[{"embeddable":true,"href":"https:\/\/juvigo.de\/magazin\/wp-json\/wp\/v2\/media\/10357"}],"wp:attachment":[{"href":"https:\/\/juvigo.de\/magazin\/wp-json\/wp\/v2\/media?parent=10218"}],"wp:term":[{"taxonomy":"category","embeddable":true,"href":"https:\/\/juvigo.de\/magazin\/wp-json\/wp\/v2\/categories?post=10218"},{"taxonomy":"post_tag","embeddable":true,"href":"https:\/\/juvigo.de\/magazin\/wp-json\/wp\/v2\/tags?post=10218"}],"curies":[{"name":"wp","href":"https:\/\/api.w.org\/{rel}","templated":true}]}}