{"id":10227,"date":"2024-06-17T11:17:50","date_gmt":"2024-06-17T09:17:50","guid":{"rendered":"https:\/\/juvigo.de\/magazin\/?page_id=10227"},"modified":"2024-06-24T15:33:02","modified_gmt":"2024-06-24T13:33:02","slug":"bewertungen-teilnehmer","status":"publish","type":"page","link":"https:\/\/juvigo.de\/magazin\/bewertungen-teilnehmer\/","title":{"rendered":"Das sagen die Teilnehmer zu unseren Feriencamps"},"content":{"rendered":"\n<h2 class=\"wp-block-heading teilnehmererfahrungen\">Das sagen die Teilnehmer zu unseren Feriencamps<\/h2>\n\n\n\n<p class=\"has-text-align-left teilnehmererfahrungen\">Ihr wollt wissen, was unsere Teilnehmer im Feriencamp am meisten begeistert? Hier k\u00f6nnt ihr lesen, was die verr\u00fcckteste Aktivit\u00e4t oder der spannendste Ausflug war. Wer war der witzigste Betreuer und wie viele neue Freundschaften wurden geschlossen? War das Stockbrotbacken am Lagerfeuer, die Stand-Olympiade oder das Flo\u00dfbauen das Highlight der Reise?<\/p>\n\n\n\n<iframe id=\"juvigo_ibe\" src=\"https:\/\/ibe.juvigo.de\/embed\/reviews\" frameborder=\"0\" scrolling=\"no\" style=\"overflow:hidden;\" width=\"100%\"><\/iframe>\n","protected":false},"excerpt":{"rendered":"<p>Das sagen die Teilnehmer zu unseren Feriencamps Ihr wollt wissen, was unsere Teilnehmer im Feriencamp am meisten begeistert? Hier k\u00f6nnt ihr lesen, was die verr\u00fcckteste Aktivit\u00e4t oder der spannendste Ausflug war. Wer war der witzigste Betreuer und wie viele neue Freundschaften wurden geschlossen? War das Stockbrotbacken am Lagerfeuer, die Stand-Olympiade oder das Flo\u00dfbauen das Highlight [&hellip;]<\/p>\n","protected":false},"author":3,"featured_media":10357,"parent":0,"menu_order":0,"comment_status":"closed","ping_status":"closed","template":"redux-templates_full_width","meta":{"advgb_blocks_editor_width":"","advgb_blocks_columns_visual_guide":"","footnotes":"","_links_to":"","_links_to_target":""},"categories":[],"tags":[],"class_list":["post-10227","page","type-page","status-publish","has-post-thumbnail","hentry"],"yoast_head":"<!-- This site is optimized with the Yoast SEO plugin v24.8.1 - https:\/\/yoast.com\/wordpress\/plugins\/seo\/ -->\n<title>Das sagen die Teilnehmer zu unseren Feriencamps - Juvigo Magazin<\/title>\n<meta name=\"robots\" content=\"index, follow, max-snippet:-1, max-image-preview:large, max-video-preview:-1\" \/>\n<link rel=\"canonical\" href=\"https:\/\/juvigo.de\/magazin\/bewertungen-teilnehmer\/\" \/>\n<meta property=\"og:locale\" content=\"de_DE\" \/>\n<meta property=\"og:type\" content=\"article\" \/>\n<meta property=\"og:title\" content=\"Das sagen die Teilnehmer zu unseren Feriencamps - Juvigo Magazin\" \/>\n<meta property=\"og:description\" content=\"Das sagen die Teilnehmer zu unseren Feriencamps Ihr wollt wissen, was unsere Teilnehmer im Feriencamp am meisten begeistert? Hier k\u00f6nnt ihr lesen, was die verr\u00fcckteste Aktivit\u00e4t oder der spannendste Ausflug war. Wer war der witzigste Betreuer und wie viele neue Freundschaften wurden geschlossen? War das Stockbrotbacken am Lagerfeuer, die Stand-Olympiade oder das Flo\u00dfbauen das Highlight [&hellip;]\" \/>\n<meta property=\"og:url\" content=\"https:\/\/juvigo.de\/magazin\/bewertungen-teilnehmer\/\" \/>\n<meta property=\"og:site_name\" content=\"Magazin\" \/>\n<meta property=\"article:publisher\" content=\"https:\/\/de-de.facebook.com\/meinjuvigo\" \/>\n<meta property=\"article:modified_time\" content=\"2024-06-24T13:33:02+00:00\" \/>\n<meta property=\"og:image\" content=\"https:\/\/juvigo.de\/magazin\/wp-content\/uploads\/2024\/06\/camping-4303357_1920.jpg\" \/>\n\t<meta property=\"og:image:width\" content=\"1920\" \/>\n\t<meta property=\"og:image:height\" content=\"1080\" \/>\n\t<meta property=\"og:image:type\" content=\"image\/jpeg\" \/>\n<meta name=\"twitter:card\" content=\"summary_large_image\" \/>\n<meta name=\"twitter:site\" content=\"@meinjuvigo\" \/>\n<meta name=\"twitter:label1\" content=\"Gesch\u00e4tzte Lesezeit\" \/>\n\t<meta name=\"twitter:data1\" content=\"1\u00a0Minute\" \/>\n<script type=\"application\/ld+json\" class=\"yoast-schema-graph\">{\"@context\":\"https:\/\/schema.org\",\"@graph\":[{\"@type\":\"WebPage\",\"@id\":\"https:\/\/juvigo.de\/magazin\/bewertungen-teilnehmer\/\",\"url\":\"https:\/\/juvigo.de\/magazin\/bewertungen-teilnehmer\/\",\"name\":\"Das sagen die Teilnehmer zu unseren Feriencamps - Juvigo Magazin\",\"isPartOf\":{\"@id\":\"https:\/\/juvigo.de\/magazin\/#website\"},\"primaryImageOfPage\":{\"@id\":\"https:\/\/juvigo.de\/magazin\/bewertungen-teilnehmer\/#primaryimage\"},\"image\":{\"@id\":\"https:\/\/juvigo.de\/magazin\/bewertungen-teilnehmer\/#primaryimage\"},\"thumbnailUrl\":\"https:\/\/juvigo.de\/magazin\/wp-content\/uploads\/2024\/06\/camping-4303357_1920.jpg\",\"datePublished\":\"2024-06-17T09:17:50+00:00\",\"dateModified\":\"2024-06-24T13:33:02+00:00\",\"breadcrumb\":{\"@id\":\"https:\/\/juvigo.de\/magazin\/bewertungen-teilnehmer\/#breadcrumb\"},\"inLanguage\":\"de\",\"potentialAction\":[{\"@type\":\"ReadAction\",\"target\":[\"https:\/\/juvigo.de\/magazin\/bewertungen-teilnehmer\/\"]}]},{\"@type\":\"ImageObject\",\"inLanguage\":\"de\",\"@id\":\"https:\/\/juvigo.de\/magazin\/bewertungen-teilnehmer\/#primaryimage\",\"url\":\"https:\/\/juvigo.de\/magazin\/wp-content\/uploads\/2024\/06\/camping-4303357_1920.jpg\",\"contentUrl\":\"https:\/\/juvigo.de\/magazin\/wp-content\/uploads\/2024\/06\/camping-4303357_1920.jpg\",\"width\":1920,\"height\":1080},{\"@type\":\"BreadcrumbList\",\"@id\":\"https:\/\/juvigo.de\/magazin\/bewertungen-teilnehmer\/#breadcrumb\",\"itemListElement\":[{\"@type\":\"ListItem\",\"position\":1,\"name\":\"Juvigo-Magazin\",\"item\":\"https:\/\/juvigo.de\/magazin\/\"},{\"@type\":\"ListItem\",\"position\":2,\"name\":\"Das sagen die Teilnehmer zu unseren Feriencamps\"}]},{\"@type\":\"WebSite\",\"@id\":\"https:\/\/juvigo.de\/magazin\/#website\",\"url\":\"https:\/\/juvigo.de\/magazin\/\",\"name\":\"Magazin\",\"description\":\"Informationen zu Feriencamps, Jugendreisen und Sprachreisen\",\"publisher\":{\"@id\":\"https:\/\/juvigo.de\/magazin\/#organization\"},\"potentialAction\":[{\"@type\":\"SearchAction\",\"target\":{\"@type\":\"EntryPoint\",\"urlTemplate\":\"https:\/\/juvigo.de\/magazin\/?s={search_term_string}\"},\"query-input\":{\"@type\":\"PropertyValueSpecification\",\"valueRequired\":true,\"valueName\":\"search_term_string\"}}],\"inLanguage\":\"de\"},{\"@type\":\"Organization\",\"@id\":\"https:\/\/juvigo.de\/magazin\/#organization\",\"name\":\"Juvigo GmbH\",\"url\":\"https:\/\/juvigo.de\/magazin\/\",\"logo\":{\"@type\":\"ImageObject\",\"inLanguage\":\"de\",\"@id\":\"https:\/\/juvigo.de\/magazin\/#\/schema\/logo\/image\/\",\"url\":\"https:\/\/juvigo.de\/magazin\/wp-content\/uploads\/2019\/12\/juvigo_logo_dark_transparentsun_magazin_quicksand1-1.png\",\"contentUrl\":\"https:\/\/juvigo.de\/magazin\/wp-content\/uploads\/2019\/12\/juvigo_logo_dark_transparentsun_magazin_quicksand1-1.png\",\"width\":370,\"height\":155,\"caption\":\"Juvigo GmbH\"},\"image\":{\"@id\":\"https:\/\/juvigo.de\/magazin\/#\/schema\/logo\/image\/\"},\"sameAs\":[\"https:\/\/de-de.facebook.com\/meinjuvigo\",\"https:\/\/x.com\/meinjuvigo\",\"http:\/\/instagram.com\/juvigo_de\/\"]}]}<\/script>\n<!-- \/ Yoast SEO plugin. -->","yoast_head_json":{"title":"Das sagen die Teilnehmer zu unseren Feriencamps - Juvigo Magazin","robots":{"index":"index","follow":"follow","max-snippet":"max-snippet:-1","max-image-preview":"max-image-preview:large","max-video-preview":"max-video-preview:-1"},"canonical":"https:\/\/juvigo.de\/magazin\/bewertungen-teilnehmer\/","og_locale":"de_DE","og_type":"article","og_title":"Das sagen die Teilnehmer zu unseren Feriencamps - Juvigo Magazin","og_description":"Das sagen die Teilnehmer zu unseren Feriencamps Ihr wollt wissen, was unsere Teilnehmer im Feriencamp am meisten begeistert? Hier k\u00f6nnt ihr lesen, was die verr\u00fcckteste Aktivit\u00e4t oder der spannendste Ausflug war. Wer war der witzigste Betreuer und wie viele neue Freundschaften wurden geschlossen? War das Stockbrotbacken am Lagerfeuer, die Stand-Olympiade oder das Flo\u00dfbauen das Highlight [&hellip;]","og_url":"https:\/\/juvigo.de\/magazin\/bewertungen-teilnehmer\/","og_site_name":"Magazin","article_publisher":"https:\/\/de-de.facebook.com\/meinjuvigo","article_modified_time":"2024-06-24T13:33:02+00:00","og_image":[{"width":1920,"height":1080,"url":"https:\/\/juvigo.de\/magazin\/wp-content\/uploads\/2024\/06\/camping-4303357_1920.jpg","type":"image\/jpeg"}],"twitter_card":"summary_large_image","twitter_site":"@meinjuvigo","twitter_misc":{"Gesch\u00e4tzte Lesezeit":"1\u00a0Minute"},"schema":{"@context":"https:\/\/schema.org","@graph":[{"@type":"WebPage","@id":"https:\/\/juvigo.de\/magazin\/bewertungen-teilnehmer\/","url":"https:\/\/juvigo.de\/magazin\/bewertungen-teilnehmer\/","name":"Das sagen die Teilnehmer zu unseren Feriencamps - Juvigo Magazin","isPartOf":{"@id":"https:\/\/juvigo.de\/magazin\/#website"},"primaryImageOfPage":{"@id":"https:\/\/juvigo.de\/magazin\/bewertungen-teilnehmer\/#primaryimage"},"image":{"@id":"https:\/\/juvigo.de\/magazin\/bewertungen-teilnehmer\/#primaryimage"},"thumbnailUrl":"https:\/\/juvigo.de\/magazin\/wp-content\/uploads\/2024\/06\/camping-4303357_1920.jpg","datePublished":"2024-06-17T09:17:50+00:00","dateModified":"2024-06-24T13:33:02+00:00","breadcrumb":{"@id":"https:\/\/juvigo.de\/magazin\/bewertungen-teilnehmer\/#breadcrumb"},"inLanguage":"de","potentialAction":[{"@type":"ReadAction","target":["https:\/\/juvigo.de\/magazin\/bewertungen-teilnehmer\/"]}]},{"@type":"ImageObject","inLanguage":"de","@id":"https:\/\/juvigo.de\/magazin\/bewertungen-teilnehmer\/#primaryimage","url":"https:\/\/juvigo.de\/magazin\/wp-content\/uploads\/2024\/06\/camping-4303357_1920.jpg","contentUrl":"https:\/\/juvigo.de\/magazin\/wp-content\/uploads\/2024\/06\/camping-4303357_1920.jpg","width":1920,"height":1080},{"@type":"BreadcrumbList","@id":"https:\/\/juvigo.de\/magazin\/bewertungen-teilnehmer\/#breadcrumb","itemListElement":[{"@type":"ListItem","position":1,"name":"Juvigo-Magazin","item":"https:\/\/juvigo.de\/magazin\/"},{"@type":"ListItem","position":2,"name":"Das sagen die Teilnehmer zu unseren Feriencamps"}]},{"@type":"WebSite","@id":"https:\/\/juvigo.de\/magazin\/#website","url":"https:\/\/juvigo.de\/magazin\/","name":"Magazin","description":"Informationen zu Feriencamps, Jugendreisen und Sprachreisen","publisher":{"@id":"https:\/\/juvigo.de\/magazin\/#organization"},"potentialAction":[{"@type":"SearchAction","target":{"@type":"EntryPoint","urlTemplate":"https:\/\/juvigo.de\/magazin\/?s={search_term_string}"},"query-input":{"@type":"PropertyValueSpecification","valueRequired":true,"valueName":"search_term_string"}}],"inLanguage":"de"},{"@type":"Organization","@id":"https:\/\/juvigo.de\/magazin\/#organization","name":"Juvigo GmbH","url":"https:\/\/juvigo.de\/magazin\/","logo":{"@type":"ImageObject","inLanguage":"de","@id":"https:\/\/juvigo.de\/magazin\/#\/schema\/logo\/image\/","url":"https:\/\/juvigo.de\/magazin\/wp-content\/uploads\/2019\/12\/juvigo_logo_dark_transparentsun_magazin_quicksand1-1.png","contentUrl":"https:\/\/juvigo.de\/magazin\/wp-content\/uploads\/2019\/12\/juvigo_logo_dark_transparentsun_magazin_quicksand1-1.png","width":370,"height":155,"caption":"Juvigo GmbH"},"image":{"@id":"https:\/\/juvigo.de\/magazin\/#\/schema\/logo\/image\/"},"sameAs":["https:\/\/de-de.facebook.com\/meinjuvigo","https:\/\/x.com\/meinjuvigo","http:\/\/instagram.com\/juvigo_de\/"]}]}},"wps_subtitle":"","coauthors":[],"author_meta":{"author_link":"https:\/\/juvigo.de\/magazin\/author\/max\/","display_name":"Max"},"relative_dates":{"created":"Posted 2\u00a0Jahren ago","modified":"Updated 2\u00a0Jahren ago"},"absolute_dates":{"created":"Posted on 17.06.2024","modified":"Updated on 24.06.2024"},"absolute_dates_time":{"created":"Posted on 17.06.2024 11:17","modified":"Updated on 24.06.2024 15:33"},"featured_img_caption":"","featured_img":"https:\/\/juvigo.de\/magazin\/wp-content\/uploads\/2024\/06\/camping-4303357_1920.jpg","series_order":"","_links":{"self":[{"href":"https:\/\/juvigo.de\/magazin\/wp-json\/wp\/v2\/pages\/10227","targetHints":{"allow":["GET"]}}],"collection":[{"href":"https:\/\/juvigo.de\/magazin\/wp-json\/wp\/v2\/pages"}],"about":[{"href":"https:\/\/juvigo.de\/magazin\/wp-json\/wp\/v2\/types\/page"}],"author":[{"embeddable":true,"href":"https:\/\/juvigo.de\/magazin\/wp-json\/wp\/v2\/users\/3"}],"replies":[{"embeddable":true,"href":"https:\/\/juvigo.de\/magazin\/wp-json\/wp\/v2\/comments?post=10227"}],"version-history":[{"count":14,"href":"https:\/\/juvigo.de\/magazin\/wp-json\/wp\/v2\/pages\/10227\/revisions"}],"predecessor-version":[{"id":10404,"href":"https:\/\/juvigo.de\/magazin\/wp-json\/wp\/v2\/pages\/10227\/revisions\/10404"}],"wp:featuredmedia":[{"embeddable":true,"href":"https:\/\/juvigo.de\/magazin\/wp-json\/wp\/v2\/media\/10357"}],"wp:attachment":[{"href":"https:\/\/juvigo.de\/magazin\/wp-json\/wp\/v2\/media?parent=10227"}],"wp:term":[{"taxonomy":"category","embeddable":true,"href":"https:\/\/juvigo.de\/magazin\/wp-json\/wp\/v2\/categories?post=10227"},{"taxonomy":"post_tag","embeddable":true,"href":"https:\/\/juvigo.de\/magazin\/wp-json\/wp\/v2\/tags?post=10227"}],"curies":[{"name":"wp","href":"https:\/\/api.w.org\/{rel}","templated":true}]}}