{"id":23,"date":"2019-02-12T16:15:28","date_gmt":"2019-02-12T15:15:28","guid":{"rendered":"http:\/\/magazin.juvigo.de\/wordpress\/?page_id=23"},"modified":"2020-11-16T16:32:54","modified_gmt":"2020-11-16T15:32:54","slug":"magazin","status":"publish","type":"page","link":"https:\/\/juvigo.de\/magazin\/","title":{"rendered":"Magazin"},"content":{"rendered":"\n<h1 class=\"wp-block-heading\">Das Juvigo Magazin<\/h1>\n\n\n\n","protected":false},"excerpt":{"rendered":"<p>Das Juvigo Magazin<\/p>\n","protected":false},"author":12,"featured_media":0,"parent":0,"menu_order":0,"comment_status":"closed","ping_status":"closed","template":"","meta":{"advgb_blocks_editor_width":"","advgb_blocks_columns_visual_guide":"","footnotes":"","_links_to":"","_links_to_target":""},"categories":[],"tags":[],"class_list":["post-23","page","type-page","status-publish","hentry"],"yoast_head":"<!-- This site is optimized with the Yoast SEO plugin v24.8.1 - https:\/\/yoast.com\/wordpress\/plugins\/seo\/ -->\n<title>Juvigo Magazin - Das Magazin f\u00fcr Feriencamps, Jugendreisen und Sprachreisen<\/title>\n<meta name=\"description\" content=\"Das Magazin f\u00fcr Feriencamps, Jugendreisen und Sprachreisen bei Juvigo. F\u00fcr Kinder, Eltern, Partner &amp; Bewerber. Findet bei Juvigo euer Ferienlager!\" \/>\n<meta name=\"robots\" content=\"index, follow, max-snippet:-1, max-image-preview:large, max-video-preview:-1\" \/>\n<link rel=\"canonical\" href=\"https:\/\/juvigo.de\/magazin\/\" \/>\n<meta property=\"og:locale\" content=\"de_DE\" \/>\n<meta property=\"og:type\" content=\"article\" \/>\n<meta property=\"og:title\" content=\"Juvigo Magazin - Das Magazin f\u00fcr Feriencamps, Jugendreisen und Sprachreisen\" \/>\n<meta property=\"og:description\" content=\"Das Magazin f\u00fcr Feriencamps, Jugendreisen und Sprachreisen bei Juvigo. F\u00fcr Kinder, Eltern, Partner &amp; Bewerber. Findet bei Juvigo euer Ferienlager!\" \/>\n<meta property=\"og:url\" content=\"https:\/\/juvigo.de\/magazin\/\" \/>\n<meta property=\"og:site_name\" content=\"Magazin\" \/>\n<meta property=\"article:publisher\" content=\"https:\/\/de-de.facebook.com\/meinjuvigo\" \/>\n<meta property=\"article:modified_time\" content=\"2020-11-16T15:32:54+00:00\" \/>\n<meta property=\"og:image\" content=\"https:\/\/juvigo.de\/magazin\/wp-content\/uploads\/2019\/02\/banner-small-1.jpg\" \/>\n\t<meta property=\"og:image:width\" content=\"1440\" \/>\n\t<meta property=\"og:image:height\" content=\"590\" \/>\n\t<meta property=\"og:image:type\" content=\"image\/jpeg\" \/>\n<meta name=\"twitter:card\" content=\"summary_large_image\" \/>\n<meta name=\"twitter:site\" content=\"@meinjuvigo\" \/>\n<script type=\"application\/ld+json\" class=\"yoast-schema-graph\">{\"@context\":\"https:\/\/schema.org\",\"@graph\":[{\"@type\":\"WebPage\",\"@id\":\"https:\/\/juvigo.de\/magazin\/\",\"url\":\"https:\/\/juvigo.de\/magazin\/\",\"name\":\"Juvigo Magazin - Das Magazin f\u00fcr Feriencamps, Jugendreisen und Sprachreisen\",\"isPartOf\":{\"@id\":\"https:\/\/juvigo.de\/magazin\/#website\"},\"datePublished\":\"2019-02-12T15:15:28+00:00\",\"dateModified\":\"2020-11-16T15:32:54+00:00\",\"description\":\"Das Magazin f\u00fcr Feriencamps, Jugendreisen und Sprachreisen bei Juvigo. F\u00fcr Kinder, Eltern, Partner & Bewerber. Findet bei Juvigo euer Ferienlager!\",\"breadcrumb\":{\"@id\":\"https:\/\/juvigo.de\/magazin\/#breadcrumb\"},\"inLanguage\":\"de\",\"potentialAction\":[{\"@type\":\"ReadAction\",\"target\":[\"https:\/\/juvigo.de\/magazin\/\"]}]},{\"@type\":\"BreadcrumbList\",\"@id\":\"https:\/\/juvigo.de\/magazin\/#breadcrumb\",\"itemListElement\":[{\"@type\":\"ListItem\",\"position\":1,\"name\":\"Juvigo-Magazin\",\"item\":\"https:\/\/juvigo.de\/magazin\/\"},{\"@type\":\"ListItem\",\"position\":2,\"name\":\"Magazin\"}]},{\"@type\":\"WebSite\",\"@id\":\"https:\/\/juvigo.de\/magazin\/#website\",\"url\":\"https:\/\/juvigo.de\/magazin\/\",\"name\":\"Magazin\",\"description\":\"Informationen zu Feriencamps, Jugendreisen und Sprachreisen\",\"publisher\":{\"@id\":\"https:\/\/juvigo.de\/magazin\/#organization\"},\"potentialAction\":[{\"@type\":\"SearchAction\",\"target\":{\"@type\":\"EntryPoint\",\"urlTemplate\":\"https:\/\/juvigo.de\/magazin\/?s={search_term_string}\"},\"query-input\":{\"@type\":\"PropertyValueSpecification\",\"valueRequired\":true,\"valueName\":\"search_term_string\"}}],\"inLanguage\":\"de\"},{\"@type\":\"Organization\",\"@id\":\"https:\/\/juvigo.de\/magazin\/#organization\",\"name\":\"Juvigo GmbH\",\"url\":\"https:\/\/juvigo.de\/magazin\/\",\"logo\":{\"@type\":\"ImageObject\",\"inLanguage\":\"de\",\"@id\":\"https:\/\/juvigo.de\/magazin\/#\/schema\/logo\/image\/\",\"url\":\"https:\/\/juvigo.de\/magazin\/wp-content\/uploads\/2019\/12\/juvigo_logo_dark_transparentsun_magazin_quicksand1-1.png\",\"contentUrl\":\"https:\/\/juvigo.de\/magazin\/wp-content\/uploads\/2019\/12\/juvigo_logo_dark_transparentsun_magazin_quicksand1-1.png\",\"width\":370,\"height\":155,\"caption\":\"Juvigo GmbH\"},\"image\":{\"@id\":\"https:\/\/juvigo.de\/magazin\/#\/schema\/logo\/image\/\"},\"sameAs\":[\"https:\/\/de-de.facebook.com\/meinjuvigo\",\"https:\/\/x.com\/meinjuvigo\",\"http:\/\/instagram.com\/juvigo_de\/\"]}]}<\/script>\n<!-- \/ Yoast SEO plugin. -->","yoast_head_json":{"title":"Juvigo Magazin - Das Magazin f\u00fcr Feriencamps, Jugendreisen und Sprachreisen","description":"Das Magazin f\u00fcr Feriencamps, Jugendreisen und Sprachreisen bei Juvigo. F\u00fcr Kinder, Eltern, Partner & Bewerber. Findet bei Juvigo euer Ferienlager!","robots":{"index":"index","follow":"follow","max-snippet":"max-snippet:-1","max-image-preview":"max-image-preview:large","max-video-preview":"max-video-preview:-1"},"canonical":"https:\/\/juvigo.de\/magazin\/","og_locale":"de_DE","og_type":"article","og_title":"Juvigo Magazin - Das Magazin f\u00fcr Feriencamps, Jugendreisen und Sprachreisen","og_description":"Das Magazin f\u00fcr Feriencamps, Jugendreisen und Sprachreisen bei Juvigo. F\u00fcr Kinder, Eltern, Partner & Bewerber. Findet bei Juvigo euer Ferienlager!","og_url":"https:\/\/juvigo.de\/magazin\/","og_site_name":"Magazin","article_publisher":"https:\/\/de-de.facebook.com\/meinjuvigo","article_modified_time":"2020-11-16T15:32:54+00:00","og_image":[{"width":1440,"height":590,"url":"https:\/\/juvigo.de\/magazin\/wp-content\/uploads\/2019\/02\/banner-small-1.jpg","type":"image\/jpeg"}],"twitter_card":"summary_large_image","twitter_site":"@meinjuvigo","schema":{"@context":"https:\/\/schema.org","@graph":[{"@type":"WebPage","@id":"https:\/\/juvigo.de\/magazin\/","url":"https:\/\/juvigo.de\/magazin\/","name":"Juvigo Magazin - Das Magazin f\u00fcr Feriencamps, Jugendreisen und Sprachreisen","isPartOf":{"@id":"https:\/\/juvigo.de\/magazin\/#website"},"datePublished":"2019-02-12T15:15:28+00:00","dateModified":"2020-11-16T15:32:54+00:00","description":"Das Magazin f\u00fcr Feriencamps, Jugendreisen und Sprachreisen bei Juvigo. F\u00fcr Kinder, Eltern, Partner & Bewerber. Findet bei Juvigo euer Ferienlager!","breadcrumb":{"@id":"https:\/\/juvigo.de\/magazin\/#breadcrumb"},"inLanguage":"de","potentialAction":[{"@type":"ReadAction","target":["https:\/\/juvigo.de\/magazin\/"]}]},{"@type":"BreadcrumbList","@id":"https:\/\/juvigo.de\/magazin\/#breadcrumb","itemListElement":[{"@type":"ListItem","position":1,"name":"Juvigo-Magazin","item":"https:\/\/juvigo.de\/magazin\/"},{"@type":"ListItem","position":2,"name":"Magazin"}]},{"@type":"WebSite","@id":"https:\/\/juvigo.de\/magazin\/#website","url":"https:\/\/juvigo.de\/magazin\/","name":"Magazin","description":"Informationen zu Feriencamps, Jugendreisen und Sprachreisen","publisher":{"@id":"https:\/\/juvigo.de\/magazin\/#organization"},"potentialAction":[{"@type":"SearchAction","target":{"@type":"EntryPoint","urlTemplate":"https:\/\/juvigo.de\/magazin\/?s={search_term_string}"},"query-input":{"@type":"PropertyValueSpecification","valueRequired":true,"valueName":"search_term_string"}}],"inLanguage":"de"},{"@type":"Organization","@id":"https:\/\/juvigo.de\/magazin\/#organization","name":"Juvigo GmbH","url":"https:\/\/juvigo.de\/magazin\/","logo":{"@type":"ImageObject","inLanguage":"de","@id":"https:\/\/juvigo.de\/magazin\/#\/schema\/logo\/image\/","url":"https:\/\/juvigo.de\/magazin\/wp-content\/uploads\/2019\/12\/juvigo_logo_dark_transparentsun_magazin_quicksand1-1.png","contentUrl":"https:\/\/juvigo.de\/magazin\/wp-content\/uploads\/2019\/12\/juvigo_logo_dark_transparentsun_magazin_quicksand1-1.png","width":370,"height":155,"caption":"Juvigo GmbH"},"image":{"@id":"https:\/\/juvigo.de\/magazin\/#\/schema\/logo\/image\/"},"sameAs":["https:\/\/de-de.facebook.com\/meinjuvigo","https:\/\/x.com\/meinjuvigo","http:\/\/instagram.com\/juvigo_de\/"]}]}},"wps_subtitle":"","coauthors":[],"author_meta":{"author_link":"https:\/\/juvigo.de\/magazin\/author\/patricia-2\/","display_name":"Patricia Schaal"},"relative_dates":{"created":"Posted 7\u00a0Jahren ago","modified":"Updated 5\u00a0Jahren ago"},"absolute_dates":{"created":"Posted on 12.02.2019","modified":"Updated on 16.11.2020"},"absolute_dates_time":{"created":"Posted on 12.02.2019 16:15","modified":"Updated on 16.11.2020 16:32"},"featured_img_caption":"","featured_img":false,"series_order":"","_links":{"self":[{"href":"https:\/\/juvigo.de\/magazin\/wp-json\/wp\/v2\/pages\/23","targetHints":{"allow":["GET"]}}],"collection":[{"href":"https:\/\/juvigo.de\/magazin\/wp-json\/wp\/v2\/pages"}],"about":[{"href":"https:\/\/juvigo.de\/magazin\/wp-json\/wp\/v2\/types\/page"}],"author":[{"embeddable":true,"href":"https:\/\/juvigo.de\/magazin\/wp-json\/wp\/v2\/users\/12"}],"replies":[{"embeddable":true,"href":"https:\/\/juvigo.de\/magazin\/wp-json\/wp\/v2\/comments?post=23"}],"version-history":[{"count":79,"href":"https:\/\/juvigo.de\/magazin\/wp-json\/wp\/v2\/pages\/23\/revisions"}],"predecessor-version":[{"id":4994,"href":"https:\/\/juvigo.de\/magazin\/wp-json\/wp\/v2\/pages\/23\/revisions\/4994"}],"wp:attachment":[{"href":"https:\/\/juvigo.de\/magazin\/wp-json\/wp\/v2\/media?parent=23"}],"wp:term":[{"taxonomy":"category","embeddable":true,"href":"https:\/\/juvigo.de\/magazin\/wp-json\/wp\/v2\/categories?post=23"},{"taxonomy":"post_tag","embeddable":true,"href":"https:\/\/juvigo.de\/magazin\/wp-json\/wp\/v2\/tags?post=23"}],"curies":[{"name":"wp","href":"https:\/\/api.w.org\/{rel}","templated":true}]}}