{"id":7437,"date":"2021-12-08T10:43:28","date_gmt":"2021-12-08T09:43:28","guid":{"rendered":"https:\/\/juvigo.de\/magazin\/?page_id=7437"},"modified":"2022-11-09T16:35:37","modified_gmt":"2022-11-09T15:35:37","slug":"instagram-feed","status":"publish","type":"page","link":"https:\/\/juvigo.de\/magazin\/instagram-feed\/","title":{"rendered":"Instagram-Feed"},"content":{"rendered":"\n<figure class=\"wp-block-gallery alignwide has-nested-images columns-default is-cropped wp-block-gallery-2 is-layout-flex wp-block-gallery-is-layout-flex\">\n<figure class=\"wp-block-image size-large\"><img decoding=\"async\" width=\"378\" height=\"419\" data-id=\"7693\" data-src=\"https:\/\/juvigo.de\/magazin\/wp-content\/uploads\/2022\/01\/Bildschirmfoto-2022-01-19-um-10.23.22.png\" alt=\"\" class=\"wp-image-7693 lazyload\" src=\"data:image\/gif;base64,R0lGODlhAQABAAAAACH5BAEKAAEALAAAAAABAAEAAAICTAEAOw==\" style=\"--smush-placeholder-width: 378px; --smush-placeholder-aspect-ratio: 378\/419;\" \/><\/figure>\n\n\n\n<figure class=\"wp-block-image size-large\"><img decoding=\"async\" width=\"683\" height=\"632\" data-id=\"7689\" data-src=\"https:\/\/juvigo.de\/magazin\/wp-content\/uploads\/2022\/01\/Bildschirmfoto-2022-01-19-um-10.21.17.png\" alt=\"\" class=\"wp-image-7689 lazyload\" src=\"data:image\/gif;base64,R0lGODlhAQABAAAAACH5BAEKAAEALAAAAAABAAEAAAICTAEAOw==\" style=\"--smush-placeholder-width: 683px; --smush-placeholder-aspect-ratio: 683\/632;\" \/><\/figure>\n\n\n\n<figure class=\"wp-block-image size-large\"><img decoding=\"async\" width=\"466\" height=\"433\" data-id=\"7688\" data-src=\"https:\/\/juvigo.de\/magazin\/wp-content\/uploads\/2022\/01\/Bildschirmfoto-2022-01-19-um-10.19.32.png\" alt=\"\" class=\"wp-image-7688 lazyload\" src=\"data:image\/gif;base64,R0lGODlhAQABAAAAACH5BAEKAAEALAAAAAABAAEAAAICTAEAOw==\" style=\"--smush-placeholder-width: 466px; --smush-placeholder-aspect-ratio: 466\/433;\" \/><\/figure>\n\n\n\n<figure class=\"wp-block-image size-large\"><img decoding=\"async\" width=\"658\" height=\"641\" data-id=\"7653\" data-src=\"https:\/\/juvigo.de\/magazin\/wp-content\/uploads\/2022\/01\/Bildschirmfoto-2022-01-13-um-10.38.47.png\" alt=\"\" class=\"wp-image-7653 lazyload\" src=\"data:image\/gif;base64,R0lGODlhAQABAAAAACH5BAEKAAEALAAAAAABAAEAAAICTAEAOw==\" style=\"--smush-placeholder-width: 658px; --smush-placeholder-aspect-ratio: 658\/641;\" \/><\/figure>\n\n\n\n<figure class=\"wp-block-image size-large\"><img decoding=\"async\" width=\"386\" height=\"405\" data-id=\"7643\" data-src=\"https:\/\/juvigo.de\/magazin\/wp-content\/uploads\/2022\/01\/Bildschirmfoto-2022-01-13-um-09.45.26.png\" alt=\"\" class=\"wp-image-7643 lazyload\" src=\"data:image\/gif;base64,R0lGODlhAQABAAAAACH5BAEKAAEALAAAAAABAAEAAAICTAEAOw==\" style=\"--smush-placeholder-width: 386px; --smush-placeholder-aspect-ratio: 386\/405;\" \/><\/figure>\n\n\n\n<figure class=\"wp-block-image size-large\"><img decoding=\"async\" width=\"842\" height=\"847\" data-id=\"7649\" data-src=\"https:\/\/juvigo.de\/magazin\/wp-content\/uploads\/2022\/01\/Bildschirmfoto-2022-01-13-um-10.34.22.png\" alt=\"\" class=\"wp-image-7649 lazyload\" src=\"data:image\/gif;base64,R0lGODlhAQABAAAAACH5BAEKAAEALAAAAAABAAEAAAICTAEAOw==\" style=\"--smush-placeholder-width: 842px; --smush-placeholder-aspect-ratio: 842\/847;\" \/><\/figure>\n\n\n\n<figure class=\"wp-block-image size-large\"><img decoding=\"async\" width=\"458\" height=\"471\" data-id=\"7646\" data-src=\"https:\/\/juvigo.de\/magazin\/wp-content\/uploads\/2022\/01\/Bildschirmfoto-2022-01-13-um-10.00.41.png\" alt=\"\" class=\"wp-image-7646 lazyload\" src=\"data:image\/gif;base64,R0lGODlhAQABAAAAACH5BAEKAAEALAAAAAABAAEAAAICTAEAOw==\" style=\"--smush-placeholder-width: 458px; --smush-placeholder-aspect-ratio: 458\/471;\" \/><\/figure>\n\n\n\n<figure class=\"wp-block-image size-large\"><img decoding=\"async\" width=\"800\" height=\"533\" data-id=\"7620\" data-src=\"https:\/\/juvigo.de\/magazin\/wp-content\/uploads\/2022\/01\/segelcamp-bodensee-kinder.jpeg\" alt=\"\" class=\"wp-image-7620 lazyload\" src=\"data:image\/gif;base64,R0lGODlhAQABAAAAACH5BAEKAAEALAAAAAABAAEAAAICTAEAOw==\" style=\"--smush-placeholder-width: 800px; --smush-placeholder-aspect-ratio: 800\/533;\" \/><\/figure>\n\n\n\n<figure class=\"wp-block-image size-large\"><img decoding=\"async\" width=\"640\" height=\"426\" data-id=\"7617\" data-src=\"https:\/\/juvigo.de\/magazin\/wp-content\/uploads\/2022\/01\/new-years-eve-1283521_640.jpg\" alt=\"\" class=\"wp-image-7617 lazyload\" src=\"data:image\/gif;base64,R0lGODlhAQABAAAAACH5BAEKAAEALAAAAAABAAEAAAICTAEAOw==\" style=\"--smush-placeholder-width: 640px; --smush-placeholder-aspect-ratio: 640\/426;\" \/><\/figure>\n\n\n\n<figure class=\"wp-block-image size-large\"><img decoding=\"async\" width=\"706\" height=\"692\" data-id=\"7614\" data-src=\"https:\/\/juvigo.de\/magazin\/wp-content\/uploads\/2022\/01\/Bildschirmfoto-2022-01-05-um-14.15.42.png\" alt=\"\" class=\"wp-image-7614 lazyload\" src=\"data:image\/gif;base64,R0lGODlhAQABAAAAACH5BAEKAAEALAAAAAABAAEAAAICTAEAOw==\" style=\"--smush-placeholder-width: 706px; --smush-placeholder-aspect-ratio: 706\/692;\" \/><\/figure>\n\n\n\n<figure class=\"wp-block-image size-large\"><img decoding=\"async\" width=\"670\" height=\"646\" data-id=\"7611\" data-src=\"https:\/\/juvigo.de\/magazin\/wp-content\/uploads\/2022\/01\/Bildschirmfoto-2022-01-05-um-14.13.32.png\" alt=\"\" class=\"wp-image-7611 lazyload\" src=\"data:image\/gif;base64,R0lGODlhAQABAAAAACH5BAEKAAEALAAAAAABAAEAAAICTAEAOw==\" style=\"--smush-placeholder-width: 670px; --smush-placeholder-aspect-ratio: 670\/646;\" \/><\/figure>\n\n\n\n<figure class=\"wp-block-image size-large\"><img decoding=\"async\" width=\"636\" height=\"688\" data-id=\"7609\" data-src=\"https:\/\/juvigo.de\/magazin\/wp-content\/uploads\/2022\/01\/Bildschirmfoto-2022-01-05-um-14.11.44.png\" alt=\"\" class=\"wp-image-7609 lazyload\" src=\"data:image\/gif;base64,R0lGODlhAQABAAAAACH5BAEKAAEALAAAAAABAAEAAAICTAEAOw==\" style=\"--smush-placeholder-width: 636px; --smush-placeholder-aspect-ratio: 636\/688;\" \/><\/figure>\n\n\n\n<figure class=\"wp-block-image size-large\"><img decoding=\"async\" width=\"862\" height=\"694\" data-id=\"7607\" data-src=\"https:\/\/juvigo.de\/magazin\/wp-content\/uploads\/2022\/01\/Bildschirmfoto-2022-01-05-um-14.08.33-1.png\" alt=\"\" class=\"wp-image-7607 lazyload\" src=\"data:image\/gif;base64,R0lGODlhAQABAAAAACH5BAEKAAEALAAAAAABAAEAAAICTAEAOw==\" style=\"--smush-placeholder-width: 862px; --smush-placeholder-aspect-ratio: 862\/694;\" \/><\/figure>\n\n\n\n<figure class=\"wp-block-image size-large\"><img decoding=\"async\" width=\"1920\" height=\"1279\" data-id=\"7601\" data-src=\"https:\/\/juvigo.de\/magazin\/wp-content\/uploads\/2022\/01\/star-2973672_1920-1.jpg\" alt=\"\" class=\"wp-image-7601 lazyload\" src=\"data:image\/gif;base64,R0lGODlhAQABAAAAACH5BAEKAAEALAAAAAABAAEAAAICTAEAOw==\" style=\"--smush-placeholder-width: 1920px; --smush-placeholder-aspect-ratio: 1920\/1279;\" \/><\/figure>\n\n\n\n<figure class=\"wp-block-image size-large\"><img decoding=\"async\" width=\"4000\" height=\"3000\" data-id=\"7598\" data-src=\"https:\/\/juvigo.de\/magazin\/wp-content\/uploads\/2022\/01\/anton-konstantinov-OqHIW0UUEoQ-unsplash.jpg\" alt=\"\" class=\"wp-image-7598 lazyload\" src=\"data:image\/gif;base64,R0lGODlhAQABAAAAACH5BAEKAAEALAAAAAABAAEAAAICTAEAOw==\" style=\"--smush-placeholder-width: 4000px; --smush-placeholder-aspect-ratio: 4000\/3000;\" \/><\/figure>\n\n\n\n<figure class=\"wp-block-image size-large\"><img decoding=\"async\" width=\"884\" height=\"889\" data-id=\"7496\" data-src=\"https:\/\/juvigo.de\/magazin\/wp-content\/uploads\/2021\/12\/Bildschirmfoto-2021-12-16-um-11.03.03-1.png\" alt=\"\" class=\"wp-image-7496 lazyload\" src=\"data:image\/gif;base64,R0lGODlhAQABAAAAACH5BAEKAAEALAAAAAABAAEAAAICTAEAOw==\" style=\"--smush-placeholder-width: 884px; --smush-placeholder-aspect-ratio: 884\/889;\" \/><\/figure>\n\n\n\n<figure class=\"wp-block-image size-large\"><img decoding=\"async\" width=\"818\" height=\"812\" data-id=\"7490\" data-src=\"https:\/\/juvigo.de\/magazin\/wp-content\/uploads\/2021\/12\/Bildschirmfoto-2021-12-15-um-09.13.44.png\" alt=\"\" class=\"wp-image-7490 lazyload\" src=\"data:image\/gif;base64,R0lGODlhAQABAAAAACH5BAEKAAEALAAAAAABAAEAAAICTAEAOw==\" style=\"--smush-placeholder-width: 818px; --smush-placeholder-aspect-ratio: 818\/812;\" \/><\/figure>\n\n\n\n<figure class=\"wp-block-image size-large\"><img decoding=\"async\" width=\"818\" height=\"760\" data-id=\"7486\" data-src=\"https:\/\/juvigo.de\/magazin\/wp-content\/uploads\/2021\/12\/Bildschirmfoto-2021-12-15-um-09.10.03.png\" alt=\"\" class=\"wp-image-7486 lazyload\" src=\"data:image\/gif;base64,R0lGODlhAQABAAAAACH5BAEKAAEALAAAAAABAAEAAAICTAEAOw==\" style=\"--smush-placeholder-width: 818px; --smush-placeholder-aspect-ratio: 818\/760;\" \/><\/figure>\n\n\n\n<figure class=\"wp-block-image size-large\"><img decoding=\"async\" width=\"750\" height=\"742\" data-id=\"7465\" data-src=\"https:\/\/juvigo.de\/magazin\/wp-content\/uploads\/2021\/12\/Bildschirmfoto-2021-12-08-um-16.32.27-1.png\" alt=\"\" class=\"wp-image-7465 lazyload\" src=\"data:image\/gif;base64,R0lGODlhAQABAAAAACH5BAEKAAEALAAAAAABAAEAAAICTAEAOw==\" style=\"--smush-placeholder-width: 750px; --smush-placeholder-aspect-ratio: 750\/742;\" \/><\/figure>\n\n\n\n<figure class=\"wp-block-image size-large\"><img decoding=\"async\" width=\"1430\" height=\"1429\" data-id=\"7236\" data-src=\"https:\/\/juvigo.de\/magazin\/wp-content\/uploads\/2021\/11\/aaron-burden-xtIYGB0KEqc-unsplash.jpg\" alt=\"\" class=\"wp-image-7236 lazyload\" src=\"data:image\/gif;base64,R0lGODlhAQABAAAAACH5BAEKAAEALAAAAAABAAEAAAICTAEAOw==\" style=\"--smush-placeholder-width: 1430px; --smush-placeholder-aspect-ratio: 1430\/1429;\" \/><\/figure>\n\n\n\n<figure class=\"wp-block-image size-large\"><img decoding=\"async\" width=\"1251\" height=\"1247\" data-id=\"7235\" data-src=\"https:\/\/juvigo.de\/magazin\/wp-content\/uploads\/2021\/11\/chris-benson-6o0BDI1vvc8-unsplash.jpg\" alt=\"\" class=\"wp-image-7235 lazyload\" src=\"data:image\/gif;base64,R0lGODlhAQABAAAAACH5BAEKAAEALAAAAAABAAEAAAICTAEAOw==\" style=\"--smush-placeholder-width: 1251px; --smush-placeholder-aspect-ratio: 1251\/1247;\" \/><\/figure>\n\n\n\n<figure class=\"wp-block-image size-large\"><img decoding=\"async\" width=\"1940\" height=\"1941\" data-id=\"7234\" data-src=\"https:\/\/juvigo.de\/magazin\/wp-content\/uploads\/2021\/11\/designecologist-_0zj80fmxQs-unsplash.jpg\" alt=\"\" class=\"wp-image-7234 lazyload\" src=\"data:image\/gif;base64,R0lGODlhAQABAAAAACH5BAEKAAEALAAAAAABAAEAAAICTAEAOw==\" style=\"--smush-placeholder-width: 1940px; --smush-placeholder-aspect-ratio: 1940\/1941;\" \/><\/figure>\n\n\n\n<figure class=\"wp-block-image size-large\"><img decoding=\"async\" width=\"3500\" height=\"2333\" data-id=\"7232\" data-src=\"https:\/\/juvigo.de\/magazin\/wp-content\/uploads\/2021\/11\/markus-spiske-WUsrcGukaQM-unsplash.jpg\" alt=\"\" class=\"wp-image-7232 lazyload\" src=\"data:image\/gif;base64,R0lGODlhAQABAAAAACH5BAEKAAEALAAAAAABAAEAAAICTAEAOw==\" style=\"--smush-placeholder-width: 3500px; --smush-placeholder-aspect-ratio: 3500\/2333;\" \/><\/figure>\n\n\n\n<figure class=\"wp-block-image size-large\"><img decoding=\"async\" width=\"1000\" height=\"1000\" data-id=\"7231\" data-src=\"https:\/\/juvigo.de\/magazin\/wp-content\/uploads\/2021\/11\/black-friday-angebot_final.jpg\" alt=\"\" class=\"wp-image-7231 lazyload\" src=\"data:image\/gif;base64,R0lGODlhAQABAAAAACH5BAEKAAEALAAAAAABAAEAAAICTAEAOw==\" style=\"--smush-placeholder-width: 1000px; --smush-placeholder-aspect-ratio: 1000\/1000;\" \/><\/figure>\n\n\n\n<figure class=\"wp-block-image size-large\"><img decoding=\"async\" width=\"1555\" height=\"1556\" data-id=\"7230\" data-src=\"https:\/\/juvigo.de\/magazin\/wp-content\/uploads\/2021\/11\/spikeball-ESlJNsYwIwM-unsplash.jpg\" alt=\"\" class=\"wp-image-7230 lazyload\" src=\"data:image\/gif;base64,R0lGODlhAQABAAAAACH5BAEKAAEALAAAAAABAAEAAAICTAEAOw==\" style=\"--smush-placeholder-width: 1555px; --smush-placeholder-aspect-ratio: 1555\/1556;\" \/><\/figure>\n\n\n\n<figure class=\"wp-block-image size-large\"><img decoding=\"async\" width=\"2526\" height=\"2527\" data-id=\"7226\" data-src=\"https:\/\/juvigo.de\/magazin\/wp-content\/uploads\/2021\/11\/maarten-duineveld-2QNDSPCSzCI-unsplash.jpg\" alt=\"\" class=\"wp-image-7226 lazyload\" src=\"data:image\/gif;base64,R0lGODlhAQABAAAAACH5BAEKAAEALAAAAAABAAEAAAICTAEAOw==\" style=\"--smush-placeholder-width: 2526px; --smush-placeholder-aspect-ratio: 2526\/2527;\" \/><\/figure>\n\n\n\n<figure class=\"wp-block-image size-large\"><img decoding=\"async\" width=\"506\" height=\"506\" data-id=\"7225\" data-src=\"https:\/\/juvigo.de\/magazin\/wp-content\/uploads\/2021\/11\/golf-sprachreise-training.jpeg\" alt=\"\" class=\"wp-image-7225 lazyload\" src=\"data:image\/gif;base64,R0lGODlhAQABAAAAACH5BAEKAAEALAAAAAABAAEAAAICTAEAOw==\" style=\"--smush-placeholder-width: 506px; --smush-placeholder-aspect-ratio: 506\/506;\" \/><\/figure>\n\n\n\n<figure class=\"wp-block-image size-large\"><img decoding=\"async\" width=\"399\" height=\"401\" data-id=\"7217\" data-src=\"https:\/\/juvigo.de\/magazin\/wp-content\/uploads\/2021\/11\/ski-und-snowboard-camp-jump.jpeg\" alt=\"\" class=\"wp-image-7217 lazyload\" src=\"data:image\/gif;base64,R0lGODlhAQABAAAAACH5BAEKAAEALAAAAAABAAEAAAICTAEAOw==\" style=\"--smush-placeholder-width: 399px; --smush-placeholder-aspect-ratio: 399\/401;\" \/><\/figure>\n\n\n\n<figure class=\"wp-block-image size-large\"><img decoding=\"async\" width=\"86\" height=\"78\" data-id=\"7656\" data-src=\"https:\/\/juvigo.de\/magazin\/wp-content\/uploads\/2022\/01\/Bildschirmfoto-2022-01-13-um-10.40.52.png\" alt=\"\" class=\"wp-image-7656 lazyload\" src=\"data:image\/gif;base64,R0lGODlhAQABAAAAACH5BAEKAAEALAAAAAABAAEAAAICTAEAOw==\" style=\"--smush-placeholder-width: 86px; --smush-placeholder-aspect-ratio: 86\/78;\" \/><\/figure>\n\n\n\n<figure class=\"wp-block-image size-large\"><img decoding=\"async\" width=\"86\" height=\"78\" data-id=\"7659\" data-src=\"https:\/\/juvigo.de\/magazin\/wp-content\/uploads\/2022\/01\/Bildschirmfoto-2022-01-13-um-10.40.52-1.png\" alt=\"\" class=\"wp-image-7659 lazyload\" src=\"data:image\/gif;base64,R0lGODlhAQABAAAAACH5BAEKAAEALAAAAAABAAEAAAICTAEAOw==\" style=\"--smush-placeholder-width: 86px; --smush-placeholder-aspect-ratio: 86\/78;\" \/><\/figure>\n<\/figure>\n\n\n\n<p><\/p>\n","protected":false},"excerpt":{"rendered":"","protected":false},"author":22,"featured_media":7444,"parent":0,"menu_order":0,"comment_status":"closed","ping_status":"closed","template":"","meta":{"advgb_blocks_editor_width":"","advgb_blocks_columns_visual_guide":"","footnotes":"","_links_to":"","_links_to_target":""},"categories":[],"tags":[],"class_list":["post-7437","page","type-page","status-publish","has-post-thumbnail","hentry"],"yoast_head":"<!-- This site is optimized with the Yoast SEO plugin v24.8.1 - https:\/\/yoast.com\/wordpress\/plugins\/seo\/ -->\n<title>Instagram-Feed - Juvigo Magazin<\/title>\n<meta name=\"description\" content=\"Nicht nur \u00fcber unsere Website sondern auch auf Social-Media k\u00f6nnt ihr euch \u00fcber Juvigo informieren. Schaut gerne mal vorbei!\" \/>\n<meta name=\"robots\" content=\"index, follow, max-snippet:-1, max-image-preview:large, max-video-preview:-1\" \/>\n<link rel=\"canonical\" href=\"https:\/\/juvigo.de\/magazin\/instagram-feed\/\" \/>\n<meta property=\"og:locale\" content=\"de_DE\" \/>\n<meta property=\"og:type\" content=\"article\" \/>\n<meta property=\"og:title\" content=\"Instagram-Feed - Juvigo Magazin\" \/>\n<meta property=\"og:description\" content=\"Nicht nur \u00fcber unsere Website sondern auch auf Social-Media k\u00f6nnt ihr euch \u00fcber Juvigo informieren. Schaut gerne mal vorbei!\" \/>\n<meta property=\"og:url\" content=\"https:\/\/juvigo.de\/magazin\/instagram-feed\/\" \/>\n<meta property=\"og:site_name\" content=\"Magazin\" \/>\n<meta property=\"article:publisher\" content=\"https:\/\/de-de.facebook.com\/meinjuvigo\" \/>\n<meta property=\"article:modified_time\" content=\"2022-11-09T15:35:37+00:00\" \/>\n<meta property=\"og:image\" content=\"https:\/\/juvigo.de\/magazin\/wp-content\/uploads\/2021\/12\/instagram-blue_magazin.jpg\" \/>\n\t<meta property=\"og:image:width\" content=\"600\" \/>\n\t<meta property=\"og:image:height\" content=\"600\" \/>\n\t<meta property=\"og:image:type\" content=\"image\/jpeg\" \/>\n<meta name=\"twitter:card\" content=\"summary_large_image\" \/>\n<meta name=\"twitter:site\" content=\"@meinjuvigo\" \/>\n<meta name=\"twitter:label1\" content=\"Gesch\u00e4tzte Lesezeit\" \/>\n\t<meta name=\"twitter:data1\" content=\"6\u00a0Minuten\" \/>\n<script type=\"application\/ld+json\" class=\"yoast-schema-graph\">{\"@context\":\"https:\/\/schema.org\",\"@graph\":[{\"@type\":\"WebPage\",\"@id\":\"https:\/\/juvigo.de\/magazin\/instagram-feed\/\",\"url\":\"https:\/\/juvigo.de\/magazin\/instagram-feed\/\",\"name\":\"Instagram-Feed - Juvigo Magazin\",\"isPartOf\":{\"@id\":\"https:\/\/juvigo.de\/magazin\/#website\"},\"primaryImageOfPage\":{\"@id\":\"https:\/\/juvigo.de\/magazin\/instagram-feed\/#primaryimage\"},\"image\":{\"@id\":\"https:\/\/juvigo.de\/magazin\/instagram-feed\/#primaryimage\"},\"thumbnailUrl\":\"https:\/\/juvigo.de\/magazin\/wp-content\/uploads\/2021\/12\/instagram-blue_magazin.jpg\",\"datePublished\":\"2021-12-08T09:43:28+00:00\",\"dateModified\":\"2022-11-09T15:35:37+00:00\",\"description\":\"Nicht nur \u00fcber unsere Website sondern auch auf Social-Media k\u00f6nnt ihr euch \u00fcber Juvigo informieren. Schaut gerne mal vorbei!\",\"breadcrumb\":{\"@id\":\"https:\/\/juvigo.de\/magazin\/instagram-feed\/#breadcrumb\"},\"inLanguage\":\"de\",\"potentialAction\":[{\"@type\":\"ReadAction\",\"target\":[\"https:\/\/juvigo.de\/magazin\/instagram-feed\/\"]}]},{\"@type\":\"ImageObject\",\"inLanguage\":\"de\",\"@id\":\"https:\/\/juvigo.de\/magazin\/instagram-feed\/#primaryimage\",\"url\":\"https:\/\/juvigo.de\/magazin\/wp-content\/uploads\/2021\/12\/instagram-blue_magazin.jpg\",\"contentUrl\":\"https:\/\/juvigo.de\/magazin\/wp-content\/uploads\/2021\/12\/instagram-blue_magazin.jpg\",\"width\":600,\"height\":600},{\"@type\":\"BreadcrumbList\",\"@id\":\"https:\/\/juvigo.de\/magazin\/instagram-feed\/#breadcrumb\",\"itemListElement\":[{\"@type\":\"ListItem\",\"position\":1,\"name\":\"Juvigo-Magazin\",\"item\":\"https:\/\/juvigo.de\/magazin\/\"},{\"@type\":\"ListItem\",\"position\":2,\"name\":\"Instagram-Feed\"}]},{\"@type\":\"WebSite\",\"@id\":\"https:\/\/juvigo.de\/magazin\/#website\",\"url\":\"https:\/\/juvigo.de\/magazin\/\",\"name\":\"Magazin\",\"description\":\"Informationen zu Feriencamps, Jugendreisen und Sprachreisen\",\"publisher\":{\"@id\":\"https:\/\/juvigo.de\/magazin\/#organization\"},\"potentialAction\":[{\"@type\":\"SearchAction\",\"target\":{\"@type\":\"EntryPoint\",\"urlTemplate\":\"https:\/\/juvigo.de\/magazin\/?s={search_term_string}\"},\"query-input\":{\"@type\":\"PropertyValueSpecification\",\"valueRequired\":true,\"valueName\":\"search_term_string\"}}],\"inLanguage\":\"de\"},{\"@type\":\"Organization\",\"@id\":\"https:\/\/juvigo.de\/magazin\/#organization\",\"name\":\"Juvigo GmbH\",\"url\":\"https:\/\/juvigo.de\/magazin\/\",\"logo\":{\"@type\":\"ImageObject\",\"inLanguage\":\"de\",\"@id\":\"https:\/\/juvigo.de\/magazin\/#\/schema\/logo\/image\/\",\"url\":\"https:\/\/juvigo.de\/magazin\/wp-content\/uploads\/2019\/12\/juvigo_logo_dark_transparentsun_magazin_quicksand1-1.png\",\"contentUrl\":\"https:\/\/juvigo.de\/magazin\/wp-content\/uploads\/2019\/12\/juvigo_logo_dark_transparentsun_magazin_quicksand1-1.png\",\"width\":370,\"height\":155,\"caption\":\"Juvigo GmbH\"},\"image\":{\"@id\":\"https:\/\/juvigo.de\/magazin\/#\/schema\/logo\/image\/\"},\"sameAs\":[\"https:\/\/de-de.facebook.com\/meinjuvigo\",\"https:\/\/x.com\/meinjuvigo\",\"http:\/\/instagram.com\/juvigo_de\/\"]}]}<\/script>\n<!-- \/ Yoast SEO plugin. -->","yoast_head_json":{"title":"Instagram-Feed - Juvigo Magazin","description":"Nicht nur \u00fcber unsere Website sondern auch auf Social-Media k\u00f6nnt ihr euch \u00fcber Juvigo informieren. Schaut gerne mal vorbei!","robots":{"index":"index","follow":"follow","max-snippet":"max-snippet:-1","max-image-preview":"max-image-preview:large","max-video-preview":"max-video-preview:-1"},"canonical":"https:\/\/juvigo.de\/magazin\/instagram-feed\/","og_locale":"de_DE","og_type":"article","og_title":"Instagram-Feed - Juvigo Magazin","og_description":"Nicht nur \u00fcber unsere Website sondern auch auf Social-Media k\u00f6nnt ihr euch \u00fcber Juvigo informieren. Schaut gerne mal vorbei!","og_url":"https:\/\/juvigo.de\/magazin\/instagram-feed\/","og_site_name":"Magazin","article_publisher":"https:\/\/de-de.facebook.com\/meinjuvigo","article_modified_time":"2022-11-09T15:35:37+00:00","og_image":[{"width":600,"height":600,"url":"https:\/\/juvigo.de\/magazin\/wp-content\/uploads\/2021\/12\/instagram-blue_magazin.jpg","type":"image\/jpeg"}],"twitter_card":"summary_large_image","twitter_site":"@meinjuvigo","twitter_misc":{"Gesch\u00e4tzte Lesezeit":"6\u00a0Minuten"},"schema":{"@context":"https:\/\/schema.org","@graph":[{"@type":"WebPage","@id":"https:\/\/juvigo.de\/magazin\/instagram-feed\/","url":"https:\/\/juvigo.de\/magazin\/instagram-feed\/","name":"Instagram-Feed - Juvigo Magazin","isPartOf":{"@id":"https:\/\/juvigo.de\/magazin\/#website"},"primaryImageOfPage":{"@id":"https:\/\/juvigo.de\/magazin\/instagram-feed\/#primaryimage"},"image":{"@id":"https:\/\/juvigo.de\/magazin\/instagram-feed\/#primaryimage"},"thumbnailUrl":"https:\/\/juvigo.de\/magazin\/wp-content\/uploads\/2021\/12\/instagram-blue_magazin.jpg","datePublished":"2021-12-08T09:43:28+00:00","dateModified":"2022-11-09T15:35:37+00:00","description":"Nicht nur \u00fcber unsere Website sondern auch auf Social-Media k\u00f6nnt ihr euch \u00fcber Juvigo informieren. Schaut gerne mal vorbei!","breadcrumb":{"@id":"https:\/\/juvigo.de\/magazin\/instagram-feed\/#breadcrumb"},"inLanguage":"de","potentialAction":[{"@type":"ReadAction","target":["https:\/\/juvigo.de\/magazin\/instagram-feed\/"]}]},{"@type":"ImageObject","inLanguage":"de","@id":"https:\/\/juvigo.de\/magazin\/instagram-feed\/#primaryimage","url":"https:\/\/juvigo.de\/magazin\/wp-content\/uploads\/2021\/12\/instagram-blue_magazin.jpg","contentUrl":"https:\/\/juvigo.de\/magazin\/wp-content\/uploads\/2021\/12\/instagram-blue_magazin.jpg","width":600,"height":600},{"@type":"BreadcrumbList","@id":"https:\/\/juvigo.de\/magazin\/instagram-feed\/#breadcrumb","itemListElement":[{"@type":"ListItem","position":1,"name":"Juvigo-Magazin","item":"https:\/\/juvigo.de\/magazin\/"},{"@type":"ListItem","position":2,"name":"Instagram-Feed"}]},{"@type":"WebSite","@id":"https:\/\/juvigo.de\/magazin\/#website","url":"https:\/\/juvigo.de\/magazin\/","name":"Magazin","description":"Informationen zu Feriencamps, Jugendreisen und Sprachreisen","publisher":{"@id":"https:\/\/juvigo.de\/magazin\/#organization"},"potentialAction":[{"@type":"SearchAction","target":{"@type":"EntryPoint","urlTemplate":"https:\/\/juvigo.de\/magazin\/?s={search_term_string}"},"query-input":{"@type":"PropertyValueSpecification","valueRequired":true,"valueName":"search_term_string"}}],"inLanguage":"de"},{"@type":"Organization","@id":"https:\/\/juvigo.de\/magazin\/#organization","name":"Juvigo GmbH","url":"https:\/\/juvigo.de\/magazin\/","logo":{"@type":"ImageObject","inLanguage":"de","@id":"https:\/\/juvigo.de\/magazin\/#\/schema\/logo\/image\/","url":"https:\/\/juvigo.de\/magazin\/wp-content\/uploads\/2019\/12\/juvigo_logo_dark_transparentsun_magazin_quicksand1-1.png","contentUrl":"https:\/\/juvigo.de\/magazin\/wp-content\/uploads\/2019\/12\/juvigo_logo_dark_transparentsun_magazin_quicksand1-1.png","width":370,"height":155,"caption":"Juvigo GmbH"},"image":{"@id":"https:\/\/juvigo.de\/magazin\/#\/schema\/logo\/image\/"},"sameAs":["https:\/\/de-de.facebook.com\/meinjuvigo","https:\/\/x.com\/meinjuvigo","http:\/\/instagram.com\/juvigo_de\/"]}]}},"wps_subtitle":"","coauthors":[],"author_meta":{"author_link":"https:\/\/juvigo.de\/magazin\/author\/moritz\/","display_name":"Moritz"},"relative_dates":{"created":"Posted 4\u00a0Jahren ago","modified":"Updated 3\u00a0Jahren ago"},"absolute_dates":{"created":"Posted on 08.12.2021","modified":"Updated on 09.11.2022"},"absolute_dates_time":{"created":"Posted on 08.12.2021 10:43","modified":"Updated on 09.11.2022 16:35"},"featured_img_caption":"","featured_img":"https:\/\/juvigo.de\/magazin\/wp-content\/uploads\/2021\/12\/instagram-blue_magazin.jpg","series_order":"","_links":{"self":[{"href":"https:\/\/juvigo.de\/magazin\/wp-json\/wp\/v2\/pages\/7437","targetHints":{"allow":["GET"]}}],"collection":[{"href":"https:\/\/juvigo.de\/magazin\/wp-json\/wp\/v2\/pages"}],"about":[{"href":"https:\/\/juvigo.de\/magazin\/wp-json\/wp\/v2\/types\/page"}],"author":[{"embeddable":true,"href":"https:\/\/juvigo.de\/magazin\/wp-json\/wp\/v2\/users\/22"}],"replies":[{"embeddable":true,"href":"https:\/\/juvigo.de\/magazin\/wp-json\/wp\/v2\/comments?post=7437"}],"version-history":[{"count":24,"href":"https:\/\/juvigo.de\/magazin\/wp-json\/wp\/v2\/pages\/7437\/revisions"}],"predecessor-version":[{"id":8232,"href":"https:\/\/juvigo.de\/magazin\/wp-json\/wp\/v2\/pages\/7437\/revisions\/8232"}],"wp:featuredmedia":[{"embeddable":true,"href":"https:\/\/juvigo.de\/magazin\/wp-json\/wp\/v2\/media\/7444"}],"wp:attachment":[{"href":"https:\/\/juvigo.de\/magazin\/wp-json\/wp\/v2\/media?parent=7437"}],"wp:term":[{"taxonomy":"category","embeddable":true,"href":"https:\/\/juvigo.de\/magazin\/wp-json\/wp\/v2\/categories?post=7437"},{"taxonomy":"post_tag","embeddable":true,"href":"https:\/\/juvigo.de\/magazin\/wp-json\/wp\/v2\/tags?post=7437"}],"curies":[{"name":"wp","href":"https:\/\/api.w.org\/{rel}","templated":true}]}}