{"id":7970,"date":"2022-04-13T11:39:47","date_gmt":"2022-04-13T09:39:47","guid":{"rendered":"https:\/\/juvigo.de\/magazin\/?page_id=7970"},"modified":"2025-12-11T13:59:12","modified_gmt":"2025-12-11T12:59:12","slug":"pressekontakt","status":"publish","type":"page","link":"https:\/\/juvigo.de\/magazin\/pressekontakt\/","title":{"rendered":"Pressekontakt"},"content":{"rendered":"\n<div style=\"height:50px\" aria-hidden=\"true\" class=\"wp-block-spacer\"><\/div>\n\n\n\n<div class=\"wp-block-columns is-layout-flex wp-container-core-columns-is-layout-1 wp-block-columns-is-layout-flex\">\n<div class=\"wp-block-column is-layout-flow wp-block-column-is-layout-flow\" style=\"flex-basis:33.33%\"><div class=\"wp-block-image is-style-rounded\">\n<figure class=\"aligncenter size-full\"><img decoding=\"async\" width=\"1280\" height=\"720\" data-src=\"https:\/\/juvigo.de\/magazin\/wp-content\/uploads\/2024\/06\/juvigo.jpg\" alt=\"\" class=\"wp-image-10347 lazyload\" data-srcset=\"https:\/\/juvigo.de\/magazin\/wp-content\/uploads\/2024\/06\/juvigo.jpg 1280w, https:\/\/juvigo.de\/magazin\/wp-content\/uploads\/2024\/06\/juvigo-300x169.jpg 300w, https:\/\/juvigo.de\/magazin\/wp-content\/uploads\/2024\/06\/juvigo-1024x576.jpg 1024w, https:\/\/juvigo.de\/magazin\/wp-content\/uploads\/2024\/06\/juvigo-768x432.jpg 768w, https:\/\/juvigo.de\/magazin\/wp-content\/uploads\/2024\/06\/juvigo-600x338.jpg 600w, https:\/\/juvigo.de\/magazin\/wp-content\/uploads\/2024\/06\/juvigo-800x450.jpg 800w, https:\/\/juvigo.de\/magazin\/wp-content\/uploads\/2024\/06\/juvigo-1200x675.jpg 1200w, https:\/\/juvigo.de\/magazin\/wp-content\/uploads\/2024\/06\/juvigo-585x330.jpg 585w, https:\/\/juvigo.de\/magazin\/wp-content\/uploads\/2024\/06\/juvigo-385x217.jpg 385w, https:\/\/juvigo.de\/magazin\/wp-content\/uploads\/2024\/06\/juvigo-380x214.jpg 380w, https:\/\/juvigo.de\/magazin\/wp-content\/uploads\/2024\/06\/juvigo-247x139.jpg 247w, https:\/\/juvigo.de\/magazin\/wp-content\/uploads\/2024\/06\/juvigo-278x157.jpg 278w, https:\/\/juvigo.de\/magazin\/wp-content\/uploads\/2024\/06\/juvigo-178x101.jpg 178w\" data-sizes=\"(max-width: 1280px) 100vw, 1280px\" src=\"data:image\/gif;base64,R0lGODlhAQABAAAAACH5BAEKAAEALAAAAAABAAEAAAICTAEAOw==\" style=\"--smush-placeholder-width: 1280px; --smush-placeholder-aspect-ratio: 1280\/720;\" \/><\/figure><\/div><\/div>\n\n\n\n<div class=\"wp-block-column is-layout-flow wp-block-column-is-layout-flow\" style=\"flex-basis:66.66%\">\n<p>Sie recherchieren gerade zu Themen rund um Kinder- und Jugendreisen oder die Entwicklung des Reiseverhaltens junger Zielgruppen? Als europaweit t\u00e4tiger Spezialist f\u00fcr Feriencamps, Jugendreisen und Sprachreisen stellen wir Ihnen gerne unser Expertenwissen sowie aktuelles Material zur Verf\u00fcgung.<\/p>\n\n\n\n<p class=\"has-text-align-left\">F\u00fcr Presseanfragen, Interviews oder Hintergrundinformationen steht Ihnen unser Juvigo PR-Team jederzeit gerne zur Verf\u00fcgung. Entweder telefonisch unter <a href=\"tel:030868001063\">(030) 86 800 10 61<\/a> oder per E-Mail an\u00a0<a href=\"mailto:presse@juvigo.de\" target=\"_blank\" rel=\"noreferrer noopener\">presse@juvigo.de<\/a>.<\/p>\n<\/div>\n<\/div>\n\n\n\n<h2 class=\"wp-block-heading\">Pressekit<\/h2>\n\n\n\n<p>Hier k\u00f6nnen Sie das Juvigo-Pressekit inklusive aller wichtigen Fakten zum Unternehmen sowie weiteren themenrelevanten Bildern und Juvigo-Logos herunterladen.<\/p>\n\n\n\n<div class=\"wp-block-buttons is-layout-flex wp-block-buttons-is-layout-flex\">\n<div class=\"wp-block-button\"><a class=\"wp-block-button__link wp-element-button\" href=\"https:\/\/juvigo.de\/magazin\/wp-content\/uploads\/Pressekit_DE_Juvigo.zip\">Juvigo Pressekit (31,1 MB)<\/a><\/div>\n<\/div>\n\n\n\n<p><\/p>\n","protected":false},"excerpt":{"rendered":"<p>Sie recherchieren gerade zu Themen rund um Kinder- und Jugendreisen oder die Entwicklung des Reiseverhaltens junger Zielgruppen? Als europaweit t\u00e4tiger Spezialist f\u00fcr Feriencamps, Jugendreisen und Sprachreisen stellen wir Ihnen gerne unser Expertenwissen sowie aktuelles Material zur Verf\u00fcgung. F\u00fcr Presseanfragen, Interviews oder Hintergrundinformationen steht Ihnen unser Juvigo PR-Team jederzeit gerne zur Verf\u00fcgung. Entweder telefonisch unter (030) [&hellip;]<\/p>\n","protected":false},"author":3,"featured_media":0,"parent":0,"menu_order":0,"comment_status":"closed","ping_status":"closed","template":"","meta":{"advgb_blocks_editor_width":"","advgb_blocks_columns_visual_guide":"","footnotes":"","_links_to":"","_links_to_target":""},"categories":[],"tags":[],"class_list":["post-7970","page","type-page","status-publish","hentry"],"yoast_head":"<!-- This site is optimized with the Yoast SEO plugin v24.8.1 - https:\/\/yoast.com\/wordpress\/plugins\/seo\/ -->\n<title>Pressekontakt - Juvigo Magazin<\/title>\n<meta name=\"robots\" content=\"noindex, follow\" \/>\n<meta property=\"og:locale\" content=\"de_DE\" \/>\n<meta property=\"og:type\" content=\"article\" \/>\n<meta property=\"og:title\" content=\"Pressekontakt - Juvigo Magazin\" \/>\n<meta property=\"og:description\" content=\"Sie recherchieren gerade zu Themen rund um Kinder- und Jugendreisen oder die Entwicklung des Reiseverhaltens junger Zielgruppen? Als europaweit t\u00e4tiger Spezialist f\u00fcr Feriencamps, Jugendreisen und Sprachreisen stellen wir Ihnen gerne unser Expertenwissen sowie aktuelles Material zur Verf\u00fcgung. F\u00fcr Presseanfragen, Interviews oder Hintergrundinformationen steht Ihnen unser Juvigo PR-Team jederzeit gerne zur Verf\u00fcgung. Entweder telefonisch unter (030) [&hellip;]\" \/>\n<meta property=\"og:url\" content=\"https:\/\/juvigo.de\/magazin\/pressekontakt\/\" \/>\n<meta property=\"og:site_name\" content=\"Magazin\" \/>\n<meta property=\"article:publisher\" content=\"https:\/\/de-de.facebook.com\/meinjuvigo\" \/>\n<meta property=\"article:modified_time\" content=\"2025-12-11T12:59:12+00:00\" \/>\n<meta property=\"og:image\" content=\"https:\/\/juvigo.de\/magazin\/wp-content\/uploads\/2024\/06\/juvigo.jpg\" \/>\n\t<meta property=\"og:image:width\" content=\"1280\" \/>\n\t<meta property=\"og:image:height\" content=\"720\" \/>\n\t<meta property=\"og:image:type\" content=\"image\/jpeg\" \/>\n<meta name=\"twitter:card\" content=\"summary_large_image\" \/>\n<meta name=\"twitter:site\" content=\"@meinjuvigo\" \/>\n<meta name=\"twitter:label1\" content=\"Gesch\u00e4tzte Lesezeit\" \/>\n\t<meta name=\"twitter:data1\" content=\"1\u00a0Minute\" \/>\n<script type=\"application\/ld+json\" class=\"yoast-schema-graph\">{\"@context\":\"https:\/\/schema.org\",\"@graph\":[{\"@type\":\"WebPage\",\"@id\":\"https:\/\/juvigo.de\/magazin\/pressekontakt\/\",\"url\":\"https:\/\/juvigo.de\/magazin\/pressekontakt\/\",\"name\":\"Pressekontakt - Juvigo Magazin\",\"isPartOf\":{\"@id\":\"https:\/\/juvigo.de\/magazin\/#website\"},\"primaryImageOfPage\":{\"@id\":\"https:\/\/juvigo.de\/magazin\/pressekontakt\/#primaryimage\"},\"image\":{\"@id\":\"https:\/\/juvigo.de\/magazin\/pressekontakt\/#primaryimage\"},\"thumbnailUrl\":\"https:\/\/juvigo.de\/magazin\/wp-content\/uploads\/2024\/06\/juvigo.jpg\",\"datePublished\":\"2022-04-13T09:39:47+00:00\",\"dateModified\":\"2025-12-11T12:59:12+00:00\",\"breadcrumb\":{\"@id\":\"https:\/\/juvigo.de\/magazin\/pressekontakt\/#breadcrumb\"},\"inLanguage\":\"de\",\"potentialAction\":[{\"@type\":\"ReadAction\",\"target\":[\"https:\/\/juvigo.de\/magazin\/pressekontakt\/\"]}]},{\"@type\":\"ImageObject\",\"inLanguage\":\"de\",\"@id\":\"https:\/\/juvigo.de\/magazin\/pressekontakt\/#primaryimage\",\"url\":\"https:\/\/juvigo.de\/magazin\/wp-content\/uploads\/2024\/06\/juvigo.jpg\",\"contentUrl\":\"https:\/\/juvigo.de\/magazin\/wp-content\/uploads\/2024\/06\/juvigo.jpg\",\"width\":1280,\"height\":720},{\"@type\":\"BreadcrumbList\",\"@id\":\"https:\/\/juvigo.de\/magazin\/pressekontakt\/#breadcrumb\",\"itemListElement\":[{\"@type\":\"ListItem\",\"position\":1,\"name\":\"Juvigo-Magazin\",\"item\":\"https:\/\/juvigo.de\/magazin\/\"},{\"@type\":\"ListItem\",\"position\":2,\"name\":\"Pressekontakt\"}]},{\"@type\":\"WebSite\",\"@id\":\"https:\/\/juvigo.de\/magazin\/#website\",\"url\":\"https:\/\/juvigo.de\/magazin\/\",\"name\":\"Magazin\",\"description\":\"Informationen zu Feriencamps, Jugendreisen und Sprachreisen\",\"publisher\":{\"@id\":\"https:\/\/juvigo.de\/magazin\/#organization\"},\"potentialAction\":[{\"@type\":\"SearchAction\",\"target\":{\"@type\":\"EntryPoint\",\"urlTemplate\":\"https:\/\/juvigo.de\/magazin\/?s={search_term_string}\"},\"query-input\":{\"@type\":\"PropertyValueSpecification\",\"valueRequired\":true,\"valueName\":\"search_term_string\"}}],\"inLanguage\":\"de\"},{\"@type\":\"Organization\",\"@id\":\"https:\/\/juvigo.de\/magazin\/#organization\",\"name\":\"Juvigo GmbH\",\"url\":\"https:\/\/juvigo.de\/magazin\/\",\"logo\":{\"@type\":\"ImageObject\",\"inLanguage\":\"de\",\"@id\":\"https:\/\/juvigo.de\/magazin\/#\/schema\/logo\/image\/\",\"url\":\"https:\/\/juvigo.de\/magazin\/wp-content\/uploads\/2019\/12\/juvigo_logo_dark_transparentsun_magazin_quicksand1-1.png\",\"contentUrl\":\"https:\/\/juvigo.de\/magazin\/wp-content\/uploads\/2019\/12\/juvigo_logo_dark_transparentsun_magazin_quicksand1-1.png\",\"width\":370,\"height\":155,\"caption\":\"Juvigo GmbH\"},\"image\":{\"@id\":\"https:\/\/juvigo.de\/magazin\/#\/schema\/logo\/image\/\"},\"sameAs\":[\"https:\/\/de-de.facebook.com\/meinjuvigo\",\"https:\/\/x.com\/meinjuvigo\",\"http:\/\/instagram.com\/juvigo_de\/\"]}]}<\/script>\n<!-- \/ Yoast SEO plugin. -->","yoast_head_json":{"title":"Pressekontakt - Juvigo Magazin","robots":{"index":"noindex","follow":"follow"},"og_locale":"de_DE","og_type":"article","og_title":"Pressekontakt - Juvigo Magazin","og_description":"Sie recherchieren gerade zu Themen rund um Kinder- und Jugendreisen oder die Entwicklung des Reiseverhaltens junger Zielgruppen? Als europaweit t\u00e4tiger Spezialist f\u00fcr Feriencamps, Jugendreisen und Sprachreisen stellen wir Ihnen gerne unser Expertenwissen sowie aktuelles Material zur Verf\u00fcgung. F\u00fcr Presseanfragen, Interviews oder Hintergrundinformationen steht Ihnen unser Juvigo PR-Team jederzeit gerne zur Verf\u00fcgung. Entweder telefonisch unter (030) [&hellip;]","og_url":"https:\/\/juvigo.de\/magazin\/pressekontakt\/","og_site_name":"Magazin","article_publisher":"https:\/\/de-de.facebook.com\/meinjuvigo","article_modified_time":"2025-12-11T12:59:12+00:00","og_image":[{"width":1280,"height":720,"url":"https:\/\/juvigo.de\/magazin\/wp-content\/uploads\/2024\/06\/juvigo.jpg","type":"image\/jpeg"}],"twitter_card":"summary_large_image","twitter_site":"@meinjuvigo","twitter_misc":{"Gesch\u00e4tzte Lesezeit":"1\u00a0Minute"},"schema":{"@context":"https:\/\/schema.org","@graph":[{"@type":"WebPage","@id":"https:\/\/juvigo.de\/magazin\/pressekontakt\/","url":"https:\/\/juvigo.de\/magazin\/pressekontakt\/","name":"Pressekontakt - Juvigo Magazin","isPartOf":{"@id":"https:\/\/juvigo.de\/magazin\/#website"},"primaryImageOfPage":{"@id":"https:\/\/juvigo.de\/magazin\/pressekontakt\/#primaryimage"},"image":{"@id":"https:\/\/juvigo.de\/magazin\/pressekontakt\/#primaryimage"},"thumbnailUrl":"https:\/\/juvigo.de\/magazin\/wp-content\/uploads\/2024\/06\/juvigo.jpg","datePublished":"2022-04-13T09:39:47+00:00","dateModified":"2025-12-11T12:59:12+00:00","breadcrumb":{"@id":"https:\/\/juvigo.de\/magazin\/pressekontakt\/#breadcrumb"},"inLanguage":"de","potentialAction":[{"@type":"ReadAction","target":["https:\/\/juvigo.de\/magazin\/pressekontakt\/"]}]},{"@type":"ImageObject","inLanguage":"de","@id":"https:\/\/juvigo.de\/magazin\/pressekontakt\/#primaryimage","url":"https:\/\/juvigo.de\/magazin\/wp-content\/uploads\/2024\/06\/juvigo.jpg","contentUrl":"https:\/\/juvigo.de\/magazin\/wp-content\/uploads\/2024\/06\/juvigo.jpg","width":1280,"height":720},{"@type":"BreadcrumbList","@id":"https:\/\/juvigo.de\/magazin\/pressekontakt\/#breadcrumb","itemListElement":[{"@type":"ListItem","position":1,"name":"Juvigo-Magazin","item":"https:\/\/juvigo.de\/magazin\/"},{"@type":"ListItem","position":2,"name":"Pressekontakt"}]},{"@type":"WebSite","@id":"https:\/\/juvigo.de\/magazin\/#website","url":"https:\/\/juvigo.de\/magazin\/","name":"Magazin","description":"Informationen zu Feriencamps, Jugendreisen und Sprachreisen","publisher":{"@id":"https:\/\/juvigo.de\/magazin\/#organization"},"potentialAction":[{"@type":"SearchAction","target":{"@type":"EntryPoint","urlTemplate":"https:\/\/juvigo.de\/magazin\/?s={search_term_string}"},"query-input":{"@type":"PropertyValueSpecification","valueRequired":true,"valueName":"search_term_string"}}],"inLanguage":"de"},{"@type":"Organization","@id":"https:\/\/juvigo.de\/magazin\/#organization","name":"Juvigo GmbH","url":"https:\/\/juvigo.de\/magazin\/","logo":{"@type":"ImageObject","inLanguage":"de","@id":"https:\/\/juvigo.de\/magazin\/#\/schema\/logo\/image\/","url":"https:\/\/juvigo.de\/magazin\/wp-content\/uploads\/2019\/12\/juvigo_logo_dark_transparentsun_magazin_quicksand1-1.png","contentUrl":"https:\/\/juvigo.de\/magazin\/wp-content\/uploads\/2019\/12\/juvigo_logo_dark_transparentsun_magazin_quicksand1-1.png","width":370,"height":155,"caption":"Juvigo GmbH"},"image":{"@id":"https:\/\/juvigo.de\/magazin\/#\/schema\/logo\/image\/"},"sameAs":["https:\/\/de-de.facebook.com\/meinjuvigo","https:\/\/x.com\/meinjuvigo","http:\/\/instagram.com\/juvigo_de\/"]}]}},"wps_subtitle":"","coauthors":[],"author_meta":{"author_link":"https:\/\/juvigo.de\/magazin\/author\/max\/","display_name":"Max"},"relative_dates":{"created":"Posted 4\u00a0Jahren ago","modified":"Updated 4\u00a0Monaten ago"},"absolute_dates":{"created":"Posted on 13.04.2022","modified":"Updated on 11.12.2025"},"absolute_dates_time":{"created":"Posted on 13.04.2022 11:39","modified":"Updated on 11.12.2025 13:59"},"featured_img_caption":"","featured_img":false,"series_order":"","_links":{"self":[{"href":"https:\/\/juvigo.de\/magazin\/wp-json\/wp\/v2\/pages\/7970","targetHints":{"allow":["GET"]}}],"collection":[{"href":"https:\/\/juvigo.de\/magazin\/wp-json\/wp\/v2\/pages"}],"about":[{"href":"https:\/\/juvigo.de\/magazin\/wp-json\/wp\/v2\/types\/page"}],"author":[{"embeddable":true,"href":"https:\/\/juvigo.de\/magazin\/wp-json\/wp\/v2\/users\/3"}],"replies":[{"embeddable":true,"href":"https:\/\/juvigo.de\/magazin\/wp-json\/wp\/v2\/comments?post=7970"}],"version-history":[{"count":18,"href":"https:\/\/juvigo.de\/magazin\/wp-json\/wp\/v2\/pages\/7970\/revisions"}],"predecessor-version":[{"id":11184,"href":"https:\/\/juvigo.de\/magazin\/wp-json\/wp\/v2\/pages\/7970\/revisions\/11184"}],"wp:attachment":[{"href":"https:\/\/juvigo.de\/magazin\/wp-json\/wp\/v2\/media?parent=7970"}],"wp:term":[{"taxonomy":"category","embeddable":true,"href":"https:\/\/juvigo.de\/magazin\/wp-json\/wp\/v2\/categories?post=7970"},{"taxonomy":"post_tag","embeddable":true,"href":"https:\/\/juvigo.de\/magazin\/wp-json\/wp\/v2\/tags?post=7970"}],"curies":[{"name":"wp","href":"https:\/\/api.w.org\/{rel}","templated":true}]}}